{"id":6251,"date":"2023-04-13T08:54:22","date_gmt":"2023-04-13T06:54:22","guid":{"rendered":"http:\/\/dev.abellaires.com\/visites\/"},"modified":"2026-04-23T10:28:56","modified_gmt":"2026-04-23T08:28:56","slug":"visitas","status":"publish","type":"page","link":"https:\/\/www.abellaires.com\/es\/visitas\/","title":{"rendered":"Apiturismo"},"content":{"rendered":"<p><div class=\"fusion-fullwidth fullwidth-box fusion-builder-row-1 fusion-flex-container has-pattern-background has-mask-background nonhundred-percent-fullwidth non-hundred-percent-height-scrolling\" style=\"--awb-border-radius-top-left:0px;--awb-border-radius-top-right:0px;--awb-border-radius-bottom-right:0px;--awb-border-radius-bottom-left:0px;--awb-padding-top:3%;--awb-padding-bottom:3%;--awb-padding-top-small:30px;--awb-padding-right-small:30px;--awb-padding-bottom-small:30px;--awb-padding-left-small:30px;--awb-margin-top:0px;--awb-margin-bottom:0px;--awb-background-color:var(--awb-color1);--awb-flex-wrap:wrap;\" ><div class=\"fusion-builder-row fusion-row fusion-flex-align-items-flex-start fusion-flex-content-wrap\" style=\"max-width:1320.8px;margin-left: calc(-4% \/ 2 );margin-right: calc(-4% \/ 2 );\"><div class=\"fusion-layout-column fusion_builder_column fusion-builder-column-0 fusion_builder_column_1_5 1_5 fusion-flex-column\" style=\"--awb-bg-size:cover;--awb-width-large:20%;--awb-margin-top-large:0px;--awb-spacing-right-large:9.6%;--awb-margin-bottom-large:0px;--awb-spacing-left-large:9.6%;--awb-width-medium:100%;--awb-order-medium:0;--awb-spacing-right-medium:1.92%;--awb-spacing-left-medium:1.92%;--awb-width-small:100%;--awb-order-small:0;--awb-spacing-right-small:1.92%;--awb-spacing-left-small:1.92%;\" data-scroll-devices=\"small-visibility,medium-visibility,large-visibility\"><div class=\"fusion-column-wrapper fusion-column-has-shadow fusion-flex-justify-content-flex-start fusion-content-layout-column\"><a name=\"apicultors\" id=\"apicultors\"><\/a><\/div><\/div><div class=\"fusion-layout-column fusion_builder_column fusion-builder-column-1 fusion_builder_column_3_5 3_5 fusion-flex-column\" style=\"--awb-bg-size:cover;--awb-width-large:60%;--awb-margin-top-large:0px;--awb-spacing-right-large:3.2%;--awb-margin-bottom-large:0px;--awb-spacing-left-large:3.2%;--awb-width-medium:100%;--awb-order-medium:0;--awb-spacing-right-medium:1.92%;--awb-spacing-left-medium:1.92%;--awb-width-small:100%;--awb-order-small:0;--awb-spacing-right-small:1.92%;--awb-spacing-left-small:1.92%;\" data-scroll-devices=\"small-visibility,medium-visibility,large-visibility\"><div class=\"fusion-column-wrapper fusion-column-has-shadow fusion-flex-justify-content-flex-start fusion-content-layout-column\"><div class=\"fusion-title title fusion-title-1 fusion-sep-none fusion-title-center fusion-title-text fusion-title-size-two\" style=\"--awb-margin-top-small:8px;--awb-margin-right-small:0px;--awb-margin-bottom-small:16px;--awb-margin-left-small:0px;\"><h2 class=\"fusion-title-heading title-heading-center fusion-responsive-typography-calculated\" style=\"font-family:var(--awb-typography1-font-family);font-weight:var(--awb-typography1-font-weight);font-style:var(--awb-typography1-font-style);margin:0;letter-spacing:var(--awb-typography1-letter-spacing);text-transform:var(--awb-typography1-text-transform);--fontSize:36;line-height:var(--awb-typography1-line-height);\">Apicultores por un d\u00eda, una experiencia de ecoturismo<\/h2><\/div><div class=\"fusion-text fusion-text-1\" style=\"--awb-content-alignment:center;\"><p style=\"text-align: center;\"><span style=\"font-weight: 400;\">Nos gustar\u00eda compartir con vosotros <strong>nuestro apasionante d\u00eda a d\u00eda como apicultores.<\/strong><\/span><\/p>\n<p style=\"text-align: center;\"><span style=\"font-weight: 400;\">Por eso os invitamos a participar en nuestras <strong>visitas a los apiarios<\/strong> situados en el Paraje Natural de l\u2019Albera (Girona). <\/span><\/p>\n<p style=\"text-align: center;\"><span style=\"font-weight: 400;\">Durante esta experiencia \u00fanica, tendr\u00e9is la oportunidad de <strong>ver de cerca c\u00f3mo trabajamos con nuestras abejas<\/strong> en este entorno natural extraordinario. <\/span><\/p>\n<p style=\"text-align: center;\"><span style=\"font-weight: 400;\">Explicaremos todos los detalles del proceso ap\u00edcola, desde la recolecci\u00f3n de la miel hasta el cuidadoso mantenimiento de las colmenas.<\/span><\/p>\n<\/div><div style=\"text-align:center;\"><a class=\"fusion-button button-flat button-xlarge button-custom fusion-button-default button-1 fusion-button-default-span fusion-button-default-type fusion-animated\" style=\"--button_accent_color:#000000;--button_border_color:#000000;--button_accent_hover_color:var(--awb-color1);--button_border_hover_color:var(--awb-color1);--button_border_width-top:1px;--button_border_width-right:1px;--button_border_width-bottom:1px;--button_border_width-left:1px;--button-border-radius-top-left:99px;--button-border-radius-top-right:99px;--button-border-radius-bottom-right:99px;--button-border-radius-bottom-left:99px;--button_gradient_top_color:rgba(255,204,6,0);--button_gradient_bottom_color:rgba(255,204,6,0);--button_gradient_top_color_hover:hsla(var(--awb-color8-h),var(--awb-color8-s),var(--awb-color8-l),calc(var(--awb-color8-a) - 8%));--button_gradient_bottom_color_hover:hsla(var(--awb-color8-h),var(--awb-color8-s),var(--awb-color8-l),calc(var(--awb-color8-a) - 8%));--button_typography-font-family:&quot;Orenga-Bold&quot;;--button_typography-font-style:normal;--button_typography-font-weight:400;\" data-animationType=\"bounceIn\" data-animationDuration=\"2.5\" data-animationOffset=\"top-into-view\" target=\"_self\" data-hover=\"text_slide_up\" href=\"\/es\/producto\/apicultores-por-un-dia\/\"><div class=\"awb-button-text-transition \"><span class=\"fusion-button-text awb-button__text awb-button__text--default\">RESERVA AHORA<\/span><span class=\"fusion-button-text awb-button__text awb-button__text--default\">RESERVA AHORA<\/span><\/div><i class=\"fa-arrow-right fas awb-button__icon awb-button__icon--default button-icon-right\" aria-hidden=\"true\"><\/i><\/a><\/div><\/div><\/div><div class=\"fusion-layout-column fusion_builder_column fusion-builder-column-2 fusion_builder_column_1_5 1_5 fusion-flex-column fusion-no-small-visibility fusion-no-medium-visibility\" style=\"--awb-bg-size:cover;--awb-width-large:20%;--awb-margin-top-large:0px;--awb-spacing-right-large:9.6%;--awb-margin-bottom-large:0px;--awb-spacing-left-large:9.6%;--awb-width-medium:100%;--awb-order-medium:0;--awb-spacing-right-medium:1.92%;--awb-spacing-left-medium:1.92%;--awb-width-small:100%;--awb-order-small:0;--awb-spacing-right-small:1.92%;--awb-spacing-left-small:1.92%;\" data-scroll-devices=\"small-visibility,medium-visibility,large-visibility\"><div class=\"fusion-column-wrapper fusion-column-has-shadow fusion-flex-justify-content-flex-start fusion-content-layout-column\"><\/div><\/div><\/div><\/div><div class=\"fusion-fullwidth fullwidth-box fusion-builder-row-2 fusion-flex-container has-pattern-background has-mask-background hundred-percent-fullwidth non-hundred-percent-height-scrolling\" style=\"--awb-border-radius-top-left:0px;--awb-border-radius-top-right:0px;--awb-border-radius-bottom-right:0px;--awb-border-radius-bottom-left:0px;--awb-padding-top:30px;--awb-padding-bottom:30px;--awb-padding-top-small:30px;--awb-padding-right-small:30px;--awb-padding-bottom-small:30px;--awb-padding-left-small:30px;--awb-background-color:var(--awb-color2);--awb-flex-wrap:wrap;\" ><div class=\"fusion-builder-row fusion-row fusion-flex-align-items-center fusion-flex-content-wrap\" style=\"width:104% !important;max-width:104% !important;margin-left: calc(-4% \/ 2 );margin-right: calc(-4% \/ 2 );\"><div class=\"fusion-layout-column fusion_builder_column fusion-builder-column-3 awb-sticky awb-sticky-large fusion_builder_column_1_2 1_2 fusion-flex-column fusion-flex-align-self-flex-start\" style=\"--awb-padding-bottom-small:0px;--awb-bg-size:cover;--awb-width-large:50%;--awb-margin-top-large:20px;--awb-spacing-right-large:3.84%;--awb-margin-bottom-large:20px;--awb-spacing-left-large:3.84%;--awb-width-medium:100%;--awb-order-medium:0;--awb-spacing-right-medium:1.92%;--awb-spacing-left-medium:1.92%;--awb-width-small:100%;--awb-order-small:0;--awb-margin-top-small:0px;--awb-spacing-right-small:1.92%;--awb-margin-bottom-small:0px;--awb-spacing-left-small:1.92%;--awb-sticky-offset:30px;\" data-scroll-devices=\"small-visibility,medium-visibility,large-visibility\"><div class=\"fusion-column-wrapper fusion-column-has-shadow fusion-flex-justify-content-flex-start fusion-content-layout-row\"><div class=\"fusion-slider-sc\"><div class=\"fusion-flexslider-loading flexslider flexslider-hover-type-none\" data-slideshow_autoplay=\"1\" data-slideshow_smooth_height=\"0\" data-slideshow_speed=\"3000\" style=\"max-width:100%;height:100%;\"><ul class=\"slides\"><li class=\"image\"><span class=\"lazyload fusion-image-hover-element hover-type-none\"><img decoding=\"async\" src=\"https:\/\/www.abellaires.com\/wp-content\/uploads\/2023\/10\/visita-1-1-847x1024.jpg\" data-orig-src=\"https:\/\/www.abellaires.com\/wp-content\/uploads\/2023\/10\/visita-1-1-847x1024.jpg\" alt=\"Apicultor per un dia\" width=\"847\" height=\"1024\" class=\"lazyload wp-image-5421\" srcset=\"data:image\/svg+xml,%3Csvg%20xmlns%3D%27http%3A%2F%2Fwww.w3.org%2F2000%2Fsvg%27%20width%3D%27847%27%20height%3D%271024%27%20viewBox%3D%270%200%20847%201024%27%3E%3Crect%20width%3D%27847%27%20height%3D%271024%27%20fill-opacity%3D%220%22%2F%3E%3C%2Fsvg%3E\" data-srcset=\"https:\/\/www.abellaires.com\/wp-content\/uploads\/2023\/10\/visita-1-1-200x242.jpg 200w, https:\/\/www.abellaires.com\/wp-content\/uploads\/2023\/10\/visita-1-1-400x484.jpg 400w, https:\/\/www.abellaires.com\/wp-content\/uploads\/2023\/10\/visita-1-1-600x725.jpg 600w, https:\/\/www.abellaires.com\/wp-content\/uploads\/2023\/10\/visita-1-1-800x967.jpg 800w, https:\/\/www.abellaires.com\/wp-content\/uploads\/2023\/10\/visita-1-1-1200x1451.jpg 1200w, https:\/\/www.abellaires.com\/wp-content\/uploads\/2023\/10\/visita-1-1.jpg 1746w\" data-sizes=\"auto\" data-orig-sizes=\"(max-width: 1024px) 100vw, (max-width: 640px) 100vw, 600px\" \/><\/span><\/li><li class=\"image\"><span class=\"lazyload fusion-image-hover-element hover-type-none\"><img decoding=\"async\" src=\"data:image\/svg+xml,%3Csvg%20xmlns%3D%27http%3A%2F%2Fwww.w3.org%2F2000%2Fsvg%27%20width%3D%27800%27%20height%3D%27800%27%20viewBox%3D%270%200%20800%20800%27%3E%3Crect%20width%3D%27800%27%20height%3D%27800%27%20fill-opacity%3D%220%22%2F%3E%3C%2Fsvg%3E\" data-orig-src=\"https:\/\/www.abellaires.com\/wp-content\/uploads\/2023\/03\/apicultura1.jpg\" alt=\"Visita apicultura\" width=\"800\" height=\"800\" class=\"lazyload wp-image-1121\" \/><\/span><\/li><li class=\"image\"><span class=\"lazyload fusion-image-hover-element hover-type-none\"><img decoding=\"async\" src=\"https:\/\/www.abellaires.com\/wp-content\/uploads\/2023\/10\/visita-2-1.jpg\" data-orig-src=\"https:\/\/www.abellaires.com\/wp-content\/uploads\/2023\/10\/visita-2-1.jpg\" alt=\"Tast de mels\" width=\"800\" height=\"800\" class=\"lazyload wp-image-5417\" srcset=\"data:image\/svg+xml,%3Csvg%20xmlns%3D%27http%3A%2F%2Fwww.w3.org%2F2000%2Fsvg%27%20width%3D%27800%27%20height%3D%27800%27%20viewBox%3D%270%200%20800%20800%27%3E%3Crect%20width%3D%27800%27%20height%3D%27800%27%20fill-opacity%3D%220%22%2F%3E%3C%2Fsvg%3E\" data-srcset=\"https:\/\/www.abellaires.com\/wp-content\/uploads\/2023\/10\/visita-2-1-200x200.jpg 200w, https:\/\/www.abellaires.com\/wp-content\/uploads\/2023\/10\/visita-2-1-400x400.jpg 400w, https:\/\/www.abellaires.com\/wp-content\/uploads\/2023\/10\/visita-2-1-600x600.jpg 600w, https:\/\/www.abellaires.com\/wp-content\/uploads\/2023\/10\/visita-2-1.jpg 800w\" data-sizes=\"auto\" data-orig-sizes=\"(max-width: 1024px) 100vw, (max-width: 640px) 100vw, 600px\" \/><\/span><\/li><\/ul><\/div><\/div><\/div><\/div><div class=\"fusion-layout-column fusion_builder_column fusion-builder-column-4 fusion_builder_column_1_2 1_2 fusion-flex-column fusion-flex-align-self-flex-start\" style=\"--awb-bg-size:cover;--awb-width-large:50%;--awb-margin-top-large:20px;--awb-spacing-right-large:7.68%;--awb-margin-bottom-large:0px;--awb-spacing-left-large:3.84%;--awb-width-medium:100%;--awb-order-medium:0;--awb-spacing-right-medium:1.92%;--awb-spacing-left-medium:1.92%;--awb-width-small:100%;--awb-order-small:0;--awb-spacing-right-small:1.92%;--awb-spacing-left-small:1.92%;\" data-scroll-devices=\"small-visibility,medium-visibility,large-visibility\"><div class=\"fusion-column-wrapper fusion-column-has-shadow fusion-flex-justify-content-center fusion-content-layout-column\"><div class=\"fusion-title title fusion-title-2 fusion-sep-none fusion-title-text fusion-title-size-two\" style=\"--awb-margin-top:20px;--awb-margin-top-small:8px;--awb-margin-right-small:0px;--awb-margin-bottom-small:16px;--awb-margin-left-small:0px;\"><h2 class=\"fusion-title-heading title-heading-left fusion-responsive-typography-calculated\" style=\"margin:0;--fontSize:36;line-height:1.2;\">Informaci\u00f3n pr\u00e1ctica<\/h2><\/div><ul style=\"--awb-size:18px;--awb-textcolor:var(--awb-color7);--awb-line-height:30.6px;--awb-icon-width:30.6px;--awb-icon-height:30.6px;--awb-icon-margin:12.6px;--awb-content-margin:43.2px;\" class=\"fusion-checklist fusion-checklist-1 fusion-checklist-default fusion-checklist-divider type-icons\"><li class=\"fusion-li-item\" style=\"\"><span class=\"icon-wrapper circle-no\"><i class=\"fusion-li-icon fa-clock fas\" aria-hidden=\"true\"><\/i><\/span><div class=\"fusion-li-item-content\">\n<p><strong>DURACI\u00d3N<\/strong>: 2,5h aprox<\/p>\n<\/div><\/li><li class=\"fusion-li-item\" style=\"\"><span class=\"icon-wrapper circle-no\"><i class=\"fusion-li-icon fa-euro-sign fas\" aria-hidden=\"true\"><\/i><\/span><div class=\"fusion-li-item-content\">\n<p><strong>PRECIOS<\/strong>: Adultos 39 \u20ac \u2014 Menores 21 \u20ac (de 5 a 14 a\u00f1os*)<br \/>\n*Los menores deber\u00e1n ir acompa\u00f1ados al menos por un adulto.<\/p>\n<\/div><\/li><li class=\"fusion-li-item\" style=\"\"><span class=\"icon-wrapper circle-no\"><i class=\"fusion-li-icon fa-calendar-alt fas\" aria-hidden=\"true\"><\/i><\/span><div class=\"fusion-li-item-content\">\n<p><strong>CU\u00c1NDO<\/strong>: Primavera y oto\u00f1o &#8211; S\u00e1bado 9:30h<\/p>\n<\/div><\/li><li class=\"fusion-li-item\" style=\"\"><span class=\"icon-wrapper circle-no\"><i class=\"fusion-li-icon fa-map-marker-alt fas\" aria-hidden=\"true\"><\/i><\/span><div class=\"fusion-li-item-content\">\n<p><strong>D\u00d3NDE<\/strong>: Garriguella, Girona<\/p>\n<\/div><\/li><li class=\"fusion-li-item\" style=\"\"><span class=\"icon-wrapper circle-no\"><i class=\"fusion-li-icon fa-users fas\" aria-hidden=\"true\"><\/i><\/span><div class=\"fusion-li-item-content\">\n<p>Si quer\u00e9is hacer una <strong>visita personalizada<\/strong> para grupos cerrados en verano, empresas (teambuilding) o escuelas (servicios educativos), contactad con <a href=\"mailto:visites@abellaires.com\">visites@abellaires.com<\/a>.<\/p>\n<\/div><\/li><\/ul><div class=\"fusion-title title fusion-title-3 fusion-sep-none fusion-title-text fusion-title-size-two\" style=\"--awb-margin-top:20px;--awb-margin-top-small:8px;--awb-margin-right-small:0px;--awb-margin-bottom-small:16px;--awb-margin-left-small:0px;\"><h2 class=\"fusion-title-heading title-heading-left fusion-responsive-typography-calculated\" style=\"margin:0;--fontSize:36;line-height:1.2;\">\u00bfC\u00f3mo es la experiencia de apiturismo?<\/h2><\/div><div class=\"fusion-text fusion-text-2\"><ul>\n<li>Nos encontramos todo el grupo en Abellaires Empordanesos para ponernos el traje de apicultor.<\/li>\n<li>Nos dirigimos <strong>al apiario<\/strong> con los coches particulares (5 minutos).<\/li>\n<li>Peque\u00f1a explicaci\u00f3n del entorno y de la flora mel\u00edfera.<\/li>\n<li><strong>Abrimos la colmena<\/strong> y vemos la diferentes tareas de cada abeja.<\/li>\n<li><strong>Observamos<\/strong> c\u00f3mo trabaja todo el conjunto de la poblaci\u00f3n de abejas dentro de la colmena.<\/li>\n<li>Todos participan con el uso del ahumador.<\/li>\n<li>Turno de preguntas y dudas.<\/li>\n<li>Breve visita al obrador y una dulce experiencia que incluye una <strong>cata de tres mieles<\/strong> procedentes de nuestra explotaci\u00f3n.<\/li>\n<li>Finalizamos la visita en nuestra tienda, donde encontrar\u00e9is una <strong>gran variedad de mieles<\/strong> y productos derivados de la colmena. Todos los visitantes disfrutar\u00e9is de un <strong>10 % de descuento<\/strong> en nuestra tienda en todas las mieles etiquetadas, siempre que se adquieran el mismo d\u00eda de la visita.<\/li>\n<\/ul>\n<\/div><div class=\"sm-text-align-center\"><a class=\"fusion-button button-flat button-xlarge button-custom fusion-button-default button-2 fusion-button-default-span fusion-button-default-type fusion-animated\" style=\"--button_accent_color:#000000;--button_border_color:#000000;--button_accent_hover_color:var(--awb-color1);--button_border_hover_color:var(--awb-color1);--button_border_width-top:1px;--button_border_width-right:1px;--button_border_width-bottom:1px;--button_border_width-left:1px;--button-border-radius-top-left:99px;--button-border-radius-top-right:99px;--button-border-radius-bottom-right:99px;--button-border-radius-bottom-left:99px;--button_gradient_top_color:rgba(255,204,6,0);--button_gradient_bottom_color:rgba(255,204,6,0);--button_gradient_top_color_hover:hsla(var(--awb-color8-h),var(--awb-color8-s),var(--awb-color8-l),calc(var(--awb-color8-a) - 8%));--button_gradient_bottom_color_hover:hsla(var(--awb-color8-h),var(--awb-color8-s),var(--awb-color8-l),calc(var(--awb-color8-a) - 8%));--button_typography-font-family:&quot;Orenga-Bold&quot;;--button_typography-font-style:normal;--button_typography-font-weight:400;\" data-animationType=\"bounceIn\" data-animationDuration=\"2.5\" data-animationOffset=\"top-into-view\" target=\"_self\" data-hover=\"text_slide_up\" href=\"\/es\/producto\/apicultores-por-un-dia\/\"><div class=\"awb-button-text-transition \"><span class=\"fusion-button-text awb-button__text awb-button__text--default\">RESERVA AHORA<\/span><span class=\"fusion-button-text awb-button__text awb-button__text--default\">RESERVA AHORA<\/span><\/div><i class=\"fa-arrow-right fas awb-button__icon awb-button__icon--default button-icon-right\" aria-hidden=\"true\"><\/i><\/a><\/div><\/div><\/div><div class=\"fusion-layout-column fusion_builder_column fusion-builder-column-5 fusion_builder_column_1_1 1_1 fusion-flex-column\" style=\"--awb-bg-size:cover;--awb-width-large:100%;--awb-margin-top-large:20px;--awb-spacing-right-large:1.92%;--awb-margin-bottom-large:20px;--awb-spacing-left-large:1.92%;--awb-width-medium:100%;--awb-order-medium:0;--awb-spacing-right-medium:1.92%;--awb-spacing-left-medium:1.92%;--awb-width-small:100%;--awb-order-small:0;--awb-spacing-right-small:1.92%;--awb-spacing-left-small:1.92%;\"><div class=\"fusion-column-wrapper fusion-column-has-shadow fusion-flex-justify-content-flex-start fusion-content-layout-column\"><\/div><\/div><\/div><\/div><\/p>\n","protected":false},"excerpt":{"rendered":"","protected":false},"author":2,"featured_media":0,"parent":0,"menu_order":0,"comment_status":"closed","ping_status":"closed","template":"100-width.php","meta":{"inline_featured_image":false,"footnotes":""},"class_list":["post-6251","page","type-page","status-publish","hentry"],"_links":{"self":[{"href":"https:\/\/www.abellaires.com\/es\/wp-json\/wp\/v2\/pages\/6251","targetHints":{"allow":["GET"]}}],"collection":[{"href":"https:\/\/www.abellaires.com\/es\/wp-json\/wp\/v2\/pages"}],"about":[{"href":"https:\/\/www.abellaires.com\/es\/wp-json\/wp\/v2\/types\/page"}],"author":[{"embeddable":true,"href":"https:\/\/www.abellaires.com\/es\/wp-json\/wp\/v2\/users\/2"}],"replies":[{"embeddable":true,"href":"https:\/\/www.abellaires.com\/es\/wp-json\/wp\/v2\/comments?post=6251"}],"version-history":[{"count":34,"href":"https:\/\/www.abellaires.com\/es\/wp-json\/wp\/v2\/pages\/6251\/revisions"}],"predecessor-version":[{"id":19329,"href":"https:\/\/www.abellaires.com\/es\/wp-json\/wp\/v2\/pages\/6251\/revisions\/19329"}],"wp:attachment":[{"href":"https:\/\/www.abellaires.com\/es\/wp-json\/wp\/v2\/media?parent=6251"}],"curies":[{"name":"wp","href":"https:\/\/api.w.org\/{rel}","templated":true}]}}