{"id":13564,"date":"2025-03-20T18:09:36","date_gmt":"2025-03-20T17:09:36","guid":{"rendered":"https:\/\/www.abellaires.com\/product\/miel-polen-propoleos\/"},"modified":"2026-02-19T23:23:00","modified_gmt":"2026-02-19T22:23:00","slug":"miel-polen-propoleos","status":"publish","type":"product","link":"https:\/\/www.abellaires.com\/es\/producto\/miel-polen-propoleos\/","title":{"rendered":"Miel cruda cremosa del Empord\u00e0 con polen y prop\u00f3leo"},"content":{"rendered":"<p style=\"text-align: justify;\">Este preparado 100% natural es una deliciosa combinaci\u00f3n que no s\u00f3lo le deliciar\u00e1 el paladar, sino que tambi\u00e9n ofrece beneficios para tu salud.<\/p>\n<p style=\"text-align: justify;\">Nuestra miel cruda no ha sido pasterizada ni sometida a procesos de filtraci\u00f3n, conservando as\u00ed todas sus propiedades nutritivas y beneficiosas para la salud.<\/p>\n<p><strong>Complemento alimenticio o en caso de:<\/strong><\/p>\n<p>Debilidad del sistema inmunitario, estados de convalecencia, afecciones respiratorias y despu\u00e9s y durante el tratamiento con antibi\u00f3ticos.<\/p>\n<p>Recomendamos conservarlo entre 5 &#8211; 18\u00ba para mantener su frescura y calidad.<\/p>\n<p><strong>Dosis recomendada:<\/strong><\/p>\n<p>Adultos &#8211; de media a 1 cucharada de caf\u00e9.<\/p>\n<p>Ni\u00f1os &#8211; Media cucharada de caf\u00e9.<\/p>\n<p class=\"p1\"><b>\u00bfCu\u00e1nto dura un tarro? (aprox.)<\/b><span class=\"s1\"> <i>(1 cucharadita de caf\u00e9 \u2248 7 g)<\/i><i><\/i><\/span><\/p>\n<ul>\n<li>\n<p class=\"p1\"><b>Tarro de 125 g<\/b><b><\/b><\/p>\n<ul>\n<li>\n<p class=\"p1\">Adultos (1 cucharadita\/d\u00eda): <span class=\"s1\"><b>~18 d\u00edas<\/b><b><\/b><\/span><\/p>\n<\/li>\n<\/ul>\n<\/li>\n<li>\n<p class=\"p1\"><b>Tarro de 250 g<\/b><b><\/b><\/p>\n<ul>\n<li>\n<p class=\"p1\">Adultos (1 cucharadita\/d\u00eda): <span class=\"s1\"><b>~36 d\u00edas<\/b><b><\/b><\/span><\/p>\n<\/li>\n<\/ul>\n<\/li>\n<\/ul>\n<p class=\"p4\">\ud83d\udc49 <span class=\"s3\"><b>Consejo para el invierno:<\/b><\/span> si la tomas a diario, los tarros <span class=\"s3\"><b>m\u00e1s grandes<\/b><\/span> salen m\u00e1s a cuenta y evitan que te quedes sin\u2026 y as\u00ed puedes <span class=\"s3\"><b>repetir la compra<\/b><\/span> para cubrir todo el invierno con tranquilidad.<\/p>\n","protected":false},"excerpt":{"rendered":"<ul>\n<li>Antimicrobiano. Antibi\u00f3tico. Antioxidante.<\/li>\n<li>Recuperador del sistema inmunitario.<\/li>\n<li>Superalimento 100% natural.<\/li>\n<li>Las tres joyas de la colmena.<\/li>\n<\/ul>\n","protected":false},"featured_media":16281,"template":"","meta":{"inline_featured_image":false},"product_brand":[],"product_cat":[552,227],"product_tag":[],"class_list":{"0":"post-13564","1":"product","2":"type-product","3":"status-publish","4":"has-post-thumbnail","6":"product_cat-miel-cruda","7":"product_cat-miel-natural","9":"first","10":"instock","11":"featured","12":"shipping-taxable","13":"purchasable","14":"product-type-variable","15":"has-default-attributes"},"booking_location":null,"booking_location_type":null,"booking_duration":null,"booking_buffer":null,"booking_cost":null,"booking_resources":null,"_links":{"self":[{"href":"https:\/\/www.abellaires.com\/es\/wp-json\/wp\/v2\/product\/13564","targetHints":{"allow":["GET"]}}],"collection":[{"href":"https:\/\/www.abellaires.com\/es\/wp-json\/wp\/v2\/product"}],"about":[{"href":"https:\/\/www.abellaires.com\/es\/wp-json\/wp\/v2\/types\/product"}],"wp:featuredmedia":[{"embeddable":true,"href":"https:\/\/www.abellaires.com\/es\/wp-json\/wp\/v2\/media\/16281"}],"wp:attachment":[{"href":"https:\/\/www.abellaires.com\/es\/wp-json\/wp\/v2\/media?parent=13564"}],"wp:term":[{"taxonomy":"product_brand","embeddable":true,"href":"https:\/\/www.abellaires.com\/es\/wp-json\/wp\/v2\/product_brand?post=13564"},{"taxonomy":"product_cat","embeddable":true,"href":"https:\/\/www.abellaires.com\/es\/wp-json\/wp\/v2\/product_cat?post=13564"},{"taxonomy":"product_tag","embeddable":true,"href":"https:\/\/www.abellaires.com\/es\/wp-json\/wp\/v2\/product_tag?post=13564"}],"curies":[{"name":"wp","href":"https:\/\/api.w.org\/{rel}","templated":true}]}}