{"id":13573,"date":"2025-03-20T18:10:47","date_gmt":"2025-03-20T17:10:47","guid":{"rendered":"https:\/\/www.abellaires.com\/product\/miel-crema-canela-125g\/"},"modified":"2026-01-29T11:38:17","modified_gmt":"2026-01-29T10:38:17","slug":"miel-crema-canela-125g","status":"publish","type":"product","link":"https:\/\/www.abellaires.com\/es\/producto\/miel-crema-canela-125g\/","title":{"rendered":"Miel cruda cremosa del Empord\u00e0 con canela 125g"},"content":{"rendered":"<p>\u00a1Descubre nuestra exquisita miel cruda de flores con canela ecol\u00f3gica certificada! Este producto <strong>100% natural<\/strong> es una <strong>deliciosa combinaci\u00f3n<\/strong> que no s\u00f3lo deleita a tu paladar, sino que tambi\u00e9n ofrece <strong>beneficios para tu salud<\/strong>.<\/p>\n<p>Nuestra miel cruda no ha sido pasterizada ni sometida a procesos de filtraci\u00f3n, conservando as\u00ed todas sus propiedades nutritivas y beneficiosas para la salud. La canela ecol\u00f3gica certificada aporta un toque especial, potenciando las propiedades de esta mezcla \u00fanica.<\/p>\n<p>Esta miel tiene <strong>propiedades antimicrobianas<\/strong> y un <strong>alto valor nutritivo<\/strong>. Conoce los m\u00faltiples beneficios de la canela, la cultura popular dice ser un t\u00f3nico del aparato digestivo, antioxidante, antibi\u00f3tico, protege la flora intestinal, amigo del sistema respiratorio y ayuda al sistema nervioso.<\/p>\n<p>En caso de tratamiento anticoagulante, hipogluc\u00e9mico, llagas estomacales o intestinales o de una intervenci\u00f3n quir\u00fargica, consulte al m\u00e9dico antes de tomar canela.<\/p>\n<p>Conservar entre 5 y 18\u00b0C para mantener su frescura y calidad.<\/p>\n<p><strong>Dosis recomendada:<\/strong><\/p>\n<p>Digestivo: de 1\/2 a 1 cucharadita caf\u00e9 antes de las comidas.<\/p>\n","protected":false},"excerpt":{"rendered":"<p class=\"p1\">Miel cruda con canela ecol\u00f3gica, estimulante de alta calidad. Antimicrobiana, antioxidante y antibi\u00f3tica. 100% natural y beneficiosa para la salud.<\/p>\n","protected":false},"featured_media":16270,"template":"","meta":{"inline_featured_image":false},"product_brand":[],"product_cat":[552,227],"product_tag":[],"class_list":{"0":"post-13573","1":"product","2":"type-product","3":"status-publish","4":"has-post-thumbnail","6":"product_cat-miel-cruda","7":"product_cat-miel-natural","9":"first","10":"instock","11":"featured","12":"shipping-taxable","13":"purchasable","14":"product-type-simple"},"booking_location":null,"booking_location_type":null,"booking_duration":null,"booking_buffer":null,"booking_cost":null,"booking_resources":null,"_links":{"self":[{"href":"https:\/\/www.abellaires.com\/es\/wp-json\/wp\/v2\/product\/13573","targetHints":{"allow":["GET"]}}],"collection":[{"href":"https:\/\/www.abellaires.com\/es\/wp-json\/wp\/v2\/product"}],"about":[{"href":"https:\/\/www.abellaires.com\/es\/wp-json\/wp\/v2\/types\/product"}],"wp:featuredmedia":[{"embeddable":true,"href":"https:\/\/www.abellaires.com\/es\/wp-json\/wp\/v2\/media\/16270"}],"wp:attachment":[{"href":"https:\/\/www.abellaires.com\/es\/wp-json\/wp\/v2\/media?parent=13573"}],"wp:term":[{"taxonomy":"product_brand","embeddable":true,"href":"https:\/\/www.abellaires.com\/es\/wp-json\/wp\/v2\/product_brand?post=13573"},{"taxonomy":"product_cat","embeddable":true,"href":"https:\/\/www.abellaires.com\/es\/wp-json\/wp\/v2\/product_cat?post=13573"},{"taxonomy":"product_tag","embeddable":true,"href":"https:\/\/www.abellaires.com\/es\/wp-json\/wp\/v2\/product_tag?post=13573"}],"curies":[{"name":"wp","href":"https:\/\/api.w.org\/{rel}","templated":true}]}}