{"id":13673,"date":"2025-03-20T17:27:33","date_gmt":"2025-03-20T16:27:33","guid":{"rendered":"https:\/\/www.abellaires.com\/product\/miel-de-flores\/"},"modified":"2026-02-11T21:22:26","modified_gmt":"2026-02-11T20:22:26","slug":"miel-de-flores","status":"publish","type":"product","link":"https:\/\/www.abellaires.com\/es\/producto\/miel-de-flores\/","title":{"rendered":"Miel multifloral del Alt Empord\u00e0"},"content":{"rendered":"<p>Miel multifloral del Alt Empord\u00e0. Cosecha primavera<\/p>\n<p>Miel del n\u00e9ctar de diferentes especias vegetales, seg\u00fan las floraciones. El color y el aroma pueden variar en funci\u00f3n de la flor predominante. Gusto intenso y dulce, persistente en boca.  <\/p>\n<p>Seg\u00fan la cultura popular se le atribuyen propiedades energ\u00e9ticas, ayuda a la digesti\u00f3n y es un cicatrizante de la piel.<\/p>\n<p>Esta miel puede endurecerse. Esta miel puede cristalizar con el tiempo, volvi\u00e9ndose espesa. Esto es garant\u00eda de calidad. Al ba\u00f1o mar\u00eda, sin pasar de los 40\u00ba para que no pierda las propiedades, vuelve a su estado l\u00edquido original. <\/p>\n<p><strong>PREMIO GIRONA EXCEL.LENT 2023-2024<\/strong><\/p>\n","protected":false},"excerpt":{"rendered":"<p>Cosecha primavera Miel recogida en diferentes asentamientos del Alt Empord\u00e0.  <b>Galardonada en el Concurso GIRONA EXCELENTE &#8211; Sello de Calidad Agroalimentaria 2023-2024<\/b><\/p>\n","protected":false},"featured_media":19244,"template":"","meta":{"inline_featured_image":false},"product_brand":[],"product_cat":[604,227],"product_tag":[],"class_list":{"0":"post-13673","1":"product","2":"type-product","3":"status-publish","4":"has-post-thumbnail","6":"product_cat-miel-multifloral-de-cataluna","7":"product_cat-miel-natural","9":"first","10":"instock","11":"shipping-taxable","12":"purchasable","13":"product-type-variable","14":"has-default-attributes"},"booking_location":null,"booking_location_type":null,"booking_duration":null,"booking_buffer":null,"booking_cost":null,"booking_resources":null,"_links":{"self":[{"href":"https:\/\/www.abellaires.com\/es\/wp-json\/wp\/v2\/product\/13673","targetHints":{"allow":["GET"]}}],"collection":[{"href":"https:\/\/www.abellaires.com\/es\/wp-json\/wp\/v2\/product"}],"about":[{"href":"https:\/\/www.abellaires.com\/es\/wp-json\/wp\/v2\/types\/product"}],"wp:featuredmedia":[{"embeddable":true,"href":"https:\/\/www.abellaires.com\/es\/wp-json\/wp\/v2\/media\/19244"}],"wp:attachment":[{"href":"https:\/\/www.abellaires.com\/es\/wp-json\/wp\/v2\/media?parent=13673"}],"wp:term":[{"taxonomy":"product_brand","embeddable":true,"href":"https:\/\/www.abellaires.com\/es\/wp-json\/wp\/v2\/product_brand?post=13673"},{"taxonomy":"product_cat","embeddable":true,"href":"https:\/\/www.abellaires.com\/es\/wp-json\/wp\/v2\/product_cat?post=13673"},{"taxonomy":"product_tag","embeddable":true,"href":"https:\/\/www.abellaires.com\/es\/wp-json\/wp\/v2\/product_tag?post=13673"}],"curies":[{"name":"wp","href":"https:\/\/api.w.org\/{rel}","templated":true}]}}