{"id":13697,"date":"2025-03-20T17:29:34","date_gmt":"2025-03-20T16:29:34","guid":{"rendered":"https:\/\/www.abellaires.com\/product\/miel-de-limon\/"},"modified":"2026-04-14T20:15:12","modified_gmt":"2026-04-14T18:15:12","slug":"miel-de-limon","status":"publish","type":"product","link":"https:\/\/www.abellaires.com\/es\/producto\/miel-de-limon\/","title":{"rendered":"Miel de lim\u00f3n de Catalu\u00f1a"},"content":{"rendered":"<p>Cosecha primavera<\/p>\n<p>Color blanco, aroma floral, intenso y penetrante que recuerda su origen, la flor del limonero.<\/p>\n<p>En boca es una miel muy fina y persistente, con notas \u00e1cidas.<\/p>\n<p>Conocida popularmente por sus propiedades sedantes, eficaz contra el insomnio y remineralizante de huesos y u\u00f1as.<\/p>\n<p>Esta miel puede cristalizar, volvi\u00e9ndose espesa. Esto es garant\u00eda de calidad. Al ba\u00f1o mar\u00eda, sin pasar de los 40\u00ba para que no pierda las propiedades, vuelve a su estado l\u00edquido original.<\/p>\n","protected":false},"excerpt":{"rendered":"<p>Miel de lim\u00f3n de primavera de Catalu\u00f1a. Eficaz contra el insomnio.<\/p>\n","protected":false},"featured_media":16249,"template":"","meta":{"inline_featured_image":false},"product_brand":[],"product_cat":[599,227],"product_tag":[],"class_list":{"0":"post-13697","1":"product","2":"type-product","3":"status-publish","4":"has-post-thumbnail","6":"product_cat-miel-monofloral-de-cataluna","7":"product_cat-miel-natural","9":"first","10":"instock","11":"shipping-taxable","12":"purchasable","13":"product-type-variable","14":"has-default-attributes"},"booking_location":null,"booking_location_type":null,"booking_duration":null,"booking_buffer":null,"booking_cost":null,"booking_resources":null,"_links":{"self":[{"href":"https:\/\/www.abellaires.com\/es\/wp-json\/wp\/v2\/product\/13697","targetHints":{"allow":["GET"]}}],"collection":[{"href":"https:\/\/www.abellaires.com\/es\/wp-json\/wp\/v2\/product"}],"about":[{"href":"https:\/\/www.abellaires.com\/es\/wp-json\/wp\/v2\/types\/product"}],"wp:featuredmedia":[{"embeddable":true,"href":"https:\/\/www.abellaires.com\/es\/wp-json\/wp\/v2\/media\/16249"}],"wp:attachment":[{"href":"https:\/\/www.abellaires.com\/es\/wp-json\/wp\/v2\/media?parent=13697"}],"wp:term":[{"taxonomy":"product_brand","embeddable":true,"href":"https:\/\/www.abellaires.com\/es\/wp-json\/wp\/v2\/product_brand?post=13697"},{"taxonomy":"product_cat","embeddable":true,"href":"https:\/\/www.abellaires.com\/es\/wp-json\/wp\/v2\/product_cat?post=13697"},{"taxonomy":"product_tag","embeddable":true,"href":"https:\/\/www.abellaires.com\/es\/wp-json\/wp\/v2\/product_tag?post=13697"}],"curies":[{"name":"wp","href":"https:\/\/api.w.org\/{rel}","templated":true}]}}