{"id":13709,"date":"2025-03-20T18:47:37","date_gmt":"2025-03-20T17:47:37","guid":{"rendered":"https:\/\/www.abellaires.com\/product\/miel-de-mil-flores-500g-tapon-dosificador\/"},"modified":"2025-07-02T12:05:47","modified_gmt":"2025-07-02T10:05:47","slug":"miel-de-mil-flores-500g-tapon-dosificador","status":"publish","type":"product","link":"https:\/\/www.abellaires.com\/es\/producto\/miel-de-mil-flores-500g-tapon-dosificador\/","title":{"rendered":"Miel multifloral del Alt Empord\u00e0 (tap\u00f3n dosificador)"},"content":{"rendered":"<p>Cosecha primavera<\/p>\n<p>Miel que procede del n\u00e9ctar de diferentes especies vegetales, seg\u00fan las floraciones. El color y el aroma pueden variar en funci\u00f3n de la flor predominante. Sabor intenso y dulce, persistente en boca.  <\/p>\n<p>Energ\u00e9tica, ayuda a la digesti\u00f3n, cicatrizante de la piel.<\/p>\n<p>Esta miel puede endurecerse. Esta miel puede cristalizar con el tiempo, volvi\u00e9ndose espesa. Esto es garant\u00eda de calidad. Al ba\u00f1o mar\u00eda, sin pasar de los 40\u00ba para que no pierda las propiedades, vuelve a su estado l\u00edquido original. <\/p>\n<p>500g<\/p>\n","protected":false},"excerpt":{"rendered":"<p>Miel multiforal del Alt Empord\u00e0. Sabor intenso y dulce, persistente en boca. Energ\u00e9tica, ayuda a la digesti\u00f3n, cicatrizante de la piel. 500 g<\/p>\n","protected":false},"featured_media":16453,"template":"","meta":{"inline_featured_image":false},"product_brand":[],"product_cat":[604,227],"product_tag":[],"class_list":{"0":"post-13709","1":"product","2":"type-product","3":"status-publish","4":"has-post-thumbnail","6":"product_cat-miel-multifloral-de-cataluna","7":"product_cat-miel-natural","9":"first","10":"instock","11":"shipping-taxable","12":"purchasable","13":"product-type-simple"},"booking_location":null,"booking_location_type":null,"booking_duration":null,"booking_buffer":null,"booking_cost":null,"booking_resources":null,"_links":{"self":[{"href":"https:\/\/www.abellaires.com\/es\/wp-json\/wp\/v2\/product\/13709","targetHints":{"allow":["GET"]}}],"collection":[{"href":"https:\/\/www.abellaires.com\/es\/wp-json\/wp\/v2\/product"}],"about":[{"href":"https:\/\/www.abellaires.com\/es\/wp-json\/wp\/v2\/types\/product"}],"wp:featuredmedia":[{"embeddable":true,"href":"https:\/\/www.abellaires.com\/es\/wp-json\/wp\/v2\/media\/16453"}],"wp:attachment":[{"href":"https:\/\/www.abellaires.com\/es\/wp-json\/wp\/v2\/media?parent=13709"}],"wp:term":[{"taxonomy":"product_brand","embeddable":true,"href":"https:\/\/www.abellaires.com\/es\/wp-json\/wp\/v2\/product_brand?post=13709"},{"taxonomy":"product_cat","embeddable":true,"href":"https:\/\/www.abellaires.com\/es\/wp-json\/wp\/v2\/product_cat?post=13709"},{"taxonomy":"product_tag","embeddable":true,"href":"https:\/\/www.abellaires.com\/es\/wp-json\/wp\/v2\/product_tag?post=13709"}],"curies":[{"name":"wp","href":"https:\/\/api.w.org\/{rel}","templated":true}]}}