{"id":13712,"date":"2025-03-20T17:28:44","date_gmt":"2025-03-20T16:28:44","guid":{"rendered":"https:\/\/www.abellaires.com\/product\/miel-de-montana\/"},"modified":"2026-04-14T20:15:12","modified_gmt":"2026-04-14T18:15:12","slug":"miel-de-montana","status":"publish","type":"product","link":"https:\/\/www.abellaires.com\/es\/producto\/miel-de-montana\/","title":{"rendered":"Miel de monta\u00f1a multifloral"},"content":{"rendered":"<p>Miel de monta\u00f1a multifloral. Cosecha: verano.<\/p>\n<p>Proveniente de zonas boscosas y prados de monta\u00f1a.<\/p>\n<p>Color \u00e1mbar, aroma floral que recuerda al cereal tostado, sabor intenso, dulce y persistente, con notas \u00e1cidas.<\/p>\n<p>Conocida popularmente para combatir procesos gripales, energ\u00e9tica y cicatrizante de la piel.<\/p>\n<p>Esta miel puede cristalizar, volvi\u00e9ndose espesa. Esto es garant\u00eda de calidad. Al ba\u00f1o mar\u00eda, sin pasar de los 40\u00ba para que no pierda las propiedades, vuelve a su estado l\u00edquido original.  <\/p>\n","protected":false},"excerpt":{"rendered":"<p>Miel multifloral de verano de zonas boscosas y prados de monta\u00f1a. Sabor intenso y floral con notas \u00e1cidas. Natural, energ\u00e9tica y \u00fatil contra resfriados.  <\/p>\n","protected":false},"featured_media":16384,"template":"","meta":{"inline_featured_image":false},"product_brand":[],"product_cat":[604,227],"product_tag":[],"class_list":{"0":"post-13712","1":"product","2":"type-product","3":"status-publish","4":"has-post-thumbnail","6":"product_cat-miel-multifloral-de-cataluna","7":"product_cat-miel-natural","9":"first","10":"instock","11":"shipping-taxable","12":"purchasable","13":"product-type-variable","14":"has-default-attributes"},"booking_location":null,"booking_location_type":null,"booking_duration":null,"booking_buffer":null,"booking_cost":null,"booking_resources":null,"_links":{"self":[{"href":"https:\/\/www.abellaires.com\/es\/wp-json\/wp\/v2\/product\/13712","targetHints":{"allow":["GET"]}}],"collection":[{"href":"https:\/\/www.abellaires.com\/es\/wp-json\/wp\/v2\/product"}],"about":[{"href":"https:\/\/www.abellaires.com\/es\/wp-json\/wp\/v2\/types\/product"}],"wp:featuredmedia":[{"embeddable":true,"href":"https:\/\/www.abellaires.com\/es\/wp-json\/wp\/v2\/media\/16384"}],"wp:attachment":[{"href":"https:\/\/www.abellaires.com\/es\/wp-json\/wp\/v2\/media?parent=13712"}],"wp:term":[{"taxonomy":"product_brand","embeddable":true,"href":"https:\/\/www.abellaires.com\/es\/wp-json\/wp\/v2\/product_brand?post=13712"},{"taxonomy":"product_cat","embeddable":true,"href":"https:\/\/www.abellaires.com\/es\/wp-json\/wp\/v2\/product_cat?post=13712"},{"taxonomy":"product_tag","embeddable":true,"href":"https:\/\/www.abellaires.com\/es\/wp-json\/wp\/v2\/product_tag?post=13712"}],"curies":[{"name":"wp","href":"https:\/\/api.w.org\/{rel}","templated":true}]}}