{"id":13831,"date":"2025-03-20T18:47:29","date_gmt":"2025-03-20T17:47:29","guid":{"rendered":"https:\/\/www.abellaires.com\/product\/tintura-de-propoleo-spray-gotero-30ml\/"},"modified":"2026-01-20T19:43:51","modified_gmt":"2026-01-20T18:43:51","slug":"tintura-de-propoleo-spray-gotero-30ml","status":"publish","type":"product","link":"https:\/\/www.abellaires.com\/es\/producto\/tintura-de-propoleo-spray-gotero-30ml\/","title":{"rendered":"Tintura de prop\u00f3leo 30ml \u00b7 Spray y gotas"},"content":{"rendered":"<p><b>El prop\u00f3leo son resinas procedentes de algunos arboles y arbustos que las abejas recogen y mezclan con cera para utilizar-lo en la colmena y ayudar a conservar su salud.<\/b><\/p>\n<p><strong>Ingredientes<\/strong><\/p>\n<p>30% de prop\u00f3leo recogido en nuestras colmenas y macerado en destilado de hidromiel de 70\u00ba durante 1 mes aproximadamente.<\/p>\n<p><strong>Propiedades:<\/strong><\/p>\n<p>Potente cicatrizante, antiinfamatorio, antis\u00e9ptico, antibacteriano, antioxidante, antifungicida, antiviral y estimulante del sistema inmunol\u00f3gico.<\/p>\n<p><strong>Dosis recomendada:<\/strong><\/p>\n<p>Se recomienda pulverizar 2-3 veces, tantas como sea necesario.<\/p>\n","protected":false},"excerpt":{"rendered":"<p>Tintura de prop\u00f3leo con tap\u00f3n pulverizador o tap\u00f3n gotero.<\/p>\n","protected":false},"featured_media":12052,"template":"","meta":{"inline_featured_image":false},"product_brand":[],"product_cat":[390],"product_tag":[],"class_list":{"0":"post-13831","1":"product","2":"type-product","3":"status-publish","4":"has-post-thumbnail","6":"product_cat-otros-productos-es","8":"first","9":"instock","10":"shipping-taxable","11":"purchasable","12":"product-type-simple"},"booking_location":null,"booking_location_type":null,"booking_duration":null,"booking_buffer":null,"booking_cost":null,"booking_resources":null,"_links":{"self":[{"href":"https:\/\/www.abellaires.com\/es\/wp-json\/wp\/v2\/product\/13831","targetHints":{"allow":["GET"]}}],"collection":[{"href":"https:\/\/www.abellaires.com\/es\/wp-json\/wp\/v2\/product"}],"about":[{"href":"https:\/\/www.abellaires.com\/es\/wp-json\/wp\/v2\/types\/product"}],"wp:featuredmedia":[{"embeddable":true,"href":"https:\/\/www.abellaires.com\/es\/wp-json\/wp\/v2\/media\/12052"}],"wp:attachment":[{"href":"https:\/\/www.abellaires.com\/es\/wp-json\/wp\/v2\/media?parent=13831"}],"wp:term":[{"taxonomy":"product_brand","embeddable":true,"href":"https:\/\/www.abellaires.com\/es\/wp-json\/wp\/v2\/product_brand?post=13831"},{"taxonomy":"product_cat","embeddable":true,"href":"https:\/\/www.abellaires.com\/es\/wp-json\/wp\/v2\/product_cat?post=13831"},{"taxonomy":"product_tag","embeddable":true,"href":"https:\/\/www.abellaires.com\/es\/wp-json\/wp\/v2\/product_tag?post=13831"}],"curies":[{"name":"wp","href":"https:\/\/api.w.org\/{rel}","templated":true}]}}