{"id":13835,"date":"2025-03-20T20:09:32","date_gmt":"2025-03-20T19:09:32","guid":{"rendered":"https:\/\/www.abellaires.com\/product\/miel-cremosa-con-curcuma\/"},"modified":"2026-02-19T21:44:16","modified_gmt":"2026-02-19T20:44:16","slug":"miel-cremosa-con-curcuma","status":"publish","type":"product","link":"https:\/\/www.abellaires.com\/es\/producto\/miel-cremosa-con-curcuma\/","title":{"rendered":"Miel cruda cremosa del Empord\u00e0 con c\u00farcuma"},"content":{"rendered":"<p>\u00a1Descubre nuestra exquisita miel cruda de flores con c\u00farcuma ecol\u00f3gica certificada! Este producto 100% natural es una deliciosa combinaci\u00f3n que no s\u00f3lo deleita a tu paladar, sino que tambi\u00e9n ofrece beneficios para tu salud. <\/p>\n<p>Nuestra miel cruda no ha sido pasterizada ni sometida a procesos de filtraci\u00f3n, conservando as\u00ed todas sus propiedades nutritivas y beneficiosas para la salud. La c\u00farcuma ecol\u00f3gica certificada aporta un toque especial potenciando las propiedades de esta mezcla \u00fanica.<\/p>\n<p>Esta miel tiene propiedades antimicrobianas y un alto valor nutritivo. Conoce los m\u00faltiples beneficios de la c\u00farcuma, desde su poder antioxidante y antiinflamatorio hasta su capacidad para fortalecer el sistema inmunitario y favorecer la digesti\u00f3n. <\/p>\n<p>Si est\u00e1s bajo tratamiento anticoagulante, tienes piedras en la ves\u00edcula biliar, est\u00e1s embarazada o te vas a someter a una intervenci\u00f3n quir\u00fargica, te recomendamos consultar a tu m\u00e9dico antes de consumir c\u00farcuma.<\/p>\n<p>Conservar entre 5 y 18\u00b0C para mantener su frescura y calidad.<\/p>\n<p><strong>Dosis recomendada:<\/strong><\/p>\n<p>Antiinflamatorio: 1 cucharadita caf\u00e9 3 veces al d\u00eda.<\/p>\n<p>Digestivo: de 1\/2 a 1 cucharadita caf\u00e9 antes de las comidas.<\/p>\n","protected":false},"excerpt":{"rendered":"<p>Miel cruda cremosa multifloral con c\u00farcuma ecol\u00f3gica<\/p>\n","protected":false},"featured_media":17579,"template":"","meta":{"inline_featured_image":false},"product_brand":[],"product_cat":[552,227],"product_tag":[588],"class_list":{"0":"post-13835","1":"product","2":"type-product","3":"status-publish","4":"has-post-thumbnail","6":"product_cat-miel-cruda","7":"product_cat-miel-natural","8":"product_tag-miel-cruda-cremosa","10":"first","11":"instock","12":"featured","13":"shipping-taxable","14":"purchasable","15":"product-type-variable","16":"has-default-attributes"},"booking_location":null,"booking_location_type":null,"booking_duration":null,"booking_buffer":null,"booking_cost":null,"booking_resources":null,"_links":{"self":[{"href":"https:\/\/www.abellaires.com\/es\/wp-json\/wp\/v2\/product\/13835","targetHints":{"allow":["GET"]}}],"collection":[{"href":"https:\/\/www.abellaires.com\/es\/wp-json\/wp\/v2\/product"}],"about":[{"href":"https:\/\/www.abellaires.com\/es\/wp-json\/wp\/v2\/types\/product"}],"wp:featuredmedia":[{"embeddable":true,"href":"https:\/\/www.abellaires.com\/es\/wp-json\/wp\/v2\/media\/17579"}],"wp:attachment":[{"href":"https:\/\/www.abellaires.com\/es\/wp-json\/wp\/v2\/media?parent=13835"}],"wp:term":[{"taxonomy":"product_brand","embeddable":true,"href":"https:\/\/www.abellaires.com\/es\/wp-json\/wp\/v2\/product_brand?post=13835"},{"taxonomy":"product_cat","embeddable":true,"href":"https:\/\/www.abellaires.com\/es\/wp-json\/wp\/v2\/product_cat?post=13835"},{"taxonomy":"product_tag","embeddable":true,"href":"https:\/\/www.abellaires.com\/es\/wp-json\/wp\/v2\/product_tag?post=13835"}],"curies":[{"name":"wp","href":"https:\/\/api.w.org\/{rel}","templated":true}]}}