{"id":16138,"date":"2025-05-27T11:19:36","date_gmt":"2025-05-27T09:19:36","guid":{"rendered":"https:\/\/www.abellaires.com\/?post_type=product&#038;p=16138"},"modified":"2026-04-23T10:32:30","modified_gmt":"2026-04-23T08:32:30","slug":"miel-de-tomillo","status":"publish","type":"product","link":"https:\/\/www.abellaires.com\/es\/producto\/miel-de-tomillo\/","title":{"rendered":"Miel de tomillo de Catalu\u00f1a"},"content":{"rendered":"<p>Cosecha primavera<\/p>\n<p><strong>Aroma floral<\/strong>, persistente e inconfundible que recuerda su origen, la flor del tomillo.<\/p>\n<p>En boca es una miel dulce con un ligero toque \u00e1cido y persistente.<\/p>\n<p>Es una de las mieles monoflorales m\u00e1s valoradas por sus propiedades medicinales:<\/p>\n<ul>\n<li><strong>antis\u00e9ptica<\/strong><\/li>\n<li><strong>muy indicada para la tos, resfriados y afecciones de garganta<\/strong><\/li>\n<li><strong>estimula las funciones digestivas<\/strong><\/li>\n<li><strong>antioxidante<\/strong><\/li>\n<\/ul>\n<p>Esta miel puede cristalizar, volvi\u00e9ndose espesa. Esto es garant\u00eda de calidad. Al ba\u00f1o mar\u00eda, sin pasar de los 40\u00ba para que no pierda las propiedades, vuelve a su estado l\u00edquido original.<\/p>\n<p><strong>Premiada en el Concurso Girona Excelente, Sello de Calidad Agroalimentaria 2025-2026.<\/strong><\/p>\n","protected":false},"excerpt":{"rendered":"<p>Miel de tomillo de primavera de Catalu\u00f1a. Floral, antis\u00e9ptica, digestiva, antioxidante. <strong>Premiada en el Concurso Girona Excelente, Sello de Calidad Agroalimentaria 2025-2026.<\/strong><\/p>\n","protected":false},"featured_media":17600,"template":"","meta":{"inline_featured_image":false},"product_brand":[595],"product_cat":[599,227],"product_tag":[],"class_list":{"0":"post-16138","1":"product","2":"type-product","3":"status-publish","4":"has-post-thumbnail","6":"product_brand-abellaires-empordanesos","7":"product_cat-miel-monofloral-de-cataluna","8":"product_cat-miel-natural","10":"first","11":"instock","12":"shipping-taxable","13":"purchasable","14":"product-type-variable","15":"has-default-attributes"},"booking_location":null,"booking_location_type":null,"booking_duration":null,"booking_buffer":null,"booking_cost":null,"booking_resources":null,"_links":{"self":[{"href":"https:\/\/www.abellaires.com\/es\/wp-json\/wp\/v2\/product\/16138","targetHints":{"allow":["GET"]}}],"collection":[{"href":"https:\/\/www.abellaires.com\/es\/wp-json\/wp\/v2\/product"}],"about":[{"href":"https:\/\/www.abellaires.com\/es\/wp-json\/wp\/v2\/types\/product"}],"wp:featuredmedia":[{"embeddable":true,"href":"https:\/\/www.abellaires.com\/es\/wp-json\/wp\/v2\/media\/17600"}],"wp:attachment":[{"href":"https:\/\/www.abellaires.com\/es\/wp-json\/wp\/v2\/media?parent=16138"}],"wp:term":[{"taxonomy":"product_brand","embeddable":true,"href":"https:\/\/www.abellaires.com\/es\/wp-json\/wp\/v2\/product_brand?post=16138"},{"taxonomy":"product_cat","embeddable":true,"href":"https:\/\/www.abellaires.com\/es\/wp-json\/wp\/v2\/product_cat?post=16138"},{"taxonomy":"product_tag","embeddable":true,"href":"https:\/\/www.abellaires.com\/es\/wp-json\/wp\/v2\/product_tag?post=16138"}],"curies":[{"name":"wp","href":"https:\/\/api.w.org\/{rel}","templated":true}]}}