{"id":18698,"date":"2025-11-20T11:12:50","date_gmt":"2025-11-20T10:12:50","guid":{"rendered":"https:\/\/www.abellaires.com\/?post_type=product&#038;p=18698"},"modified":"2025-12-19T14:54:14","modified_gmt":"2025-12-19T13:54:14","slug":"tarjeta-regalo","status":"publish","type":"product","link":"https:\/\/www.abellaires.com\/es\/producto\/tarjeta-regalo\/","title":{"rendered":"Tarjeta Regalo Abellaires"},"content":{"rendered":"<p>Perfectos para quien ama la miel\u2026 o para quien todav\u00eda no sabe cu\u00e1l elegir. T\u00fa regalas el detalle y la persona decide su favorito.<\/p>\n","protected":false},"excerpt":{"rendered":"<p>Perfectos para quien ama la miel\u2026 o para quien todav\u00eda no sabe &#8230;<\/p>\n","protected":false},"featured_media":18839,"template":"","meta":{"inline_featured_image":false},"product_brand":[],"product_cat":[194],"product_tag":[],"class_list":{"0":"post-18698","1":"product","2":"type-product","3":"status-publish","4":"has-post-thumbnail","6":"product_cat-wps_wgm_giftcard","8":"first","9":"instock","10":"purchasable","11":"product-type-pw-gift-card","12":"has-default-attributes"},"booking_location":null,"booking_location_type":null,"booking_duration":null,"booking_buffer":null,"booking_cost":null,"booking_resources":null,"_links":{"self":[{"href":"https:\/\/www.abellaires.com\/es\/wp-json\/wp\/v2\/product\/18698","targetHints":{"allow":["GET"]}}],"collection":[{"href":"https:\/\/www.abellaires.com\/es\/wp-json\/wp\/v2\/product"}],"about":[{"href":"https:\/\/www.abellaires.com\/es\/wp-json\/wp\/v2\/types\/product"}],"wp:featuredmedia":[{"embeddable":true,"href":"https:\/\/www.abellaires.com\/es\/wp-json\/wp\/v2\/media\/18839"}],"wp:attachment":[{"href":"https:\/\/www.abellaires.com\/es\/wp-json\/wp\/v2\/media?parent=18698"}],"wp:term":[{"taxonomy":"product_brand","embeddable":true,"href":"https:\/\/www.abellaires.com\/es\/wp-json\/wp\/v2\/product_brand?post=18698"},{"taxonomy":"product_cat","embeddable":true,"href":"https:\/\/www.abellaires.com\/es\/wp-json\/wp\/v2\/product_cat?post=18698"},{"taxonomy":"product_tag","embeddable":true,"href":"https:\/\/www.abellaires.com\/es\/wp-json\/wp\/v2\/product_tag?post=18698"}],"curies":[{"name":"wp","href":"https:\/\/api.w.org\/{rel}","templated":true}]}}