{"id":19088,"date":"2026-03-13T12:35:23","date_gmt":"2026-03-13T11:35:23","guid":{"rendered":"https:\/\/www.abellaires.com\/?post_type=product&#038;p=19088"},"modified":"2026-03-16T15:01:38","modified_gmt":"2026-03-16T14:01:38","slug":"regalo-apiturismo","status":"publish","type":"product","link":"https:\/\/www.abellaires.com\/es\/producto\/regalo-apiturismo\/","title":{"rendered":"Tarjeta regalo \u201cApicultores para un d\u00eda\u201d"},"content":{"rendered":"<p class=\"p1\">Regala una experiencia de apiturismo en el Empord\u00e0.<\/p>\n<p class=\"p1\">La tarjeta regalo permite reservar una visita entre abejas, naturaleza y degustaci\u00f3n de mieles.<\/p>\n<p class=\"p1\"><strong>Es importante calcular el importe de la tarjeta seg\u00fan el n\u00famero de personas que participar\u00e1n en la visita.<\/strong><\/p>\n<p class=\"p1\">As\u00ed, la persona que reciba el regalo podr\u00e1 reservar su experiencia con m\u00e1s facilidad.<\/p>\n<p class=\"p1\">La fecha de la visita podr\u00e1 elegirse posteriormente en el momento de realizar la reserva.<\/p>\n","protected":false},"excerpt":{"rendered":"<p class=\"p1\">La persona que reciba la tarjeta podr\u00e1 reservar la visita y elegir la fecha que prefiera.<\/p>\n<p class=\"p1\"><strong>Adulto<\/strong>: 39 \u20ac \u2014 <strong>Ni\u00f1o<\/strong> (de 5 a 14 a\u00f1os): 21 \u20ac. Dos adultos y un ni\u00f1o: 99\u20ac.<\/p>\n","protected":false},"featured_media":19105,"template":"","meta":{"inline_featured_image":false},"product_brand":[],"product_cat":[545],"product_tag":[],"class_list":{"0":"post-19088","1":"product","2":"type-product","3":"status-publish","4":"has-post-thumbnail","6":"product_cat-tarjeta-regalo","8":"first","9":"instock","10":"purchasable","11":"product-type-pw-gift-card","12":"has-default-attributes"},"booking_location":null,"booking_location_type":null,"booking_duration":null,"booking_buffer":null,"booking_cost":null,"booking_resources":null,"_links":{"self":[{"href":"https:\/\/www.abellaires.com\/es\/wp-json\/wp\/v2\/product\/19088","targetHints":{"allow":["GET"]}}],"collection":[{"href":"https:\/\/www.abellaires.com\/es\/wp-json\/wp\/v2\/product"}],"about":[{"href":"https:\/\/www.abellaires.com\/es\/wp-json\/wp\/v2\/types\/product"}],"wp:featuredmedia":[{"embeddable":true,"href":"https:\/\/www.abellaires.com\/es\/wp-json\/wp\/v2\/media\/19105"}],"wp:attachment":[{"href":"https:\/\/www.abellaires.com\/es\/wp-json\/wp\/v2\/media?parent=19088"}],"wp:term":[{"taxonomy":"product_brand","embeddable":true,"href":"https:\/\/www.abellaires.com\/es\/wp-json\/wp\/v2\/product_brand?post=19088"},{"taxonomy":"product_cat","embeddable":true,"href":"https:\/\/www.abellaires.com\/es\/wp-json\/wp\/v2\/product_cat?post=19088"},{"taxonomy":"product_tag","embeddable":true,"href":"https:\/\/www.abellaires.com\/es\/wp-json\/wp\/v2\/product_tag?post=19088"}],"curies":[{"name":"wp","href":"https:\/\/api.w.org\/{rel}","templated":true}]}}