{"id":7281,"date":"2024-01-16T12:11:59","date_gmt":"2024-01-16T11:11:59","guid":{"rendered":"http:\/\/dev.abellaires.com\/product\/cata-de-mieles-2\/"},"modified":"2025-06-11T16:19:16","modified_gmt":"2025-06-11T14:19:16","slug":"cata-de-mieles","status":"publish","type":"product","link":"https:\/\/www.abellaires.com\/es\/producto\/cata-de-mieles\/","title":{"rendered":"Cata de mieles"},"content":{"rendered":"<div class=\"fusion-text fusion-text-2\">\n<p>A TENER EN CUENTA<\/p>\n<p style=\"text-align: left;\"><strong>Cancelaciones:<\/strong><\/p>\n<ul>\n<li style=\"text-align: left;\">La cancelaci\u00f3n de la reserva comunicada 48h antes de la visita implicar\u00e1 una penalizaci\u00f3n del 10% del total de la reserva.<\/li>\n<li style=\"text-align: left;\">La cancelaci\u00f3n de la reserva durante las 48h previas al d\u00eda de la experiencia comportar\u00e1 la p\u00e9rdida del importe total de la reserva (ten\u00e9is la opci\u00f3n de ceder vuestra reserva a terceras personas, siempre y cuando nos lo comuniqu\u00e9is previamente).<\/li>\n<\/ul>\n<\/div>\n","protected":false},"excerpt":{"rendered":"<p>\u00bfQuer\u00e9is conocer el mundo de las abejas y hacer una cata de mieles?<\/p>\n<p>En Abellaires Empordanesos os ofrecemos la oportunidad de hacer una cata guiada de las mieles m\u00e1s representativas de nuestra tienda y aprender sobre el trabajo de las abejas y su importancia.<\/p>\n","protected":false},"featured_media":10385,"template":"","meta":{"inline_featured_image":false},"product_brand":[595],"product_cat":[209,539],"product_tag":[],"class_list":{"0":"post-7281","1":"product","2":"type-product","3":"status-publish","4":"has-post-thumbnail","6":"product_brand-abellaires-empordanesos","7":"product_cat-reserva-es","8":"product_cat-visitas-es","10":"first","11":"instock","12":"virtual","13":"sold-individually","14":"purchasable","15":"product-type-booking"},"booking_location":"","booking_location_type":"","booking_duration":1,"booking_buffer":0,"booking_cost":0,"booking_resources":[],"_links":{"self":[{"href":"https:\/\/www.abellaires.com\/es\/wp-json\/wp\/v2\/product\/7281","targetHints":{"allow":["GET"]}}],"collection":[{"href":"https:\/\/www.abellaires.com\/es\/wp-json\/wp\/v2\/product"}],"about":[{"href":"https:\/\/www.abellaires.com\/es\/wp-json\/wp\/v2\/types\/product"}],"wp:featuredmedia":[{"embeddable":true,"href":"https:\/\/www.abellaires.com\/es\/wp-json\/wp\/v2\/media\/10385"}],"wp:attachment":[{"href":"https:\/\/www.abellaires.com\/es\/wp-json\/wp\/v2\/media?parent=7281"}],"wp:term":[{"taxonomy":"product_brand","embeddable":true,"href":"https:\/\/www.abellaires.com\/es\/wp-json\/wp\/v2\/product_brand?post=7281"},{"taxonomy":"product_cat","embeddable":true,"href":"https:\/\/www.abellaires.com\/es\/wp-json\/wp\/v2\/product_cat?post=7281"},{"taxonomy":"product_tag","embeddable":true,"href":"https:\/\/www.abellaires.com\/es\/wp-json\/wp\/v2\/product_tag?post=7281"}],"curies":[{"name":"wp","href":"https:\/\/api.w.org\/{rel}","templated":true}]}}