{"id":7936,"date":"2023-03-27T14:09:55","date_gmt":"2023-03-27T13:09:55","guid":{"rendered":"http:\/\/dev.abellaires.com\/avis-legal\/"},"modified":"2025-01-17T20:05:42","modified_gmt":"2025-01-17T19:05:42","slug":"avis-legal","status":"publish","type":"page","link":"https:\/\/www.abellaires.com\/fr\/avis-legal\/","title":{"rendered":"AViS L\u00c9GAL"},"content":{"rendered":"&#13;\r\n<h2>LLEI DELS SERVEIS DE LA SOCIETAT DE LA INFORMACI\u00d3 (LSSI)<\/h2>&#13;\r\n&#13;\r\n<p>SAT Abellaires Empordanesos 12 CAT, responsable du site web, d&rsquo;avant le RESPONSABLE, dispose des utilisateurs de ce document, et pr\u00e9tend remplir les obligations \u00e9tablies par la loi 34\/2002, du 11 juillet, des services de la Soci\u00e9t\u00e9 de l&rsquo;Information et du Commerce \u00c9lectronique (LSSICE), BOE N.\u00ba 166, aix\u00ed com informar tots the usuaris del lloc web sobre quines sont les conditions d&rsquo;\u00fas. Toute personne qui acc\u00e8de \u00e0 ce site Web assume le papier d&rsquo;utilisateur et est compromise par l&rsquo;observation et complimente la rigueur des dispositions qui sont \u00e9tablies, ainsi que toute autre disposition l\u00e9gale qui est appliqu\u00e9e. SAT Abellaires Empordanesos 12 CAT se r\u00e9serve le droit de modifier tout type d&rsquo;information qui peut appara\u00eetre sur le site Web, sens l&rsquo;obligation de pr\u00e9venir ou d&rsquo;assumer les utilisateurs de ces obligations, alors que la publication sur le site Web de SAT est consid\u00e9r\u00e9e comme suffisante. Abellaires Empordanesos 12 CAT.<\/p>&#13;\r\n&#13;\r\n<h3><strong>1. DADES IDENTIFICADORES<\/strong><\/h3>&#13;\r\n\r\n<ul class=\"wp-block-list\">&#13;\r\n<li>Nom du domini : <a href=\"https:\/\/www.abellaires.com\/es\/\">www.abellaires.com\/es\/<\/a><\/li>&#13;\r\n<li>Nom commercial: Abellaires Empordanesos<\/li>&#13;\r\n<li>D\u00e9nomination sociale: SAT Abellaires Empordanesos 12 CAT<\/li>&#13;\r\n<li>NIF: F17012851<\/li>&#13;\r\n<li>Domicile social C\/ Sant Sebasti\u00e0, 5 17780 Garriguella (Girona)<\/li>&#13;\r\n<li>Tel\u00e8fon: 972530193<\/li>&#13;\r\n<li>E-mail: <a href=\"mailto:info@abellaires.com\">info@abellaires.com<\/a><\/li>&#13;\r\n<\/ul>\r\n&#13;\r\n<h3><strong>2. DRETS DE PROPIETAT INTEL\u00b7LECTUAL I INDUSTRIAL<\/strong><\/h3>&#13;\r\n&#13;\r\n<p>Le site Web, incluant un titre \u00e9nonc\u00e9 mais ne limitant pas sa programmation, son \u00e9dition, sa compilation et ses modifications, \u00e9l\u00e9ments n\u00e9cessaires \u00e0 sa fonction, les descriptions, les logos, le texte et\/ou les graphiques, sont la propri\u00e9t\u00e9 du RESPONSABLE ou, si c&rsquo;est le cas, disponible de llic\u00e8ncia ou autoritzaci\u00f3 expressa par part dels auteurs. Tous les \u00e9l\u00e9ments du site Web sont consid\u00e9r\u00e9s comme prot\u00e9g\u00e9s par la normative de la propri\u00e9t\u00e9 intellectuelle et industrielle, ainsi que les inscrits dans les registres publics correspondants. Ind\u00e9pendamment de la finalit\u00e9 pour la destination concern\u00e9e, la reproduction totale ou partielle, l&rsquo;exploitation, la distribution et la commercialisation, sont requises en tout cas l&rsquo;autorisation \u00e9crite est r\u00e9serv\u00e9e \u00e0 la part du RESPONSABLE. Tout ce qui n&rsquo;est pas autoris\u00e9 est par avance consid\u00e9r\u00e9 comme un compliment aux droits de la propri\u00e9t\u00e9 intellectuelle ou industrielle de l&rsquo;auteur. Les dissenys, logotips, textes et graphiques extraterrestres au RESPONSABLE et qui peuvent appara\u00eetre sur le site Web, appartiennent \u00e0 leurs propri\u00e9taires respectifs, ils sont responsables de toute controverse possible qui pourrait \u00eatre perdue. L&rsquo;autorit\u00e9 RESPONSABLE exprime que les tiers peuvent redirigir directement avec les \u00e9l\u00e9ments concrets du site Web, et dans tous les cas, redirigir le site Web principal de<a href=\"https:\/\/www.abellaires.com\/es\/\">www.abellaires.com\/es\/<\/a>. Le RESPONSABLE reconna\u00eet en faveur de ses titulaires les correspondants des droits de propri\u00e9t\u00e9 intellectuelle et industrielle, dans le sens implicite de son seul \u00e9l\u00e9ment ou de l&rsquo;apparition sur le Web de l&rsquo;existence des droits ou de la responsabilit\u00e9 concernant ces questions, ni du soutien, des patrouilles ou des recommandations pour une partie de celui-ci. RESPONSABLE. Pour r\u00e9aliser n&rsquo;importe quel type d&rsquo;observation pour les \u00e9ventuels manquements aux droits de propri\u00e9t\u00e9 intellectuelle ou industrielle, ainsi que sur tous les aspects du site Web, vous pouvez passer par le courrier \u00e9lectronique. <a href=\"mailto:info@abellaires.com\">info@abellaires.com<\/a>.<\/p>&#13;\r\n&#13;\r\n<h3><strong>3. EXEMPCI\u00d3 DE RESPONSABILITATS<\/strong><\/h3>&#13;\r\n<p>Le RESPONSABLE est l&rsquo;exemple de tout type de responsabilit\u00e9 d\u00e9riv\u00e9e des informations publi\u00e9es sur votre site Web sans que vous ayez \u00e0 comprendre que ces informations ont \u00e9t\u00e9 manipul\u00e9es ou introduites pour un tiers \u00e0 votre partenaire ou, si vous le savez, elles sont en vigueur avec diligence. per retirar les dades o ferrent impossible l&rsquo;acc\u00e9s a ells.<\/p>&#13;\r\n<h4><strong>\u00das de Cookies<\/strong><\/h4>&#13;\r\n<p>Il se peut que ces utilisateurs Web utilisent des techniques de cookies (petites informations que le serveur envoie \u00e0 l&rsquo;ordinateur qui acc\u00e8de \u00e0 la page) pour d\u00e9terminer des fonctions qui sont consid\u00e9r\u00e9es comme imprescindibles pour le bon fonctionnement et la visualisation du Web. Les cookies sont utilis\u00e9s, dans n&rsquo;importe quel cas, \u00e0 caract\u00e8re temporel, avec la seule finalit\u00e9 de faire en sorte que la navigation soit la plus efficace, et disparaissent pour finaliser la session de l&rsquo;utilisateur. En outre, ces cookies sont fournis pour des donn\u00e9es de caract\u00e8re personnel et ne sont pas utilis\u00e9s pour m\u00e9moriser des donn\u00e9es de ce type. En utilisant des cookies, il est \u00e9galement possible que le serveur en train de chercher le Web reconnaisse le navigateur que l&rsquo;utilisateur utilise, avec la finalit\u00e9 que la navigation soit la plus simple, ce qui permet, par exemple, l&rsquo;acc\u00e8s des utilisateurs qui s&rsquo; vous vous inscrivez pr\u00e9alablement aux ann\u00e9es, aux services, aux promotions ou aux concours r\u00e9serv\u00e9s exclusivement \u00e0 tous les sens pour avoir un registraire \u00e0 chaque visite. Vous pouvez \u00e9galement l&rsquo;utiliser pour mesurer l&rsquo;audience, les param\u00e8tres de transit, contr\u00f4ler la progression et le nombre d&rsquo;entr\u00e9es, etc. Dans ces cas-l\u00e0, les cookies sont techniquesment comparables mais b\u00e9n\u00e9fiques pour l&rsquo;utilisateur. Ce site Web n&rsquo;installe pas de cookies, ce qui signifie le consentement pr\u00e9alable de l&rsquo;utilisateur. L&rsquo;utilisateur a la possibilit\u00e9 de configurer son navigateur pour \u00eatre alert\u00e9 de la r\u00e9ception de cookies et pour emp\u00eacher l&rsquo;installation de son \u00e9quipement. Si vous le souhaitez, consultez les instructions de votre navigateur pour plus d\u2019informations.<\/p>&#13;\r\n<h4><strong>Pol\u00edtica d\u2019enlla\u00e7os<\/strong><\/h4>&#13;\r\n<p>\u00c0 partir du site Web, il est possible que vous redirigiez vers des tiers de sites Web. Alors que le RESPONSABLE ne peut pas contr\u00f4ler semper les participants introduits par tiers dans leurs sites Web respectifs, il n&rsquo;assume pas le type de responsabilit\u00e9 envers les participants. Dans tous les cas, vous pourrez retirer imm\u00e9diatement tout ce qui pourrait transgresser la l\u00e9gislation nationale ou internationale, la morale ou l&rsquo;ordre public, afin de retirer imm\u00e9diatement la redirection vers ce site Web et de prendre en charge les autorit\u00e9s comp\u00e9tentes en la mati\u00e8re. Le RESPONSABLE n&rsquo;est pas responsable des informations et des messages envoy\u00e9s, du titre \u00e9nonc\u00e9 sans aucune limitation, des forums, des xats, des g\u00e9n\u00e9rateurs de blogs, des commentaires, des r\u00e9seaux sociaux ou de tout autre moyen qui permet de tiers publier des messages de mani\u00e8re ind\u00e9pendante sur la page Web. du RESPONSABLE. Cependant, en compl\u00e9ment de ce qui est \u00e9tabli aux articles 11 et 16 de la LSSICE, il dispose de la disposition de tous les utilisateurs, autorit\u00e9s et forces de s\u00e9curit\u00e9 qui collaborent de mani\u00e8re active \u00e0 la retraite ou, s&rsquo;ils \u00e9chappent, au blocage des tous les risques qui peuvent affecter ou transgresser la l\u00e9gislation nationale ou internationale, les droits de tiers ou la morale et l&rsquo;ordre public. Si l&rsquo;utilisateur consid\u00e8re que le site Web contient du mat\u00e9riel pouvant \u00eatre susceptible d&rsquo;\u00eatre class\u00e9, il devra en informer imm\u00e9diatement l&rsquo;administrateur du site Web. Ce site Web sera r\u00e9vis\u00e9 et approuv\u00e9 pour certaines fonctions correctes. En principe, vous pouvez garantir que les 365 jours de la journ\u00e9e et les 24 heures du jour fonctionneront correctement. Cependant, le RESPONSABLE ne d\u00e9cline pas la possibilit\u00e9 de produire des erreurs de programmation, ou il y a peut-\u00eatre des causes de force majeure, des catastrophes naturelles, des vagues ou des circonstances similaires qui font qu&rsquo;il est impossible d&rsquo;acc\u00e9der \u00e0 la page Web.<\/p>&#13;\r\n<h4><strong>Adreces IP<\/strong><\/h4>&#13;\r\n<p>Les serveurs du site Web peuvent d\u00e9tecter automatiquement l&rsquo;adresse IP et le nom du domaine d&rsquo;utilisation de l&rsquo;utilisateur. Une adresse IP est un num\u00e9ro attribu\u00e9 automatiquement \u00e0 un ordinateur qui est connect\u00e9 \u00e0 Internet. Toutes ces informations enregistr\u00e9es dans un outil d&rsquo;activit\u00e9 du serveur qui permet de traiter les donn\u00e9es ult\u00e9rieurement pour obtenir des mesures statistiques uniques qui permettent de conna\u00eetre le nombre d&rsquo;impressions de pages, le nombre de visites effectu\u00e9es par les serveurs Web, l&rsquo;ordre. de visites, el punt d&rsquo;acc\u00e9s, etc.<\/p>&#13;\r\n<h3><strong>4. LLEI APLICABLE I JURISDICCI\u00d3<\/strong><\/h3>&#13;\r\n<p>Pour la r\u00e9solution de toutes les controverses ou questions li\u00e9es \u00e0 ce site Web ou aux activit\u00e9s qui s&rsquo;hi duen \u00e0 terme, s&rsquo;applique \u00e0 la l\u00e9gislation espagnole, \u00e0 ce qui est d\u00e9j\u00e0 exprim\u00e9 les parties, ce qui a une comp\u00e9tence suffisante pour un la r\u00e9solution de tous les conflits d\u00e9riv\u00e9s ou li\u00e9s \u00e0 vous avec les juges et les tribunaux du domicile de l&rsquo;USUARI ou le lieu de compl\u00e9ment de l&rsquo;obligation.<\/p>&#13;\r\n","protected":false},"excerpt":{"rendered":"<p>&#13; LLEI DELS SERVEIS DE LA SOCIETAT DE LA INFORMACI\u00d3 (LSSI) &#13; &#8230;<\/p>\n","protected":false},"author":2,"featured_media":0,"parent":0,"menu_order":0,"comment_status":"closed","ping_status":"closed","template":"100-width.php","meta":{"inline_featured_image":false,"footnotes":""},"class_list":["post-7936","page","type-page","status-publish","hentry"],"_links":{"self":[{"href":"https:\/\/www.abellaires.com\/fr\/wp-json\/wp\/v2\/pages\/7936","targetHints":{"allow":["GET"]}}],"collection":[{"href":"https:\/\/www.abellaires.com\/fr\/wp-json\/wp\/v2\/pages"}],"about":[{"href":"https:\/\/www.abellaires.com\/fr\/wp-json\/wp\/v2\/types\/page"}],"author":[{"embeddable":true,"href":"https:\/\/www.abellaires.com\/fr\/wp-json\/wp\/v2\/users\/2"}],"replies":[{"embeddable":true,"href":"https:\/\/www.abellaires.com\/fr\/wp-json\/wp\/v2\/comments?post=7936"}],"version-history":[{"count":1,"href":"https:\/\/www.abellaires.com\/fr\/wp-json\/wp\/v2\/pages\/7936\/revisions"}],"predecessor-version":[{"id":10563,"href":"https:\/\/www.abellaires.com\/fr\/wp-json\/wp\/v2\/pages\/7936\/revisions\/10563"}],"wp:attachment":[{"href":"https:\/\/www.abellaires.com\/fr\/wp-json\/wp\/v2\/media?parent=7936"}],"curies":[{"name":"wp","href":"https:\/\/api.w.org\/{rel}","templated":true}]}}