{"id":7960,"date":"2023-04-17T07:18:49","date_gmt":"2023-04-17T06:18:49","guid":{"rendered":"http:\/\/dev.abellaires.com\/politique-de-cookies\/"},"modified":"2024-03-21T18:46:50","modified_gmt":"2024-03-21T17:46:50","slug":"politique-de-cookies","status":"publish","type":"page","link":"https:\/\/www.abellaires.com\/fr\/politique-de-cookies\/","title":{"rendered":"Politique de cookies"},"content":{"rendered":"&#13;\n<h2>INFORMACI\u00d3 SOBRE COOKIES<\/h2>&#13;\n&#13;\n<p>Conform\u00e9ment \u00e0 la loi 34\/2002 du 11 juillet relative aux services de la soci\u00e9t\u00e9 de l&rsquo;information et du commerce \u00e9lectronique (LSSI), en relation avec le r\u00e8glement (UE) 2016\/679 du Parlement europ\u00e9en et du Conseil du 27 avril 2016, Protection G\u00e9n\u00e9rale des Donn\u00e9es (RGPD) et Loi Organique 3\/2018 du 5 d\u00e9cembre, Protection des Donn\u00e9es et Garantie des Droits Num\u00e9riques (LOPDGDD), il est n\u00e9cessaire d&rsquo;obtenir le consentement expr\u00e8s de l&rsquo;utilisateur de toutes les pages Web qui utilisent des cookies consommables, avant de navigue \u00e0 travers eux.<\/p>&#13;\n&#13;\n<h3>QU\u00c8 S\u00d3N LES COOKIES?<\/h3>&#13;\n<p>Les cookies et autres technologies similaires, telles que les objets locaux partag\u00e9s, les cookies flash ou les pixels, sont des outils utilis\u00e9s par les serveurs Web pour stocker et r\u00e9cup\u00e9rer des informations sur leurs visiteurs, ainsi que pour offrir le bon fonctionnement du site. Gr\u00e2ce \u00e0 l&rsquo;utilisation de ces appareils, le serveur Web est autoris\u00e9 \u00e0 m\u00e9moriser certaines donn\u00e9es sur l&rsquo;utilisateur, telles que ses pr\u00e9f\u00e9rences pour visualiser les pages de ce serveur, son nom et son mot de passe, les produits qui l&rsquo;int\u00e9ressent le plus, etc.<\/p>&#13;\n<h3><strong>COOKIES AFECTADES PER LA NORMATIVA I COOKIES EXCEPTUADES<\/strong><\/h3>&#13;\n<p>Selon la directive europ\u00e9enne, les cookies qui n\u00e9cessitent le consentement \u00e9clair\u00e9 de l&rsquo;utilisateur sont les cookies analytiques et les cookies publicitaires et d&rsquo;affiliation, et ceux de nature technique et ceux n\u00e9cessaires au fonctionnement du site Web ou \u00e0 la fourniture sont express\u00e9ment exclus des services. demand\u00e9e par l&rsquo;utilisateur.<\/p>&#13;\n<h3><strong>TIPUS DE COOKIES<\/strong><\/h3>&#13;\n<h4>SEGONS LA FINALITAT<\/h4>&#13;\n\r\n<ul class=\"wp-block-list\">&#13;\n<li><strong>Cookies techniques et fonctionnels<\/strong> : ils permettent \u00e0 l&rsquo;utilisateur de naviguer sur une page web, une plateforme ou une application et d&rsquo;utiliser les diff\u00e9rentes options ou services disponibles.<\/li>&#13;\n<li><strong>Cookies d&rsquo;analyse<\/strong> : ils permettent au responsable de ceux-ci de suivre et d&rsquo;analyser le comportement des utilisateurs des sites Internet auxquels ils sont li\u00e9s. Les informations collect\u00e9es via ce type de cookies sont utilis\u00e9es pour mesurer l&rsquo;activit\u00e9 des sites Internet, applications ou plateformes et pour cr\u00e9er des profils de navigation des utilisateurs de ces sites, applications et plateformes, afin d&rsquo;introduire des am\u00e9liorations bas\u00e9es sur l&rsquo;analyse des donn\u00e9es d&rsquo;utilisation. effectu\u00e9s par les utilisateurs du service.<\/li>&#13;\n<li><strong>Cookies publicitiers<\/strong>: ce sont ceux qui permettent de g\u00e9rer, de la mani\u00e8re la plus efficace possible, les espaces publicitaires que, le cas \u00e9ch\u00e9ant, l&rsquo;\u00e9diteur a inclus dans une page web, une application ou une plateforme \u00e0 partir de laquelle il fournit le service demand\u00e9 selon des crit\u00e8res tels que le contenu \u00e9dit\u00e9 ou \u00e0 quelle fr\u00e9quence les annonces sont diffus\u00e9es.<\/li>&#13;\n<li><strong>Cookies de publicit\u00e9 comportementale<\/strong> : ils collectent des informations sur les pr\u00e9f\u00e9rences et les choix personnels de l&rsquo;utilisateur (retargeting) pour permettre de g\u00e9rer, de la mani\u00e8re la plus efficace possible, les espaces publicitaires que, le cas \u00e9ch\u00e9ant, l&rsquo;\u00e9diteur a inclus dans une page web, une application ou une plateforme \u00e0 partir de laquelle le service demand\u00e9 est fourni.<\/li>&#13;\n<li><strong>Cookies sociaux<\/strong> : Ce sont ceux qui ont \u00e9t\u00e9 install\u00e9s par les plateformes de r\u00e9seaux sociaux sur les services pour vous permettre de partager du contenu avec vos amis et vos r\u00e9seaux. Les plateformes de r\u00e9seaux sociaux ont la capacit\u00e9 de suivre votre activit\u00e9 en ligne en dehors des Services. Cela peut affecter le contenu et les messages que vous voyez sur les autres services que vous visitez.<\/li>&#13;\n<li><strong>Cookies d&rsquo;affiliation :<\/strong> permettent de suivre les visites d&rsquo;autres sites Internet, avec lesquels le site Internet \u00e9tablit un contrat d&rsquo;affiliation (soci\u00e9t\u00e9s affili\u00e9es).<\/li>&#13;\n<li><strong>Cookies de s\u00e9curit\u00e9<\/strong> : ils stockent des informations crypt\u00e9es pour \u00e9viter que les donn\u00e9es qui y sont stock\u00e9es ne soient vuln\u00e9rables \u00e0 des attaques malveillantes de tiers.<\/li>&#13;\n<\/ul>\r\n<h4>SEGONS LA PROPIETAT<\/h4>\r\n<ul>\r\n<li><strong>Cookies pr\u00f2pies<\/strong>: s\u00f3n les que s\u2019envien a l\u2019equip terminal de l\u2019usuari des d\u2019un equip o domini gestionat pel propi editor i des del qual es proporciona el servei sol\u00b7licitat per l\u2019usuari.<\/li>\r\n<li><strong>Cookies de tercers<\/strong>: s\u00f3n les que s\u2019envien a l\u2019equip terminal de l\u2019usuari des d\u2019un equip o domini que no \u00e9s gestionat per l\u2019editor, sin\u00f3 per una altra entitat que tracta les dades obtingudes mitjan\u00e7ant les cookies.<\/li>\r\n<\/ul>\r\n<h4>SEGONS EL TERMINI DE CONSERVACI\u00d3<\/h4>\r\n<ul>\r\n<li><strong>Cookies de sessi\u00f3<\/strong>: s\u00f3n un tipus de cookies dissenyades per obtenir i emmagatzemar dades mentre l\u2019usuari accedeix a una p\u00e0gina web.<\/li>\r\n<li><strong>Cookies persistents<\/strong>: s\u00f3n un tipus de cookies en qu\u00e8 les dades segueixen emmagatzemades en el terminal i poden ser accedides i tractades durant un per\u00edode definit pel responsable de la cookie, i que durar des d\u2019uns minuts a diversos anys.<\/li>\r\n<\/ul>\r\n&#13;\n<h3>TRACTAMENT DE DADES PERSONALS<\/h3>&#13;\n&#13;\n<p>SAT Abellaires Empordanesos 12 CAT ce le <strong>Responsable du traitement<\/strong> des donn\u00e9es personnelles du<strong>L&rsquo;int\u00e9ress\u00e9 vous informe que ces donn\u00e9es seront trait\u00e9es conform\u00e9ment aux dispositions du r\u00e8glement (UE) 2016\/679 du 27 avril 2016 (RGPD), c&rsquo;est pourquoi les informations de traitement suivantes sont fournies :<\/strong><\/p>&#13;\n<p><strong>Finalit\u00e9s du traitement : telles que pr\u00e9cis\u00e9es dans la section relative aux cookies utilis\u00e9s sur ce site Internet.<\/strong><\/p>&#13;\n<p><strong>L\u00e9gitimation du traitement<\/strong> : sauf dans les cas o\u00f9 il est n\u00e9cessaire \u00e0 la navigation sur le web, avec le consentement de l&rsquo;int\u00e9ress\u00e9 (art. 6.1 RGPD).<\/p>&#13;\n<p><strong>Crit\u00e8res de conservation des donn\u00e9es<\/strong> : tels que pr\u00e9cis\u00e9s dans la rubrique relative aux cookies utilis\u00e9s sur le site Internet.<\/p>&#13;\n<p><strong>Communication des donn\u00e9es : les donn\u00e9es ne seront pas communiqu\u00e9es \u00e0 des tiers, sauf dans les cookies appartenant \u00e0 des tiers ou par obligation l\u00e9gale.<\/strong><\/p>&#13;\n<p><strong>Droits de t\u00e9 l\u2019Interes\u00e9<\/strong>:<\/p>&#13;\n<p>&#8211; Droit de retirer son consentement \u00e0 tout moment.<\/p>&#13;\n<p>&#8211; Droit d&rsquo;acc\u00e8s, de rectification, de portabilit\u00e9 et de suppression de vos donn\u00e9es et limitation ou opposition \u00e0 leur traitement.<\/p>&#13;\n<p>&#8211; Le droit de d\u00e9poser une plainte aupr\u00e8s de l&rsquo;Autorit\u00e9 de Contr\u00f4le (www.aepd.es) si vous estimez que le traitement n&rsquo;est pas conforme \u00e0 la r\u00e9glementation en vigueur.<\/p>&#13;\n<p><strong>Coordonn\u00e9es pour exercer vos droits :<\/strong><\/p>&#13;\n<p>SAT Abellaires Empordanesos 12 CAT. C\/ Sant Sebasti\u00e0, 5 &#8211; 17780 Garriguella (Girona). E-mail: info@abellaires.com<\/p>&#13;\n<p>\u00a0<\/p>&#13;\n&#13;\n<h2>COOKIES UTILITZADES EN AQUEST LLOC WEB<\/h2>&#13;\n<h3>COOKIES CONTROLADES PER L\u2019EDITOR<\/h3>&#13;\n<h4>T\u00e8cniques i funcional<\/h4>&#13;\n<\/p>&#13;\n<div class=\"table-1\">&#13;\n<table width=\"100%\">&#13;\n<thead>&#13;\n<tr>&#13;\n<th style=\"text-align: center;\" align=\"left\"><strong>Propietat<\/strong><\/th>&#13;\n<th style=\"text-align: center;\" align=\"left\"><strong>Cookie<\/strong><\/th>&#13;\n<th style=\"text-align: center;\" align=\"left\"><strong>Finalitat<\/strong><\/th>&#13;\n<th style=\"text-align: center;\" align=\"left\"><strong>Pla\u00e7<\/strong><\/th>&#13;\n<\/tr>&#13;\n<\/thead>&#13;\n<tbody>&#13;\n<tr>&#13;\n<td align=\"left\">abellaires.com<\/td>&#13;\n<td align=\"left\">cmplz_bannerstatus<\/td>&#13;\n<td align=\"left\">Cookie necess\u00e0ria per a la utilitzaci\u00f3 de les opcions i serveis de la p\u00e0gina web<\/td>&#13;\n<td align=\"left\">en un any<\/td>&#13;\n<\/tr>&#13;\n<tr>&#13;\n<td align=\"left\">abellaires.com<\/td>&#13;\n<td align=\"left\">cmplz_consented _services<\/td>&#13;\n<td align=\"left\">Cookie necess\u00e0ria per a la utilitzaci\u00f3 de les opcions i serveis de la p\u00e0gina web<\/td>&#13;\n<td align=\"left\">en un any<\/td>&#13;\n<\/tr>&#13;\n<tr>&#13;\n<td align=\"left\">abellaires.com<\/td>&#13;\n<td align=\"left\">cmplz_functional<\/td>&#13;\n<td align=\"left\">Cookie necess\u00e0ria per a la utilitzaci\u00f3 de les opcions i serveis de la p\u00e0gina web<\/td>&#13;\n<td align=\"left\">en un any<\/td>&#13;\n<\/tr>&#13;\n<tr>&#13;\n<td align=\"left\">abellaires.com<\/td>&#13;\n<td align=\"left\">cmplz_marketing<\/td>&#13;\n<td align=\"left\">Cookie necess\u00e0ria per a la utilitzaci\u00f3 de les opcions i serveis de la p\u00e0gina web<\/td>&#13;\n<td align=\"left\">en un any<\/td>&#13;\n<\/tr>&#13;\n<tr>&#13;\n<td align=\"left\">abellaires.com<\/td>&#13;\n<td align=\"left\">cmplz_policy_id<\/td>&#13;\n<td align=\"left\">Cookie necess\u00e0ria per a la utilitzaci\u00f3 de les opcions i serveis de la p\u00e0gina web<\/td>&#13;\n<td align=\"left\">en un any<\/td>&#13;\n<\/tr>&#13;\n<tr>&#13;\n<td align=\"left\">abellaires.com<\/td>&#13;\n<td align=\"left\">cmplz_preferences<\/td>&#13;\n<td align=\"left\">Cookie necess\u00e0ria per a la utilitzaci\u00f3 de les opcions i serveis de la p\u00e0gina web<\/td>&#13;\n<td align=\"left\">en un any<\/td>&#13;\n<\/tr>&#13;\n<tr>&#13;\n<td align=\"left\">abellaires.com<\/td>&#13;\n<td align=\"left\">cmplz_statistics<\/td>&#13;\n<td align=\"left\">Cookie necess\u00e0ria per a la utilitzaci\u00f3 de les opcions i serveis de la p\u00e0gina web<\/td>&#13;\n<td align=\"left\">en un any<\/td>&#13;\n<\/tr>&#13;\n<tr>&#13;\n<td align=\"left\">abellaires.com<\/td>&#13;\n<td align=\"left\">PHPSESSID<\/td>&#13;\n<td align=\"left\">Cookie generada per les aplicacions basades en el llenguatge PHP. Es tracta d&rsquo;un identificador de prop\u00f2sit general usat per mantenir les variables de sessi\u00f3 d&rsquo;usuari. Normalment \u00e9s un nombre generat a l&rsquo;atzar, com s&rsquo;utilitza pot ser espec\u00edfica per al lloc, per\u00f2 un bon exemple \u00e9s el manteniment d&rsquo;una sessi\u00f3 iniciada en l&rsquo;estat d&rsquo;un usuari entre les p\u00e0gines.<\/td>&#13;\n<td align=\"left\">Sessi\u00f3<\/td>&#13;\n<\/tr>&#13;\n<tr>&#13;\n<td align=\"left\">abellaires.com<\/td>&#13;\n<td align=\"left\">PrestaShopc4a8057291a457c9 3439497550e22f79<\/td>&#13;\n<td align=\"left\">Cookie necess\u00e0ria per a la utilitzaci\u00f3 de les opcions i serveis de la p\u00e0gina web<\/td>&#13;\n<td align=\"left\">en 20 dies<\/td>&#13;\n<\/tr>&#13;\n<tr>&#13;\n<td align=\"left\">google.com<\/td>&#13;\n<td align=\"left\">_GRECAPTCHA<\/td>&#13;\n<td align=\"left\">Cookie necess\u00e0ria per a la utilitzaci\u00f3 de les opcions i serveis de la p\u00e0gina web<\/td>&#13;\n<td align=\"left\">en 6 mesos<\/td>&#13;\n<\/tr>&#13;\n<\/tbody>&#13;\n<\/table>&#13;\n<\/div>&#13;\n<p>&#13;\n<h3>COOKIES DE TERCERS<\/h3>&#13;\n<p>Les services tiers \u00e9chappent au contr\u00f4le de l&rsquo;\u00e9diteur. Les fournisseurs peuvent modifier \u00e0 tout moment leurs conditions de service, finalit\u00e9 et utilisation des cookies, etc.<\/p>&#13;\n<h4>Prove\u00efdors externs d\u2019aquest lloc web:<\/h4>&#13;\n<\/p>&#13;\n<div class=\"table-1\">&#13;\n<table width=\"100%\">&#13;\n<thead>&#13;\n<tr>&#13;\n<th style=\"text-align: center;\" align=\"left\"><strong>Editor<\/strong><\/th>&#13;\n<th style=\"text-align: center;\" align=\"left\"><strong>Pol\u00edtica de privacitat<\/strong><\/th>&#13;\n<\/tr>&#13;\n<\/thead>&#13;\n<tbody>&#13;\n<tr>&#13;\n<td align=\"left\">PHP.net<\/td>&#13;\n<td align=\"left\"><a href=\"https:\/\/www.php.net\/privacy.php\" target=\"_blank\" rel=\"noopener\">php.net\/privacy.php<\/a><\/td>&#13;\n<\/tr>&#13;\n<\/tbody>&#13;\n<\/table>&#13;\n<\/div>&#13;\n<p>&#13;\n<h3>PANELL DE CONFIGURACI\u00d3 DE COOKIES<\/h3>&#13;\n<p>Depuis ce panneau, vous pouvez configurer les cookies que le site Internet peut installer dans votre navigateur, \u00e0 l&rsquo;exception des cookies techniques ou fonctionnels n\u00e9cessaires \u00e0 la navigation et \u00e0 l&rsquo;utilisation des diff\u00e9rentes options ou services propos\u00e9s.<\/p>&#13;\n<p style=\"text-align: center;\">Panneau de cookies<\/p>&#13;\n<h3>COM GESTIONAR LES COOKIES DES DEL NAVEGADOR<\/h3>&#13;\n<\/p>&#13;\n<div class=\"table-1\">&#13;\n<table width=\"100%\">&#13;\n<tbody>&#13;\n<tr>&#13;\n<td align=\"left\"><strong>Eliminar les cookies del dispositiu<\/strong><\/td>&#13;\n<td align=\"left\">Les cookies que ja es troben en un dispositiu es poden eliminar esborrant l\u2019historial del navegador, de manera que se suprimeixen les cookies de tots els llocs web visitats. No obstant aix\u00f2, tamb\u00e9 es pot perdre part de la informaci\u00f3 desada (per exemple, les dades d\u2019inici de sessi\u00f3 o les prefer\u00e8ncies de lloc web).<\/td>&#13;\n<\/tr>&#13;\n<tr>&#13;\n<td align=\"left\"><strong>Gestionar les cookies espec\u00edfiques del lloc<\/strong><\/td>&#13;\n<td align=\"left\">Per tenir un control m\u00e9s prec\u00eds de les cookies espec\u00edfiques de cada lloc, els usuaris poden ajustar la seva configuraci\u00f3 de privacitat i cookies al navegador.<\/td>&#13;\n<\/tr>&#13;\n<tr>&#13;\n<td align=\"left\"><strong>Bloquejar les cookies<\/strong><\/td>&#13;\n<td align=\"left\">Encara que la majoria dels navegadors moderns es poden configurar per evitar que s\u2019instal\u00b7lin cookies en els dispositius, aix\u00f2 pot obligar a ajustar manualment determinades prefer\u00e8ncies cada vegada que es visiti un lloc o p\u00e0gina. A m\u00e9s, alguns serveis i caracter\u00edstiques poden no funcionar correctament (per exemple, els inicis de sessi\u00f3 amb perfil).<\/td>&#13;\n<\/tr>&#13;\n<\/tbody>&#13;\n<\/table>&#13;\n<\/div>&#13;\n<p>&#13;\n<h3>COM ELIMINAR LES COOKIES DELS NAVEGADORS M\u00c9S COMUNS<\/h3>&#13;\n<\/p>&#13;\n<div class=\"table-1\">&#13;\n<table width=\"100%\">&#13;\n<tbody>&#13;\n<tr>&#13;\n<td align=\"left\">Chrome<\/td>&#13;\n<td align=\"left\"><a href=\"https:\/\/support.google.com\/chrome\/answer\/95647?hl=es\" target=\"_blank\" rel=\"noopener\">https:\/\/support.google.com\/chrome\/answer\/95647?hl=es<\/a><\/td>&#13;\n<\/tr>&#13;\n<tr>&#13;\n<td align=\"left\">Edge<\/td>&#13;\n<td align=\"left\"><a href=\"https:\/\/support.microsoft.com\/es-es\/microsoft-edge\/eliminar-las-cookies-en-microsoft-edge-63947406-40ac-c3b8-57b9-2a946a29ae09\" target=\"_blank\" rel=\"noopener\">https:\/\/support.microsoft.com\/es-es\/microsoft-edge\/eliminar-las-cookies-en-microsoft-edge-63947406-40ac-c3b8-57b9-2a946a29ae09<\/a><\/td>&#13;\n<\/tr>&#13;\n<tr>&#13;\n<td align=\"left\">Explorer<\/td>&#13;\n<td align=\"left\"><a href=\"https:\/\/support.microsoft.com\/es-es\/topic\/c%C3%B3mo-eliminar-archivos-de-cookies-en-internet-explorer-bca9446f-d873-78de-77ba-d42645fa52fc\" target=\"_blank\" rel=\"noopener\">https:\/\/support.microsoft.com\/es-es\/topic\/c%C3%B3mo-eliminar-archivos-de-cookies-en-internet-explorer-bca9446f-d873-78de-77ba-d42645fa52fc<\/a><\/td>&#13;\n<\/tr>&#13;\n<tr>&#13;\n<td align=\"left\">Firefox<\/td>&#13;\n<td align=\"left\"><a href=\"https:\/\/www.mozilla.org\/es-ES\/privacy\/websites\/#cookies\" target=\"_blank\" rel=\"noopener\">https:\/\/www.mozilla.org\/es-ES\/privacy\/websites\/#cookies<\/a><\/td>&#13;\n<\/tr>&#13;\n<tr>&#13;\n<td align=\"left\">Safari<\/td>&#13;\n<td align=\"left\"><a href=\"https:\/\/support.apple.com\/es-es\/guide\/safari\/sfri11471\/mac\" target=\"_blank\" rel=\"noopener\">https:\/\/support.apple.com\/es-es\/guide\/safari\/sfri11471\/mac<\/a><\/td>&#13;\n<\/tr>&#13;\n<tr>&#13;\n<td align=\"left\">Opera<\/td>&#13;\n<td align=\"left\"><a href=\"https:\/\/help.opera.com\/en\/latest\/security-and-privacy\/#clearBrowsingData\" target=\"_blank\" rel=\"noopener\">https:\/\/help.opera.com\/en\/latest\/security-and-privacy\/#clearBrowsingData<\/a><\/td>&#13;\n<\/tr>&#13;\n<\/tbody>&#13;\n<\/table>&#13;\n<\/div>&#13;\n<p>&#13;\n","protected":false},"excerpt":{"rendered":"<p>&#13; INFORMACI\u00d3 SOBRE COOKIES &#13; &#13; Conform\u00e9ment \u00e0 la loi 34\/2002 du &#8230;<\/p>\n","protected":false},"author":2,"featured_media":0,"parent":0,"menu_order":0,"comment_status":"closed","ping_status":"closed","template":"100-width.php","meta":{"inline_featured_image":false,"footnotes":""},"class_list":["post-7960","page","type-page","status-publish","hentry"],"_links":{"self":[{"href":"https:\/\/www.abellaires.com\/fr\/wp-json\/wp\/v2\/pages\/7960","targetHints":{"allow":["GET"]}}],"collection":[{"href":"https:\/\/www.abellaires.com\/fr\/wp-json\/wp\/v2\/pages"}],"about":[{"href":"https:\/\/www.abellaires.com\/fr\/wp-json\/wp\/v2\/types\/page"}],"author":[{"embeddable":true,"href":"https:\/\/www.abellaires.com\/fr\/wp-json\/wp\/v2\/users\/2"}],"replies":[{"embeddable":true,"href":"https:\/\/www.abellaires.com\/fr\/wp-json\/wp\/v2\/comments?post=7960"}],"version-history":[{"count":0,"href":"https:\/\/www.abellaires.com\/fr\/wp-json\/wp\/v2\/pages\/7960\/revisions"}],"wp:attachment":[{"href":"https:\/\/www.abellaires.com\/fr\/wp-json\/wp\/v2\/media?parent=7960"}],"curies":[{"name":"wp","href":"https:\/\/api.w.org\/{rel}","templated":true}]}}