{"id":7962,"date":"2023-04-17T07:57:46","date_gmt":"2023-04-17T06:57:46","guid":{"rendered":"http:\/\/dev.abellaires.com\/politique-de-privacite\/"},"modified":"2023-04-17T07:57:46","modified_gmt":"2023-04-17T06:57:46","slug":"politique-de-privacite","status":"publish","type":"page","link":"https:\/\/www.abellaires.com\/fr\/politique-de-privacite\/","title":{"rendered":"Politique de privacit\u00e9"},"content":{"rendered":"<h2>1. INFORMATION POUR L&rsquo;UTILISATEUR<\/h2>\n<h3>Qui est responsable du traitement de vos donn\u00e9es personnelles ?<\/h3>\n<p><strong>SAT Abellaires Empordanesos 12 CAT<\/strong> est RESPONSABLE du traitement des donn\u00e9es personnelles de l&rsquo;UTILISATEUR et l&rsquo;informe que ces donn\u00e9es seront trait\u00e9es conform\u00e9ment aux dispositions du R\u00e8glement (UE) 2016\/679 du 27 avril (RGPD) et de la Loi Organique 3\/ 2018, du 5 d\u00e9cembre (LOPDGDD).<\/p>\n<h3>Dans quel but traitons-nous vos donn\u00e9es personnelles et pourquoi le faisons-nous ?<\/h3>\n<p>En fonction du formulaire sous lequel nous avons obtenu vos donn\u00e9es personnelles, nous les traiterons de mani\u00e8re confidentielle pour atteindre les finalit\u00e9s suivantes :<\/p>\n<p>Sous la forme <strong>E-commerce<\/strong><\/p>\n<ul>\n<li>G\u00e9rez votre achat ou commande en ligne, traitez le paiement et proc\u00e9dez \u00e0 l&rsquo;exp\u00e9dition ou \u00e0 l&rsquo;activation de celui-ci, sur la base des conditions g\u00e9n\u00e9rales de vente (pour l&rsquo;ex\u00e9cution d&rsquo;un contrat ou d&rsquo;un pr\u00e9-contrat, 6.1.b RGPD)<\/li>\n<li>G\u00e9rer, maintenir, am\u00e9liorer ou d\u00e9velopper les services fournis. (pour l&rsquo;ex\u00e9cution d&rsquo;un contrat ou d&rsquo;un pr\u00e9-contrat, 6.1.b GDPR)<\/li>\n<li>R\u00e9aliser des enqu\u00eates de satisfaction et de qualit\u00e9. (pour l\u2019int\u00e9r\u00eat l\u00e9gitime du responsable, art. 6.1.f GDPR)<\/li>\n<\/ul>\n<p>Dans le formulaire Contact<strong><\/strong><\/p>\n<ul>\n<li>R\u00e9pondre aux questions ou \u00e0 tout type de demande formul\u00e9e par l&rsquo;utilisateur via l&rsquo;un des formulaires de contact mis \u00e0 disposition sur la page Web du responsable. (pour l&rsquo;int\u00e9r\u00eat l\u00e9gitime du responsable, art. 6.1.f GDPR)<\/li>\n<li>Envoyer des communications publicitaires commerciales par e-mail, fax, SMS, MMS, r\u00e9seaux sociaux ou tout autre moyen \u00e9lectronique ou physique, pr\u00e9sent ou futur, permettant d&rsquo;effectuer des communications commerciales. Ces communications doivent \u00eatre effectu\u00e9es par l&rsquo;interm\u00e9diaire du responsable et sont li\u00e9es \u00e0 ses produits et services, ou \u00e0 ses collaborateurs ou fournisseurs, avec lesquels ils ont conclu un accord promotionnel. Dans ce cas, les tiers n\u2019auront jamais acc\u00e8s aux donn\u00e9es personnelles. (avec le consentement de l&rsquo;int\u00e9ress\u00e9, 6.1.a GDPR)<\/li>\n<li>R\u00e9aliser des analyses statistiques et des \u00e9tudes de march\u00e9. (pour l&rsquo;int\u00e9r\u00eat l\u00e9gitime du responsable, art. 6.1.f GDPR)<\/li>\n<\/ul>\n<p>Le formuliere du <strong>Newsletter<\/strong><\/p>\n<ul>\n<li>Envoyez des newsletters, des actualit\u00e9s, des offres et des promotions en ligne. (avec le consentement de l&rsquo;int\u00e9ress\u00e9, 6.1.a GDPR)<\/li>\n<\/ul>\n<p>Le formulaire <strong>Reserves<\/strong><\/p>\n<ul>\n<li>Formaliser les r\u00e9servations aupr\u00e8s de l&rsquo;\u00e9tablissement du g\u00e9rant. (pour l&rsquo;ex\u00e9cution d&rsquo;un contrat ou d&rsquo;un pr\u00e9-contrat, 6.1.b GDPR)<\/li>\n<li>Envoyer des communications publicitaires commerciales par e-mail, fax, SMS, MMS, r\u00e9seaux sociaux ou tout autre moyen \u00e9lectronique ou physique, pr\u00e9sent ou futur, aux clients, ce qui permet des communications commerciales concernant des produits ou services similaires \u00e0 ceux qui en faisaient initialement l&rsquo;objet. de contracter avec le client (art. 21.2 LSSI). (pour l&rsquo;int\u00e9r\u00eat l\u00e9gitime du responsable, art. 6.1.f GDPR)<\/li>\n<\/ul>\n<h3>Combien de temps conserverons-nous vos donn\u00e9es personnelles ?<\/h3>\n<p>Ils ne seront pas conserv\u00e9s plus longtemps que n\u00e9cessaire pour maintenir l&rsquo;objectif du traitement ou tant qu&rsquo;il existe des prescriptions l\u00e9gales qui dictent leur conservation et lorsque cela n&rsquo;est plus n\u00e9cessaire pour cette raison, ils seront supprim\u00e9s avec des mesures de s\u00e9curit\u00e9 appropri\u00e9es pour garantir que les donn\u00e9es soient anonymis\u00e9es ou totalement d\u00e9truites<\/p>\n<h3>\u00c0 qui transmettons-nous vos donn\u00e9es personnelles ?<\/h3>\n<p>Aucune communication de donn\u00e9es personnelles \u00e0 des tiers n&rsquo;est pr\u00e9vue sauf si elle est n\u00e9cessaire au d\u00e9veloppement et \u00e0 l&rsquo;ex\u00e9cution des finalit\u00e9s du traitement, \u00e0 nos prestataires de services li\u00e9s aux communications, avec lesquels le RESPONSABLE a formalis\u00e9 les contrats de confidentialit\u00e9 et en charge du traitement. requis par les r\u00e9glementations actuelles en mati\u00e8re de confidentialit\u00e9.<\/p>\n<h3>Quels sont vos droits ?<\/h3>\n<p>Les droits de l&rsquo;UTILISATEUR sont :<\/p>\n<ul>\n<li>Droit de retirer son consentement \u00e0 tout moment.<\/li>\n<li>Droit d&rsquo;acc\u00e8s, de rectification, de portabilit\u00e9 et de suppression de vos donn\u00e9es et limitation ou opposition \u00e0 leur traitement.<\/li>\n<li>Le droit de d\u00e9poser une plainte aupr\u00e8s de l&rsquo;autorit\u00e9 de contr\u00f4le (www.aepd.es) si vous estimez que le traitement n&rsquo;est pas conforme \u00e0 la r\u00e9glementation en vigueur.<\/li>\n<\/ul>\n<p><strong>Coordonn\u00e9es pour exercer vos droits :<\/strong><\/p>\n<p>SAT Abellaires Empordanesos 12 CAT. C\/ Sant Sebasti\u00e0, 5 &#8211; 17780 Garriguella (Girona). E-mail: info@abellaires.com<\/p>\n<h2>2. CARACT\u00c8RE OBLIGATOIRE OU OPTIONNEL DES INFORMATIONS FOURNIES PAR L&rsquo;UTILISATEUR<\/h2>\n<p>Les UTILISATEURS, au moyen des cases correspondantes et de l&rsquo;introduction des donn\u00e9es dans les champs marqu\u00e9s d&rsquo;un ast\u00e9risque (*) dans le formulaire de contact ou pr\u00e9sent\u00e9s dans les formulaires de t\u00e9l\u00e9chargement, acceptent express\u00e9ment, librement et sans \u00e9quivoque que leurs donn\u00e9es soient n\u00e9cessaires pour r\u00e9pondre \u00e0 votre demande. , de la part du pr\u00eateur, et que par cons\u00e9quent l&rsquo;inclusion des donn\u00e9es dans les champs restants est volontaire. L&rsquo;UTILISATEUR garantit que les donn\u00e9es personnelles fournies au RESPONSABLE sont v\u00e9ridiques et est responsable de communiquer toute modification.<\/p>\n<p>Le RESPONSABLE informe que toutes les donn\u00e9es demand\u00e9es via le site Web sont obligatoires, car elles sont n\u00e9cessaires \u00e0 la fourniture d&rsquo;un service optimal \u00e0 l&rsquo;UTILISATEUR. Dans le cas o\u00f9 toutes les donn\u00e9es ne seraient pas fournies, il n\u2019est pas garanti que les informations et services fournis r\u00e9pondront pleinement \u00e0 vos besoins.<\/p>\n<h2>3. MESURES DE S\u00c9CURIT\u00c9<\/h2>\n<p>Que, conform\u00e9ment \u00e0 ce qui est \u00e9tabli par la r\u00e9glementation en vigueur sur la protection des donn\u00e9es personnelles, le RESPONSABLE respecte toutes les dispositions de la r\u00e9glementation RGPD et LOPDGDD pour le traitement des donn\u00e9es personnelles de sa responsabilit\u00e9, et manifestement aux principes d\u00e9crits \u00e0 l&rsquo;article 5 du RGPD, par lesquels ils sont trait\u00e9s de mani\u00e8re licite, loyale et transparente par rapport \u00e0 l&rsquo;int\u00e9ress\u00e9 et ad\u00e9quat, pertinent et limit\u00e9 \u00e0 ce qui est n\u00e9cessaire par rapport aux finalit\u00e9s pour lesquelles ils sont trait\u00e9s.<\/p>\n<p>Le RESPONSABLE garantit avoir mis en \u0153uvre des politiques techniques et organisationnelles appropri\u00e9es pour appliquer les mesures de s\u00e9curit\u00e9 \u00e9tablies par le RGPD et la LOPDGDD, afin de prot\u00e9ger les droits et libert\u00e9s des UTILISATEURS et leur avoir fourni les informations appropri\u00e9es pour qu&rsquo;ils puissent les exercer.<\/p>\n<p>Pour plus d&rsquo;informations sur les garanties de confidentialit\u00e9, vous pouvez contacter le RESPONSABLE via SAT Abellaires Empordanesos 12 CAT. C\/ Sant Sebasti\u00e0, 5 &#8211; 17780 Garriguella (Girona). E-mail: <a href=\"mailto:info@abellaires.com\">info@abellaires.com<\/a><\/p>\n","protected":false},"excerpt":{"rendered":"<p>1. INFORMATION POUR L&rsquo;UTILISATEUR Qui est responsable du traitement de vos donn\u00e9es &#8230;<\/p>\n","protected":false},"author":2,"featured_media":0,"parent":0,"menu_order":0,"comment_status":"closed","ping_status":"closed","template":"100-width.php","meta":{"inline_featured_image":false,"footnotes":""},"class_list":["post-7962","page","type-page","status-publish","hentry"],"_links":{"self":[{"href":"https:\/\/www.abellaires.com\/fr\/wp-json\/wp\/v2\/pages\/7962","targetHints":{"allow":["GET"]}}],"collection":[{"href":"https:\/\/www.abellaires.com\/fr\/wp-json\/wp\/v2\/pages"}],"about":[{"href":"https:\/\/www.abellaires.com\/fr\/wp-json\/wp\/v2\/types\/page"}],"author":[{"embeddable":true,"href":"https:\/\/www.abellaires.com\/fr\/wp-json\/wp\/v2\/users\/2"}],"replies":[{"embeddable":true,"href":"https:\/\/www.abellaires.com\/fr\/wp-json\/wp\/v2\/comments?post=7962"}],"version-history":[{"count":0,"href":"https:\/\/www.abellaires.com\/fr\/wp-json\/wp\/v2\/pages\/7962\/revisions"}],"wp:attachment":[{"href":"https:\/\/www.abellaires.com\/fr\/wp-json\/wp\/v2\/media?parent=7962"}],"curies":[{"name":"wp","href":"https:\/\/api.w.org\/{rel}","templated":true}]}}