{"id":13567,"date":"2025-03-20T18:09:36","date_gmt":"2025-03-20T17:09:36","guid":{"rendered":"https:\/\/www.abellaires.com\/product\/miel-pollen-propolis\/"},"modified":"2026-02-27T16:51:13","modified_gmt":"2026-02-27T15:51:13","slug":"miel-pollen-propolis","status":"publish","type":"product","link":"https:\/\/www.abellaires.com\/fr\/produit\/miel-pollen-propolis\/","title":{"rendered":"Miel cru cr\u00e9meux de l&rsquo;Empord\u00e0 avec pollen et propolis"},"content":{"rendered":"<p style=\"text-align: justify;\">Ce produit 100% naturel est une d\u00e9licieuse combinaison qui ravira non seulement votre palais, mais offrira \u00e9galement des bienfaits pour votre sant\u00e9.<\/p>\n<p style=\"text-align: justify;\">Notre miel brut n&rsquo;a pas \u00e9t\u00e9 pasteuris\u00e9 ni soumis \u00e0 des processus de filtration, pr\u00e9servant ainsi toutes ses propri\u00e9t\u00e9s nutritionnelles et b\u00e9n\u00e9fiques pour la sant\u00e9.<\/p>\n<p><strong>Compl\u00e9ment alimentaire ou en cas de :<\/strong><\/p>\n<p>Syst\u00e8me immunitaire affaibli, \u00e9tats de convalescence, affections respiratoires et apr\u00e8s et pendant un traitement antibiotique.<\/p>\n<p>Nous recommandons de le conserver entre 5 et 18\u00b0C pour maintenir sa fra\u00eecheur et sa qualit\u00e9.<\/p>\n<p><strong>Posologie recommand\u00e9e:<\/strong><\/p>\n<p>Adultes &#8211; une demi-cuill\u00e8re \u00e0 caf\u00e9 \u00e0 1 cuill\u00e8re \u00e0 caf\u00e9.<\/p>\n<p>Enfants &#8211; Une demi-cuill\u00e8re \u00e0 caf\u00e9.<\/p>\n","protected":false},"excerpt":{"rendered":"<p>Les trois joyaux de la ruche. Le tr\u00e9sor du garde-manger. Le miel cru cr\u00e9meux de l\u2019Empord\u00e0, avec pollen et propolis, offre de nombreux bienfaits pour la sant\u00e9.<\/p>\n","protected":false},"featured_media":16280,"template":"","meta":{"inline_featured_image":false},"product_brand":[],"product_cat":[553,226],"product_tag":[],"class_list":{"0":"post-13567","1":"product","2":"type-product","3":"status-publish","4":"has-post-thumbnail","6":"product_cat-miel-brut","7":"product_cat-miel-naturel","9":"first","10":"instock","11":"featured","12":"shipping-taxable","13":"purchasable","14":"product-type-variable","15":"has-default-attributes"},"booking_location":null,"booking_location_type":null,"booking_duration":null,"booking_buffer":null,"booking_cost":null,"booking_resources":null,"_links":{"self":[{"href":"https:\/\/www.abellaires.com\/fr\/wp-json\/wp\/v2\/product\/13567","targetHints":{"allow":["GET"]}}],"collection":[{"href":"https:\/\/www.abellaires.com\/fr\/wp-json\/wp\/v2\/product"}],"about":[{"href":"https:\/\/www.abellaires.com\/fr\/wp-json\/wp\/v2\/types\/product"}],"wp:featuredmedia":[{"embeddable":true,"href":"https:\/\/www.abellaires.com\/fr\/wp-json\/wp\/v2\/media\/16280"}],"wp:attachment":[{"href":"https:\/\/www.abellaires.com\/fr\/wp-json\/wp\/v2\/media?parent=13567"}],"wp:term":[{"taxonomy":"product_brand","embeddable":true,"href":"https:\/\/www.abellaires.com\/fr\/wp-json\/wp\/v2\/product_brand?post=13567"},{"taxonomy":"product_cat","embeddable":true,"href":"https:\/\/www.abellaires.com\/fr\/wp-json\/wp\/v2\/product_cat?post=13567"},{"taxonomy":"product_tag","embeddable":true,"href":"https:\/\/www.abellaires.com\/fr\/wp-json\/wp\/v2\/product_tag?post=13567"}],"curies":[{"name":"wp","href":"https:\/\/api.w.org\/{rel}","templated":true}]}}