{"id":13574,"date":"2025-03-20T18:10:47","date_gmt":"2025-03-20T17:10:47","guid":{"rendered":"https:\/\/www.abellaires.com\/product\/miel-en-creme-cannelle-125g\/"},"modified":"2025-11-13T15:40:39","modified_gmt":"2025-11-13T14:40:39","slug":"miel-en-creme-cannelle-125g","status":"publish","type":"product","link":"https:\/\/www.abellaires.com\/fr\/produit\/miel-en-creme-cannelle-125g\/","title":{"rendered":"Miel brut cr\u00e9meux de l&rsquo;Empord\u00e0 \u00e0 la cannelle 125g"},"content":{"rendered":"<p>D\u00e9couvrez notre exquis miel brut de fleurs \u00e0 la cannelle biologique certifi\u00e9e ! Ce produit <strong>100 % naturel<\/strong> est une <strong>d\u00e9licieuse combinaison<\/strong> qui ravira vos papilles tout en apportant des <strong>bienfaits pour votre sant\u00e9<\/strong>. <\/p>\n<p>Notre miel brut n&rsquo;a pas \u00e9t\u00e9 pasteuris\u00e9 ni soumis \u00e0 des processus de filtration, pr\u00e9servant ainsi toutes ses propri\u00e9t\u00e9s nutritionnelles et b\u00e9n\u00e9fiques pour la sant\u00e9. La cannelle biologique certifi\u00e9e apporte une touche sp\u00e9ciale, en renfor\u00e7ant les propri\u00e9t\u00e9s de ce m\u00e9lange unique.<\/p>\n<p>Ce miel poss\u00e8de des <strong>propri\u00e9t\u00e9s antimicrobiennes<\/strong> et une <strong>haute valeur nutritive<\/strong>. D\u00e9couvrez les nombreux bienfaits de la cannelle : selon la sagesse populaire, elle est un tonique pour l\u2019appareil digestif, antioxydante, antibiotique, protectrice de la flore intestinale, alli\u00e9e du syst\u00e8me respiratoire et b\u00e9n\u00e9fique pour le syst\u00e8me nerveux. <\/p>\n<p>En cas de traitement anticoagulant, hypoglyc\u00e9miant, d\u2019ulc\u00e8res gastriques ou intestinaux, ou avant une intervention chirurgicale, consultez votre m\u00e9decin avant de consommer de la cannelle.<\/p>\n<p>Conserver entre 5 et 18\u00b0C pour pr\u00e9server sa fra\u00eecheur et sa qualit\u00e9.<\/p>\n<p><strong>Dose recommand\u00e9e :<\/strong><\/p>\n<p>Digestif : de 1\/2 \u00e0 1 cuill\u00e8re \u00e0 caf\u00e9 avant les repas.<\/p>\n","protected":false},"excerpt":{"rendered":"<p class=\"p1\">Miel brut \u00e0 la cannelle biologique, stimulant de haute qualit\u00e9. Antimicrobienne, antioxydante et antibiotique. 100 % naturelle et b\u00e9n\u00e9fique pour la sant\u00e9.  <\/p>\n","protected":false},"featured_media":16269,"template":"","meta":{"inline_featured_image":false},"product_brand":[],"product_cat":[553,226],"product_tag":[],"class_list":{"0":"post-13574","1":"product","2":"type-product","3":"status-publish","4":"has-post-thumbnail","6":"product_cat-miel-brut","7":"product_cat-miel-naturel","9":"first","10":"instock","11":"featured","12":"shipping-taxable","13":"purchasable","14":"product-type-simple"},"booking_location":null,"booking_location_type":null,"booking_duration":null,"booking_buffer":null,"booking_cost":null,"booking_resources":null,"_links":{"self":[{"href":"https:\/\/www.abellaires.com\/fr\/wp-json\/wp\/v2\/product\/13574","targetHints":{"allow":["GET"]}}],"collection":[{"href":"https:\/\/www.abellaires.com\/fr\/wp-json\/wp\/v2\/product"}],"about":[{"href":"https:\/\/www.abellaires.com\/fr\/wp-json\/wp\/v2\/types\/product"}],"wp:featuredmedia":[{"embeddable":true,"href":"https:\/\/www.abellaires.com\/fr\/wp-json\/wp\/v2\/media\/16269"}],"wp:attachment":[{"href":"https:\/\/www.abellaires.com\/fr\/wp-json\/wp\/v2\/media?parent=13574"}],"wp:term":[{"taxonomy":"product_brand","embeddable":true,"href":"https:\/\/www.abellaires.com\/fr\/wp-json\/wp\/v2\/product_brand?post=13574"},{"taxonomy":"product_cat","embeddable":true,"href":"https:\/\/www.abellaires.com\/fr\/wp-json\/wp\/v2\/product_cat?post=13574"},{"taxonomy":"product_tag","embeddable":true,"href":"https:\/\/www.abellaires.com\/fr\/wp-json\/wp\/v2\/product_tag?post=13574"}],"curies":[{"name":"wp","href":"https:\/\/api.w.org\/{rel}","templated":true}]}}