{"id":13585,"date":"2025-03-20T20:09:10","date_gmt":"2025-03-20T19:09:10","guid":{"rendered":"https:\/\/www.abellaires.com\/product\/miel-cremeux-au-gingembre\/"},"modified":"2026-04-08T09:55:20","modified_gmt":"2026-04-08T07:55:20","slug":"miel-cremeux-au-gingembre","status":"publish","type":"product","link":"https:\/\/www.abellaires.com\/fr\/produit\/miel-cremeux-au-gingembre\/","title":{"rendered":"Pr\u00e9paration de miel cru cr\u00e9meux au gingembre"},"content":{"rendered":"<p style=\"text-align: justify;\">D\u00e9couvrez notre exquise miel cr\u00e9meux de mille fleurs avec du gingembre biologique certifi\u00e9! Ce produit 100% naturel est une d\u00e9licieuse combinaison qui ravira non seulement vos papilles gustatives, mais qui offrira \u00e9galement des bienfaits pour votre sant\u00e9.<\/p>\n<p style=\"text-align: justify;\">Notre miel cr\u00e9meux n&rsquo;a pas \u00e9t\u00e9 pasteuris\u00e9 ni soumis \u00e0 des processus de filtration, conservant ainsi toutes ses propri\u00e9t\u00e9s nutritives et ses bienfaits pour la sant\u00e9. Le gingembre biologique certifi\u00e9 ajoute une touche sp\u00e9ciale, renfor\u00e7ant les propri\u00e9t\u00e9s de ce m\u00e9lange unique.<\/p>\n<p style=\"text-align: justify;\">Parmi ses <strong>propri\u00e9t\u00e9s<\/strong>, on trouve son action antimicrobienne et sa haute valeur nutritive, id\u00e9ale pour stimuler et renforcer votre syst\u00e8me immunitaire. De plus, le gingembre favorise la digestion, prot\u00e8ge la flore intestinale, renforce le syst\u00e8me respiratoire, stimule la circulation sanguine et aide \u00e0 r\u00e9duire le cholest\u00e9rol.<\/p>\n<p style=\"text-align: justify;\">Nous recommandons de le conserver entre 5 et 18\u00b0C pour maintenir sa fra\u00eecheur et sa qualit\u00e9.<\/p>\n<p style=\"text-align: justify;\"><strong>Dose recommand\u00e9e :<\/strong><\/p>\n<p style=\"text-align: justify;\">Tonique stomacal: 1 cuill\u00e8re \u00e0 caf\u00e9 30 minutes avant de manger.<\/p>\n<p style=\"text-align: justify;\">Syst\u00e8me respiratoire: 1 cuill\u00e8re \u00e0 caf\u00e9 (maximum 3 fois par jour) \u00e0 dissoudre dans la bouche avant de le prendre.<\/p>\n","protected":false},"excerpt":{"rendered":"<p>Miel cr\u00e9meux de mille fleurs au gingembre.<\/p>\n","protected":false},"featured_media":17582,"template":"","meta":{"inline_featured_image":false},"product_brand":[],"product_cat":[553,226],"product_tag":[587],"class_list":{"0":"post-13585","1":"product","2":"type-product","3":"status-publish","4":"has-post-thumbnail","6":"product_cat-miel-brut","7":"product_cat-miel-naturel","8":"product_tag-miel-brut-cremeux","10":"first","11":"instock","12":"featured","13":"shipping-taxable","14":"purchasable","15":"product-type-variable","16":"has-default-attributes"},"booking_location":null,"booking_location_type":null,"booking_duration":null,"booking_buffer":null,"booking_cost":null,"booking_resources":null,"_links":{"self":[{"href":"https:\/\/www.abellaires.com\/fr\/wp-json\/wp\/v2\/product\/13585","targetHints":{"allow":["GET"]}}],"collection":[{"href":"https:\/\/www.abellaires.com\/fr\/wp-json\/wp\/v2\/product"}],"about":[{"href":"https:\/\/www.abellaires.com\/fr\/wp-json\/wp\/v2\/types\/product"}],"wp:featuredmedia":[{"embeddable":true,"href":"https:\/\/www.abellaires.com\/fr\/wp-json\/wp\/v2\/media\/17582"}],"wp:attachment":[{"href":"https:\/\/www.abellaires.com\/fr\/wp-json\/wp\/v2\/media?parent=13585"}],"wp:term":[{"taxonomy":"product_brand","embeddable":true,"href":"https:\/\/www.abellaires.com\/fr\/wp-json\/wp\/v2\/product_brand?post=13585"},{"taxonomy":"product_cat","embeddable":true,"href":"https:\/\/www.abellaires.com\/fr\/wp-json\/wp\/v2\/product_cat?post=13585"},{"taxonomy":"product_tag","embeddable":true,"href":"https:\/\/www.abellaires.com\/fr\/wp-json\/wp\/v2\/product_tag?post=13585"}],"curies":[{"name":"wp","href":"https:\/\/api.w.org\/{rel}","templated":true}]}}