{"id":13677,"date":"2025-03-20T17:27:33","date_gmt":"2025-03-20T16:27:33","guid":{"rendered":"https:\/\/www.abellaires.com\/product\/miel-de-fleurs\/"},"modified":"2026-02-27T16:51:13","modified_gmt":"2026-02-27T15:51:13","slug":"miel-de-fleurs","status":"publish","type":"product","link":"https:\/\/www.abellaires.com\/fr\/produit\/miel-de-fleurs\/","title":{"rendered":"Miel de fleurs sauvages de Costa Brava"},"content":{"rendered":"<p>Miel polyfloral de Costa Brava. R\u00e9colte de printemps<\/p>\n<p>Miel issu du nectar de diff\u00e9rentes esp\u00e8ces de plantes, selon la floraison. La couleur et l&rsquo;ar\u00f4me peuvent varier selon la fleur pr\u00e9dominante. Go\u00fbt intense et sucr\u00e9, persistant en bouche.<\/p>\n<p>Selon la culture populaire, on lui attribue des propri\u00e9t\u00e9s \u00e9nerg\u00e9tiques, aide \u00e0 la digestion et est un cicatrisant pour la peau.<\/p>\n<p>Ce miel peut cristalliser avec le temps, devenant \u00e9pais. C&rsquo;est un gage de qualit\u00e9. Au bain Marie, sans d\u00e9passer 40\u00baC pour ne pas qu\u2019il perde ses propri\u00e9t\u00e9s, il retrouve son \u00e9tat liquide d\u2019origine.<\/p>\n<p><strong>PRIX GIRONA EXCEL.LENT 2023-2024<\/strong><\/p>\n","protected":false},"excerpt":{"rendered":"<p>Miel r\u00e9colt\u00e9 au printemps dans diff\u00e9rentes localit\u00e9s de la Costa Brava. <b>R\u00e9compens\u00e9 au Concours GIRONA EXCEL.LENT &#8211; Label de Qualit\u00e9 Agroalimentaire 2023-2024<\/b><\/p>\n","protected":false},"featured_media":19243,"template":"","meta":{"inline_featured_image":false},"product_brand":[],"product_cat":[226,603],"product_tag":[],"class_list":{"0":"post-13677","1":"product","2":"type-product","3":"status-publish","4":"has-post-thumbnail","6":"product_cat-miel-naturel","7":"product_cat-miel-polyfloral-de-catalogne","9":"first","10":"instock","11":"shipping-taxable","12":"purchasable","13":"product-type-variable","14":"has-default-attributes"},"booking_location":null,"booking_location_type":null,"booking_duration":null,"booking_buffer":null,"booking_cost":null,"booking_resources":null,"_links":{"self":[{"href":"https:\/\/www.abellaires.com\/fr\/wp-json\/wp\/v2\/product\/13677","targetHints":{"allow":["GET"]}}],"collection":[{"href":"https:\/\/www.abellaires.com\/fr\/wp-json\/wp\/v2\/product"}],"about":[{"href":"https:\/\/www.abellaires.com\/fr\/wp-json\/wp\/v2\/types\/product"}],"wp:featuredmedia":[{"embeddable":true,"href":"https:\/\/www.abellaires.com\/fr\/wp-json\/wp\/v2\/media\/19243"}],"wp:attachment":[{"href":"https:\/\/www.abellaires.com\/fr\/wp-json\/wp\/v2\/media?parent=13677"}],"wp:term":[{"taxonomy":"product_brand","embeddable":true,"href":"https:\/\/www.abellaires.com\/fr\/wp-json\/wp\/v2\/product_brand?post=13677"},{"taxonomy":"product_cat","embeddable":true,"href":"https:\/\/www.abellaires.com\/fr\/wp-json\/wp\/v2\/product_cat?post=13677"},{"taxonomy":"product_tag","embeddable":true,"href":"https:\/\/www.abellaires.com\/fr\/wp-json\/wp\/v2\/product_tag?post=13677"}],"curies":[{"name":"wp","href":"https:\/\/api.w.org\/{rel}","templated":true}]}}