{"id":13689,"date":"2025-03-20T17:08:14","date_gmt":"2025-03-20T16:08:14","guid":{"rendered":"https:\/\/www.abellaires.com\/product\/miel-crue-cremeux-des-alberes\/"},"modified":"2025-06-04T16:09:29","modified_gmt":"2025-06-04T14:09:29","slug":"miel-crue-cremeux-des-alberes","status":"publish","type":"product","link":"https:\/\/www.abellaires.com\/fr\/produit\/miel-crue-cremeux-des-alberes\/","title":{"rendered":"Miel brut cr\u00e9meux de la zone naturelle des Alb\u00e8res"},"content":{"rendered":"<p>Miel du Parc Naturel des Alb\u00e8res (Costa Brava).<\/p>\n<p>R\u00e9colte de printemps<\/p>\n<p>D\u00e9couvrez notre s\u00e9lection de miels d&rsquo;Albera, obtenus \u00e0 partir du nectar de diverses esp\u00e8ces v\u00e9g\u00e9tales. Parmi elles, les plus remarquables sont <strong>la bruy\u00e8re, le tremble et le romarin<\/strong> . <\/p>\n<p>La couleur et l&rsquo;ar\u00f4me peuvent varier en fonction de la fleur pr\u00e9dominante.<\/p>\n<p>Avec son go\u00fbt intense et sucr\u00e9 qui persiste en bouche, notre miel est non seulement un d\u00e9lice pour vos papilles gustatives, mais aussi une source d&rsquo;\u00e9nergie.<\/p>\n<p>Miel <strong>enti\u00e8rement naturel<\/strong> , il n&rsquo;a subi ni chauffage ni filtration. Il peut donc contenir des impuret\u00e9s qui t\u00e9moignent de son <strong>authenticit\u00e9<\/strong> . <\/p>\n<p>Ce miel conserve 100% de ses <strong>propri\u00e9t\u00e9s intactes<\/strong> et avec sa texture cr\u00e9meuse, il est <strong>parfait \u00e0 tartiner<\/strong> .<\/p>\n<p>D\u00e9couvrez la puret\u00e9 de la nature \u00e0 chaque cuill\u00e8re!<\/p>\n","protected":false},"excerpt":{"rendered":"<p>Miel du Parc Naturel des Alb\u00e8res (Costa Brava). R\u00e9colte de printemps Miel multi-usages : bruy\u00e8re, t\u00eate d&rsquo;\u00e2ne, romarin et plus encore.<\/p>\n","protected":false},"featured_media":11825,"template":"","meta":{"inline_featured_image":false},"product_brand":[],"product_cat":[226],"product_tag":[],"class_list":{"0":"post-13689","1":"product","2":"type-product","3":"status-publish","4":"has-post-thumbnail","6":"product_cat-miel-naturel","8":"first","9":"outofstock","10":"shipping-taxable","11":"purchasable","12":"product-type-variable","13":"has-default-attributes"},"booking_location":null,"booking_location_type":null,"booking_duration":null,"booking_buffer":null,"booking_cost":null,"booking_resources":null,"_links":{"self":[{"href":"https:\/\/www.abellaires.com\/fr\/wp-json\/wp\/v2\/product\/13689","targetHints":{"allow":["GET"]}}],"collection":[{"href":"https:\/\/www.abellaires.com\/fr\/wp-json\/wp\/v2\/product"}],"about":[{"href":"https:\/\/www.abellaires.com\/fr\/wp-json\/wp\/v2\/types\/product"}],"wp:featuredmedia":[{"embeddable":true,"href":"https:\/\/www.abellaires.com\/fr\/wp-json\/wp\/v2\/media\/11825"}],"wp:attachment":[{"href":"https:\/\/www.abellaires.com\/fr\/wp-json\/wp\/v2\/media?parent=13689"}],"wp:term":[{"taxonomy":"product_brand","embeddable":true,"href":"https:\/\/www.abellaires.com\/fr\/wp-json\/wp\/v2\/product_brand?post=13689"},{"taxonomy":"product_cat","embeddable":true,"href":"https:\/\/www.abellaires.com\/fr\/wp-json\/wp\/v2\/product_cat?post=13689"},{"taxonomy":"product_tag","embeddable":true,"href":"https:\/\/www.abellaires.com\/fr\/wp-json\/wp\/v2\/product_tag?post=13689"}],"curies":[{"name":"wp","href":"https:\/\/api.w.org\/{rel}","templated":true}]}}