{"id":13710,"date":"2025-03-20T18:47:37","date_gmt":"2025-03-20T17:47:37","guid":{"rendered":"https:\/\/www.abellaires.com\/product\/miel-de-mille-fleurs-500g-bouchon-doseur\/"},"modified":"2025-07-02T12:22:29","modified_gmt":"2025-07-02T10:22:29","slug":"miel-de-mille-fleurs-500g-bouchon-doseur","status":"publish","type":"product","link":"https:\/\/www.abellaires.com\/fr\/produit\/miel-de-mille-fleurs-500g-bouchon-doseur\/","title":{"rendered":"Miel de fleurs sauvages de Costa Brava (bouchon doseur)"},"content":{"rendered":"<p>R\u00e9colte de printemps<\/p>\n<p>Miel issu du nectar de diff\u00e9rentes esp\u00e8ces de plantes, selon leur floraison. Sa couleur et son ar\u00f4me peuvent varier selon la fleur pr\u00e9dominante. Go\u00fbt intense et sucr\u00e9, persistant en bouche.<\/p>\n<p>\u00c9nerg\u00e9tique. Cette miel aide \u00e0 la digestion, cicatrisant de la peau.<\/p>\n<p>Ce miel peut cristalliser avec le temps, devenant \u00e9pais. C&rsquo;est un gage de qualit\u00e9. Au bain Marie, sans d\u00e9passer 40\u00baC pour ne pas qu\u2019il perde ses propri\u00e9t\u00e9s, il retrouve son \u00e9tat liquide d\u2019origine.<\/p>\n<p>500g<\/p>\n","protected":false},"excerpt":{"rendered":"<p>Miel polyfloral de Costa Brava. Go\u00fbt intense et sucr\u00e9, persistant en bouche. \u00c9nerg\u00e9tique. Cette miel aide \u00e0 la digestion, cicatrisant de la peau. 500g<\/p>\n","protected":false},"featured_media":16452,"template":"","meta":{"inline_featured_image":false},"product_brand":[],"product_cat":[226,603],"product_tag":[],"class_list":{"0":"post-13710","1":"product","2":"type-product","3":"status-publish","4":"has-post-thumbnail","6":"product_cat-miel-naturel","7":"product_cat-miel-polyfloral-de-catalogne","9":"first","10":"instock","11":"shipping-taxable","12":"purchasable","13":"product-type-simple"},"booking_location":null,"booking_location_type":null,"booking_duration":null,"booking_buffer":null,"booking_cost":null,"booking_resources":null,"_links":{"self":[{"href":"https:\/\/www.abellaires.com\/fr\/wp-json\/wp\/v2\/product\/13710","targetHints":{"allow":["GET"]}}],"collection":[{"href":"https:\/\/www.abellaires.com\/fr\/wp-json\/wp\/v2\/product"}],"about":[{"href":"https:\/\/www.abellaires.com\/fr\/wp-json\/wp\/v2\/types\/product"}],"wp:featuredmedia":[{"embeddable":true,"href":"https:\/\/www.abellaires.com\/fr\/wp-json\/wp\/v2\/media\/16452"}],"wp:attachment":[{"href":"https:\/\/www.abellaires.com\/fr\/wp-json\/wp\/v2\/media?parent=13710"}],"wp:term":[{"taxonomy":"product_brand","embeddable":true,"href":"https:\/\/www.abellaires.com\/fr\/wp-json\/wp\/v2\/product_brand?post=13710"},{"taxonomy":"product_cat","embeddable":true,"href":"https:\/\/www.abellaires.com\/fr\/wp-json\/wp\/v2\/product_cat?post=13710"},{"taxonomy":"product_tag","embeddable":true,"href":"https:\/\/www.abellaires.com\/fr\/wp-json\/wp\/v2\/product_tag?post=13710"}],"curies":[{"name":"wp","href":"https:\/\/api.w.org\/{rel}","templated":true}]}}