{"id":13716,"date":"2025-03-20T17:28:44","date_gmt":"2025-03-20T16:28:44","guid":{"rendered":"https:\/\/www.abellaires.com\/product\/miel-de-montagne\/"},"modified":"2026-03-30T11:14:38","modified_gmt":"2026-03-30T09:14:38","slug":"miel-de-montagne","status":"publish","type":"product","link":"https:\/\/www.abellaires.com\/fr\/produit\/miel-de-montagne\/","title":{"rendered":"Miel de fleurs sauvages de montagne"},"content":{"rendered":"<p>Miel polyfloral de montagne. R\u00e9colte : \u00e9t\u00e9.<\/p>\n<p>Provenant de zones foresti\u00e8res et de prairies de montagne.<\/p>\n<p>Couleur ambr\u00e9e, ar\u00f4me floral rappelant les c\u00e9r\u00e9ales grill\u00e9es, saveur intense, douce et persistante, avec des notes acides.<\/p>\n<p>Populairement connu pour lutter contre la grippe, combattre la fatigue et cicatrisant.<\/p>\n<p>Ce miel peut cristalliser avec le temps et devenir \u00e9pais. C\u2019est l\u00e0 une garantie de qualit\u00e9. Au bain Marie, sans d\u00e9passer 40\u00baC pour ne pas qu\u2019il perde ses propri\u00e9t\u00e9s, il retrouve son \u00e9tat liquide d\u2019origine.<\/p>\n","protected":false},"excerpt":{"rendered":"<p>Miel polyfloral d&rsquo;\u00e9t\u00e9 des zones foresti\u00e8res et des prairies des Pyr\u00e9n\u00e9es. Go\u00fbt intense et floral avec des notes acides. Naturel, \u00e9nergisant et utile contre le rhume.<\/p>\n","protected":false},"featured_media":16383,"template":"","meta":{"inline_featured_image":false},"product_brand":[],"product_cat":[226,603],"product_tag":[],"class_list":{"0":"post-13716","1":"product","2":"type-product","3":"status-publish","4":"has-post-thumbnail","6":"product_cat-miel-naturel","7":"product_cat-miel-polyfloral-de-catalogne","9":"first","10":"instock","11":"shipping-taxable","12":"purchasable","13":"product-type-variable","14":"has-default-attributes"},"booking_location":null,"booking_location_type":null,"booking_duration":null,"booking_buffer":null,"booking_cost":null,"booking_resources":null,"_links":{"self":[{"href":"https:\/\/www.abellaires.com\/fr\/wp-json\/wp\/v2\/product\/13716","targetHints":{"allow":["GET"]}}],"collection":[{"href":"https:\/\/www.abellaires.com\/fr\/wp-json\/wp\/v2\/product"}],"about":[{"href":"https:\/\/www.abellaires.com\/fr\/wp-json\/wp\/v2\/types\/product"}],"wp:featuredmedia":[{"embeddable":true,"href":"https:\/\/www.abellaires.com\/fr\/wp-json\/wp\/v2\/media\/16383"}],"wp:attachment":[{"href":"https:\/\/www.abellaires.com\/fr\/wp-json\/wp\/v2\/media?parent=13716"}],"wp:term":[{"taxonomy":"product_brand","embeddable":true,"href":"https:\/\/www.abellaires.com\/fr\/wp-json\/wp\/v2\/product_brand?post=13716"},{"taxonomy":"product_cat","embeddable":true,"href":"https:\/\/www.abellaires.com\/fr\/wp-json\/wp\/v2\/product_cat?post=13716"},{"taxonomy":"product_tag","embeddable":true,"href":"https:\/\/www.abellaires.com\/fr\/wp-json\/wp\/v2\/product_tag?post=13716"}],"curies":[{"name":"wp","href":"https:\/\/api.w.org\/{rel}","templated":true}]}}