{"id":13784,"date":"2025-03-20T17:28:24","date_gmt":"2025-03-20T16:28:24","guid":{"rendered":"https:\/\/www.abellaires.com\/product\/miel-de-selection-des-alberes\/"},"modified":"2025-07-02T12:33:26","modified_gmt":"2025-07-02T10:33:26","slug":"miel-de-selection-des-alberes","status":"publish","type":"product","link":"https:\/\/www.abellaires.com\/fr\/produit\/miel-de-selection-des-alberes\/","title":{"rendered":"Miel de fleurs sauvages du Parc naturel des Alb\u00e8res"},"content":{"rendered":"<p>Mel du Parc Naturel de l&rsquo;Alb\u00e8re (Alt Empord\u00e0). R\u00e9colte: printemps<\/p>\n<p>Fleurs pr\u00e9dominantes : <strong>la lavande papillon<\/strong>\u00a0(lavandula stoechas) ou <strong>bruy\u00e8re rousse ou bruy\u00e8re<\/strong> <strong>printani\u00e8re<\/strong> .<\/p>\n<p>Couleur blanche, ar\u00f4me floral et fruit\u00e9, go\u00fbt doux qui s&rsquo;intensifie avec de l\u00e9gers pics acides, persistant.<\/p>\n<p>La culture populaire dit que c&rsquo;est un tonique pour l&rsquo;estomac et qu&rsquo;il poss\u00e8de des propri\u00e9t\u00e9s antiseptiques.<\/p>\n<p>Cette masse fondue peut cristalliser \u00e0 certains moments, elle s&rsquo;\u00e9paissit. C&rsquo;est un gage de qualit\u00e9. Au bain Marie, sans d\u00e9passer 40\u00baC pour ne pas qu\u2019il perde ses propri\u00e9t\u00e9s, il retrouve son \u00e9tat liquide d\u2019origine.<\/p>\n","protected":false},"excerpt":{"rendered":"<p>Miel polyfloral du Parc Naturel des Alb\u00e8res (Alt Empord\u00e0). R\u00e9colte de printemps. Lavande papillon ou bruy\u00e8re rousse ou bruy\u00e8re printani\u00e8re.<\/p>\n","protected":false},"featured_media":16387,"template":"","meta":{"inline_featured_image":false},"product_brand":[],"product_cat":[226,603],"product_tag":[],"class_list":{"0":"post-13784","1":"product","2":"type-product","3":"status-publish","4":"has-post-thumbnail","6":"product_cat-miel-naturel","7":"product_cat-miel-polyfloral-de-catalogne","9":"first","10":"instock","11":"shipping-taxable","12":"purchasable","13":"product-type-variable","14":"has-default-attributes"},"booking_location":null,"booking_location_type":null,"booking_duration":null,"booking_buffer":null,"booking_cost":null,"booking_resources":null,"_links":{"self":[{"href":"https:\/\/www.abellaires.com\/fr\/wp-json\/wp\/v2\/product\/13784","targetHints":{"allow":["GET"]}}],"collection":[{"href":"https:\/\/www.abellaires.com\/fr\/wp-json\/wp\/v2\/product"}],"about":[{"href":"https:\/\/www.abellaires.com\/fr\/wp-json\/wp\/v2\/types\/product"}],"wp:featuredmedia":[{"embeddable":true,"href":"https:\/\/www.abellaires.com\/fr\/wp-json\/wp\/v2\/media\/16387"}],"wp:attachment":[{"href":"https:\/\/www.abellaires.com\/fr\/wp-json\/wp\/v2\/media?parent=13784"}],"wp:term":[{"taxonomy":"product_brand","embeddable":true,"href":"https:\/\/www.abellaires.com\/fr\/wp-json\/wp\/v2\/product_brand?post=13784"},{"taxonomy":"product_cat","embeddable":true,"href":"https:\/\/www.abellaires.com\/fr\/wp-json\/wp\/v2\/product_cat?post=13784"},{"taxonomy":"product_tag","embeddable":true,"href":"https:\/\/www.abellaires.com\/fr\/wp-json\/wp\/v2\/product_tag?post=13784"}],"curies":[{"name":"wp","href":"https:\/\/api.w.org\/{rel}","templated":true}]}}