{"id":13829,"date":"2025-03-20T19:08:35","date_gmt":"2025-03-20T18:08:35","guid":{"rendered":"https:\/\/www.abellaires.com\/product\/savon-miel-100-vegetal-bio\/"},"modified":"2025-08-27T12:49:21","modified_gmt":"2025-08-27T10:49:21","slug":"savon-miel-100-vegetal-bio","status":"publish","type":"product","link":"https:\/\/www.abellaires.com\/fr\/produit\/savon-miel-100-vegetal-bio\/","title":{"rendered":"Pain de savon bio au miel et au karit\u00e9 100% v\u00e9g\u00e9tal"},"content":{"rendered":"<p class=\"p1\"><b>Hydratation et protection naturelle pour toute la famille.<\/b><b><\/b><\/p>\n<p class=\"p3\">Savon artisanal \u00e0 base <span class=\"s1\"><b>de miel et de beurre de karit\u00e9 biologiques<\/b><\/span>, deux ingr\u00e9dients reconnus pour leurs propri\u00e9t\u00e9s <span class=\"s1\"><b>nourrissantes, apaisantes, adoucissantes et antibact\u00e9riennes<\/b><\/span>. 100 % v\u00e9g\u00e9tal, ce savon est id\u00e9al pour les soins quotidiens de la peau, m\u00eame la plus d\u00e9licate.<\/p>\n<p class=\"p3\">\u2714 Convient \u00e0 tous les types de peau<\/p>\n<p class=\"p3\">\u2714 Sans parab\u00e8nes ni sulfates<\/p>\n<p class=\"p3\">\u2714 Sans plastique \u2013 0 % de d\u00e9chets<\/p>\n<p class=\"p3\">\u2714 Produit biologique, local et <strong>artisanal<\/strong><\/p>\n<p class=\"p3\">\u2714 Ar\u00f4me doux et texture cr\u00e9meuse<\/p>\n<p class=\"p3\">L&rsquo;association du <span class=\"s1\"><b>miel et du karit\u00e9<\/b><\/span> apporte <span class=\"s1\"><b>une hydratation profonde, de l&rsquo;\u00e9lasticit\u00e9<\/b><\/span> et une protection naturelle contre les agressions ext\u00e9rieures.<\/p>\n<p><strong>Poids : 100 g.<\/strong><\/p>\n<p data-start=\"721\" data-end=\"741\">\n","protected":false},"excerpt":{"rendered":"<p>Savon bio au miel et au karit\u00e9, 100 % v\u00e9g\u00e9tal et artisanal. Hydrate, nourrit et prot\u00e8ge m\u00eame les peaux les plus sensibles. Sans plastique ni parab\u00e8nes.<\/p>\n<p>&nbsp;<\/p>\n","protected":false},"featured_media":17619,"template":"","meta":{"inline_featured_image":false},"product_brand":[],"product_cat":[392],"product_tag":[],"class_list":{"0":"post-13829","1":"product","2":"type-product","3":"status-publish","4":"has-post-thumbnail","6":"product_cat-autres-produits","8":"first","9":"instock","10":"shipping-taxable","11":"purchasable","12":"product-type-simple"},"booking_location":null,"booking_location_type":null,"booking_duration":null,"booking_buffer":null,"booking_cost":null,"booking_resources":null,"_links":{"self":[{"href":"https:\/\/www.abellaires.com\/fr\/wp-json\/wp\/v2\/product\/13829","targetHints":{"allow":["GET"]}}],"collection":[{"href":"https:\/\/www.abellaires.com\/fr\/wp-json\/wp\/v2\/product"}],"about":[{"href":"https:\/\/www.abellaires.com\/fr\/wp-json\/wp\/v2\/types\/product"}],"wp:featuredmedia":[{"embeddable":true,"href":"https:\/\/www.abellaires.com\/fr\/wp-json\/wp\/v2\/media\/17619"}],"wp:attachment":[{"href":"https:\/\/www.abellaires.com\/fr\/wp-json\/wp\/v2\/media?parent=13829"}],"wp:term":[{"taxonomy":"product_brand","embeddable":true,"href":"https:\/\/www.abellaires.com\/fr\/wp-json\/wp\/v2\/product_brand?post=13829"},{"taxonomy":"product_cat","embeddable":true,"href":"https:\/\/www.abellaires.com\/fr\/wp-json\/wp\/v2\/product_cat?post=13829"},{"taxonomy":"product_tag","embeddable":true,"href":"https:\/\/www.abellaires.com\/fr\/wp-json\/wp\/v2\/product_tag?post=13829"}],"curies":[{"name":"wp","href":"https:\/\/api.w.org\/{rel}","templated":true}]}}