{"id":13832,"date":"2025-03-20T18:47:29","date_gmt":"2025-03-20T17:47:29","guid":{"rendered":"https:\/\/www.abellaires.com\/product\/teinture-de-propolis-spray-30ml\/"},"modified":"2025-09-25T13:04:39","modified_gmt":"2025-09-25T11:04:39","slug":"teinture-de-propolis-spray-30ml","status":"publish","type":"product","link":"https:\/\/www.abellaires.com\/fr\/produit\/teinture-de-propolis-spray-30ml\/","title":{"rendered":"Teinture de Propolis (Spray) 30ml"},"content":{"rendered":"<p><b>Les propolis sont des r\u00e9sines de certains arbres et arbustes que les abeilles collectent et m\u00e9langent avec de la cire pour les utiliser dans la ruche et aider \u00e0 maintenir leur sant\u00e9.<\/b><\/p>\n<p><strong>Ingr\u00e9dients :<\/strong><\/p>\n<p>30% de propolis r\u00e9colt\u00e9e dans nos ruches et mac\u00e9r\u00e9e dans un distillat d&rsquo;hydromel \u00e0 70\u00ba pendant environ 1 mois.<\/p>\n<p><strong>Propri\u00e9t\u00e9s :<\/strong><\/p>\n<p>Puissant cicatrisant, anti-inflammatoire, antiseptique, antibact\u00e9rien, antioxydant, antifongique, antiviral et stimulant du syst\u00e8me immunitaire.<\/p>\n<p><strong>Posologie recommand\u00e9e:<\/strong><\/p>\n<p>Il est recommand\u00e9 de pulv\u00e9riser 2 \u00e0 3 fois, autant de fois que n\u00e9cessaire.<\/p>\n","protected":false},"excerpt":{"rendered":"<p>Teinture propolis avec capuchon spray.<\/p>\n","protected":false},"featured_media":12051,"template":"","meta":{"inline_featured_image":false},"product_brand":[],"product_cat":[392],"product_tag":[],"class_list":{"0":"post-13832","1":"product","2":"type-product","3":"status-publish","4":"has-post-thumbnail","6":"product_cat-autres-produits","8":"first","9":"instock","10":"shipping-taxable","11":"purchasable","12":"product-type-simple"},"booking_location":null,"booking_location_type":null,"booking_duration":null,"booking_buffer":null,"booking_cost":null,"booking_resources":null,"_links":{"self":[{"href":"https:\/\/www.abellaires.com\/fr\/wp-json\/wp\/v2\/product\/13832","targetHints":{"allow":["GET"]}}],"collection":[{"href":"https:\/\/www.abellaires.com\/fr\/wp-json\/wp\/v2\/product"}],"about":[{"href":"https:\/\/www.abellaires.com\/fr\/wp-json\/wp\/v2\/types\/product"}],"wp:featuredmedia":[{"embeddable":true,"href":"https:\/\/www.abellaires.com\/fr\/wp-json\/wp\/v2\/media\/12051"}],"wp:attachment":[{"href":"https:\/\/www.abellaires.com\/fr\/wp-json\/wp\/v2\/media?parent=13832"}],"wp:term":[{"taxonomy":"product_brand","embeddable":true,"href":"https:\/\/www.abellaires.com\/fr\/wp-json\/wp\/v2\/product_brand?post=13832"},{"taxonomy":"product_cat","embeddable":true,"href":"https:\/\/www.abellaires.com\/fr\/wp-json\/wp\/v2\/product_cat?post=13832"},{"taxonomy":"product_tag","embeddable":true,"href":"https:\/\/www.abellaires.com\/fr\/wp-json\/wp\/v2\/product_tag?post=13832"}],"curies":[{"name":"wp","href":"https:\/\/api.w.org\/{rel}","templated":true}]}}