{"id":13836,"date":"2025-03-20T20:09:32","date_gmt":"2025-03-20T19:09:32","guid":{"rendered":"https:\/\/www.abellaires.com\/product\/miel-cremeux-au-curcuma\/"},"modified":"2026-04-08T09:55:20","modified_gmt":"2026-04-08T07:55:20","slug":"miel-cremeux-au-curcuma","status":"publish","type":"product","link":"https:\/\/www.abellaires.com\/fr\/produit\/miel-cremeux-au-curcuma\/","title":{"rendered":"Miel brut cr\u00e9meux de l&rsquo;Empord\u00e0 au curcuma"},"content":{"rendered":"<p>D\u00e9couvrez notre exquis miel de fleurs brut au curcuma certifi\u00e9 biologique ! Ce produit 100% naturel est une d\u00e9licieuse combinaison qui non seulement ravit votre palais, mais offre \u00e9galement des bienfaits pour votre sant\u00e9. <\/p>\n<p>Notre miel cr\u00e9meux n&rsquo;a pas \u00e9t\u00e9 pasteuris\u00e9 ni soumis \u00e0 des processus de filtration, pr\u00e9servant ainsi toutes ses propri\u00e9t\u00e9s nutritives et ses bienfaits pour la sant\u00e9. La curcuma biologique certifi\u00e9e apporte une touche sp\u00e9ciale, renfor\u00e7ant les propri\u00e9t\u00e9s de ce m\u00e9lange unique. <\/p>\n<p>Ce miel poss\u00e8de des propri\u00e9t\u00e9s antimicrobiennes ainsi qu&rsquo;une valeur nutritive \u00e9lev\u00e9e. D\u00e9couvrez les multiples bienfaits de la curcuma, de ses propri\u00e9t\u00e9s antioxydantes et anti-inflammatoires \u00e0 sa capacit\u00e9 \u00e0 renforcer le syst\u00e8me immunitaire et \u00e0 favoriser la digestion. <\/p>\n<p>Si vous suivez un traitement anticoagulant, si vous souffrez de calculs biliaires, si vous \u00eates enceinte ou si vous devez subir une intervention chirurgicale, nous vous recommandons de consulter votre m\u00e9decin avant de consommer de la curcuma.<\/p>\n<p>Conserver entre 5 et 18\u00b0C pour pr\u00e9server sa fra\u00eecheur et sa qualit\u00e9.<\/p>\n<p><strong>Dose recommand\u00e9e :<\/strong><\/p>\n<p>Anti-inflammatoire : 1 cuill\u00e8re \u00e0 caf\u00e9 3 fois par jour.<\/p>\n<p>Digestif : de 1\/2 \u00e0 1 cuill\u00e8re \u00e0 caf\u00e9 avant les repas.<\/p>\n","protected":false},"excerpt":{"rendered":"<p>Miel cru multifloral cr\u00e9meux au curcuma biologique<\/p>\n","protected":false},"featured_media":17578,"template":"","meta":{"inline_featured_image":false},"product_brand":[],"product_cat":[553,226],"product_tag":[587],"class_list":{"0":"post-13836","1":"product","2":"type-product","3":"status-publish","4":"has-post-thumbnail","6":"product_cat-miel-brut","7":"product_cat-miel-naturel","8":"product_tag-miel-brut-cremeux","10":"first","11":"instock","12":"featured","13":"shipping-taxable","14":"purchasable","15":"product-type-variable","16":"has-default-attributes"},"booking_location":null,"booking_location_type":null,"booking_duration":null,"booking_buffer":null,"booking_cost":null,"booking_resources":null,"_links":{"self":[{"href":"https:\/\/www.abellaires.com\/fr\/wp-json\/wp\/v2\/product\/13836","targetHints":{"allow":["GET"]}}],"collection":[{"href":"https:\/\/www.abellaires.com\/fr\/wp-json\/wp\/v2\/product"}],"about":[{"href":"https:\/\/www.abellaires.com\/fr\/wp-json\/wp\/v2\/types\/product"}],"wp:featuredmedia":[{"embeddable":true,"href":"https:\/\/www.abellaires.com\/fr\/wp-json\/wp\/v2\/media\/17578"}],"wp:attachment":[{"href":"https:\/\/www.abellaires.com\/fr\/wp-json\/wp\/v2\/media?parent=13836"}],"wp:term":[{"taxonomy":"product_brand","embeddable":true,"href":"https:\/\/www.abellaires.com\/fr\/wp-json\/wp\/v2\/product_brand?post=13836"},{"taxonomy":"product_cat","embeddable":true,"href":"https:\/\/www.abellaires.com\/fr\/wp-json\/wp\/v2\/product_cat?post=13836"},{"taxonomy":"product_tag","embeddable":true,"href":"https:\/\/www.abellaires.com\/fr\/wp-json\/wp\/v2\/product_tag?post=13836"}],"curies":[{"name":"wp","href":"https:\/\/api.w.org\/{rel}","templated":true}]}}