{"id":13849,"date":"2025-03-20T20:07:16","date_gmt":"2025-03-20T19:07:16","guid":{"rendered":"https:\/\/www.abellaires.com\/product\/miel-ecologica-del-parque-natural-del-montgri\/"},"modified":"2026-02-03T11:06:14","modified_gmt":"2026-02-03T10:06:14","slug":"miel-ecologica-del-parque-natural-del-montgri","status":"publish","type":"product","link":"https:\/\/www.abellaires.com\/fr\/produit\/miel-ecologica-del-parque-natural-del-montgri\/","title":{"rendered":"Miel bio du parc naturel du Montgr\u00ed"},"content":{"rendered":"<h2>Un miel biologique aux ar\u00f4mes m\u00e9diterran\u00e9ens<\/h2>\n<p>Notre <strong>miel biologique<\/strong> du <strong>Parc Naturel du Montgr\u00ed<\/strong> est issu d\u2019une apiculture durable et respectueuse de l\u2019environnement. R\u00e9colt\u00e9 sur les terres ensoleill\u00e9es de la <strong>Costa Brava<\/strong>, ce miel est \u00e9labor\u00e9 \u00e0 partir du nectar de plantes m\u00e9diterran\u00e9ennes telles que le <strong>romarin<\/strong>, la <strong>garrigue<\/strong>, le <strong>ciste<\/strong> et le <strong>thym<\/strong>. Il en r\u00e9sulte un miel doux, floral, avec une touche l\u00e9g\u00e8rement balsamique.<\/p>\n<h2>Origine : Parc Naturel du Montgr\u00ed<\/h2>\n<p>Situ\u00e9 entre mer et montagne, le <strong>Parc Naturel du Montgr\u00ed, des \u00celes Medes et du Bas Ter<\/strong> est l\u2019un des joyaux \u00e9cologiques de la Catalogne. Son climat sec et ensoleill\u00e9, associ\u00e9 \u00e0 un relief calcaire, permet le d\u00e9veloppement d\u2019une flore typique de la M\u00e9diterran\u00e9e. Les ruchers sont install\u00e9s dans des zones prot\u00e9g\u00e9es, loin de toute pollution, o\u00f9 les abeilles butinent une grande vari\u00e9t\u00e9 de fleurs sauvages.<\/p>\n<h2>Une flore locale d&rsquo;une grande richesse<\/h2>\n<p>Le go\u00fbt subtil de ce <strong>miel biologique<\/strong> provient de la diversit\u00e9 des plantes pr\u00e9sentes dans le Montgr\u00ed. Le nectar de <strong>romarin<\/strong> (Rosmarinus officinalis) y est pr\u00e9dominant, accompagn\u00e9 de fleurs comme le <strong>gen\u00eat<\/strong>, la <strong>salsepareille<\/strong>, la <strong>rue<\/strong>, la <strong>sabine<\/strong>, les <strong>cistes blancs et noirs<\/strong>, entre autres esp\u00e8ces autochtones. Cette diversit\u00e9 florale conf\u00e8re \u00e0 ce miel un profil aromatique riche, avec des notes douces, r\u00e9sineuses et herbac\u00e9es.<\/p>\n<h2>Miel certifi\u00e9 biologique<\/h2>\n<p>Ce miel est <strong>certifi\u00e9 biologique selon les normes de l\u2019Union Europ\u00e9enne<\/strong>. Cela signifie que les abeilles sont \u00e9lev\u00e9es sans pesticides ni antibiotiques, dans un environnement naturel, et que la production respecte des m\u00e9thodes durables tout au long du processus : de la ruche jusqu\u2019au pot.<\/p>\n<h2>Miel certifi\u00e9 biologique et sans traitement<\/h2>\n<p>Ce miel est <strong>certifi\u00e9 biologique selon les normes europ\u00e9ennes<\/strong>. Il est <strong>ni chauff\u00e9, ni filtr\u00e9<\/strong>, ce qui permet de conserver l\u2019int\u00e9gralit\u00e9 de ses nutriments, enzymes, ar\u00f4mes et propri\u00e9t\u00e9s naturelles. Il peut contenir de petites impuret\u00e9s comme des fragments de cire ou de pollen, signes de son authenticit\u00e9.<\/p>\n<h2>Une apiculture locale et durable<\/h2>\n<p>Nous pratiquons une <strong>apiculture biologique et responsable<\/strong>, centr\u00e9e sur le respect du rythme des abeilles et des \u00e9cosyst\u00e8mes. Nos m\u00e9thodes favorisent la pollinisation des plantes locales, renforcent la biodiversit\u00e9 et garantissent la tra\u00e7abilit\u00e9 de chaque pot de miel. En achetant ce miel, vous soutenez une production artisanale, \u00e9thique et ancr\u00e9e dans le territoire de l\u2019Empord\u00e0.<\/p>\n<h2>Pourquoi choisir notre miel biologique du Montgr\u00ed ?<\/h2>\n<ul>\n<li>Miel certifi\u00e9 biologique (label UE)<\/li>\n<li>Riche en fleurs m\u00e9diterran\u00e9ennes locales<\/li>\n<li>Sans produits chimiques ni conservateurs<\/li>\n<li>Texture onctueuse et go\u00fbt authentique<\/li>\n<li>Produit localement en Catalogne, dans une zone prot\u00e9g\u00e9e<\/li>\n<\/ul>\n<h2>Conseils d\u2019utilisation<\/h2>\n<p>Ce miel s\u2019utilise au quotidien : dans les tisanes, les yaourts, sur les tartines ou dans les recettes sucr\u00e9es. Il est aussi appr\u00e9ci\u00e9 avec les fromages doux, dans la p\u00e2tisserie maison ou comme \u00e9dulcorant naturel pour une alimentation saine.<\/p>\n<h2>FAQ \u2013 Questions fr\u00e9quentes<\/h2>\n<dl>\n<dt><strong>Ce miel est-il r\u00e9ellement biologique ?<\/strong><\/dt>\n<dd>Oui, il est <strong>certifi\u00e9 bio<\/strong> selon les normes europ\u00e9ennes. Cela garantit un respect strict de l\u2019environnement, des abeilles et de la flore locale.<\/dd>\n<dt><strong>Peut-il cristalliser ?<\/strong><\/dt>\n<dd>Oui, la cristallisation est un ph\u00e9nom\u00e8ne naturel du miel, notamment lorsqu\u2019il est stock\u00e9 \u00e0 basse temp\u00e9rature. Cela n\u2019alt\u00e8re en rien sa qualit\u00e9.<\/dd>\n<dt><strong>Convient-il aux personnes v\u00e9ganes ?<\/strong><\/dt>\n<dd>Le miel \u00e9tant un produit d\u2019origine animale (abeilles), il ne peut pas \u00eatre consid\u00e9r\u00e9 comme v\u00e9gan, m\u00eame s\u2019il est naturel et \u00e9cologique.<\/dd>\n<dt><strong>Est-il adapt\u00e9 aux enfants ?<\/strong><\/dt>\n<dd>Comme tout miel, il n\u2019est <strong>pas recommand\u00e9 aux enfants de moins d\u2019un an<\/strong>. \u00c0 partir de cet \u00e2ge, il peut \u00eatre consomm\u00e9 normalement.<\/dd>\n<\/dl>\n<h2>Offrez-vous un bout de nature catalane<\/h2>\n<p>Avec notre <strong>miel biologique<\/strong> du Montgr\u00ed, vous faites entrer chez vous les saveurs d\u2019un paysage prot\u00e9g\u00e9, le fruit du travail d\u2019abeilles heureuses dans un coin pr\u00e9serv\u00e9 de la M\u00e9diterran\u00e9e.<br \/>\n<strong>Soutenez l\u2019apiculture artisanale et go\u00fbtez \u00e0 l\u2019authenticit\u00e9 naturelle de l\u2019Empord\u00e0.<\/strong><\/p>\n<p style=\"text-align: right;\"><img class=\"lazyload\" decoding=\"async\" src=\"data:image\/svg+xml,%3Csvg%20xmlns%3D%27http%3A%2F%2Fwww.w3.org%2F2000%2Fsvg%27%20width%3D%27117%27%20height%3D%2778%27%20viewBox%3D%270%200%20117%2078%27%3E%3Crect%20width%3D%27117%27%20height%3D%2778%27%20fill-opacity%3D%220%22%2F%3E%3C%2Fsvg%3E\" data-orig-src=\"https:\/\/www.abellaires.com\/botiga\/img\/cms\/logo-ccpae-producte-mel-ecologica.jpg\" alt=\"Miel bio certifi\u00e9\" width=\"117\" height=\"78\" \/><\/p>\n","protected":false},"excerpt":{"rendered":"<ul>\n<li>Miel biologique du Montgr\u00ed (Costa Brava), au romarin et aux fleurs m\u00e9diterran\u00e9ennes.<\/li>\n<li>Ni chauff\u00e9, ni filtr\u00e9.<\/li>\n<li>100% naturel.<\/li>\n<\/ul>\n","protected":false},"featured_media":12244,"template":"","meta":{"inline_featured_image":false},"product_brand":[],"product_cat":[431,226],"product_tag":[549],"class_list":{"0":"post-13849","1":"product","2":"type-product","3":"status-publish","4":"has-post-thumbnail","6":"product_cat-miel-bio","7":"product_cat-miel-naturel","8":"product_tag-bio","10":"first","11":"instock","12":"featured","13":"shipping-taxable","14":"purchasable","15":"product-type-variable","16":"has-default-attributes"},"booking_location":null,"booking_location_type":null,"booking_duration":null,"booking_buffer":null,"booking_cost":null,"booking_resources":null,"_links":{"self":[{"href":"https:\/\/www.abellaires.com\/fr\/wp-json\/wp\/v2\/product\/13849","targetHints":{"allow":["GET"]}}],"collection":[{"href":"https:\/\/www.abellaires.com\/fr\/wp-json\/wp\/v2\/product"}],"about":[{"href":"https:\/\/www.abellaires.com\/fr\/wp-json\/wp\/v2\/types\/product"}],"wp:featuredmedia":[{"embeddable":true,"href":"https:\/\/www.abellaires.com\/fr\/wp-json\/wp\/v2\/media\/12244"}],"wp:attachment":[{"href":"https:\/\/www.abellaires.com\/fr\/wp-json\/wp\/v2\/media?parent=13849"}],"wp:term":[{"taxonomy":"product_brand","embeddable":true,"href":"https:\/\/www.abellaires.com\/fr\/wp-json\/wp\/v2\/product_brand?post=13849"},{"taxonomy":"product_cat","embeddable":true,"href":"https:\/\/www.abellaires.com\/fr\/wp-json\/wp\/v2\/product_cat?post=13849"},{"taxonomy":"product_tag","embeddable":true,"href":"https:\/\/www.abellaires.com\/fr\/wp-json\/wp\/v2\/product_tag?post=13849"}],"curies":[{"name":"wp","href":"https:\/\/api.w.org\/{rel}","templated":true}]}}