{"id":14002,"date":"2025-03-20T19:27:22","date_gmt":"2025-03-20T18:27:22","guid":{"rendered":"https:\/\/www.abellaires.com\/product\/cuchara-de-madera-especial-para-miel\/"},"modified":"2025-06-19T10:41:01","modified_gmt":"2025-06-19T08:41:01","slug":"cuchara-de-madera-especial-para-miel","status":"publish","type":"product","link":"https:\/\/www.abellaires.com\/fr\/produit\/cuchara-de-madera-especial-para-miel\/","title":{"rendered":"Cuill\u00e8re en bois sp\u00e9cial pour le miel"},"content":{"rendered":"<p>Cuill\u00e8re en bois de buis sp\u00e9ciale pour le miel<\/p>\n","protected":false},"excerpt":{"rendered":"<p>Cuill\u00e8re en bois de buis sp\u00e9ciale pour le miel<\/p>\n","protected":false},"featured_media":13447,"template":"","meta":{"inline_featured_image":false},"product_brand":[],"product_cat":[392],"product_tag":[],"class_list":{"0":"post-14002","1":"product","2":"type-product","3":"status-publish","4":"has-post-thumbnail","6":"product_cat-autres-produits","8":"first","9":"instock","10":"shipping-taxable","11":"purchasable","12":"product-type-simple"},"booking_location":null,"booking_location_type":null,"booking_duration":null,"booking_buffer":null,"booking_cost":null,"booking_resources":null,"_links":{"self":[{"href":"https:\/\/www.abellaires.com\/fr\/wp-json\/wp\/v2\/product\/14002","targetHints":{"allow":["GET"]}}],"collection":[{"href":"https:\/\/www.abellaires.com\/fr\/wp-json\/wp\/v2\/product"}],"about":[{"href":"https:\/\/www.abellaires.com\/fr\/wp-json\/wp\/v2\/types\/product"}],"wp:featuredmedia":[{"embeddable":true,"href":"https:\/\/www.abellaires.com\/fr\/wp-json\/wp\/v2\/media\/13447"}],"wp:attachment":[{"href":"https:\/\/www.abellaires.com\/fr\/wp-json\/wp\/v2\/media?parent=14002"}],"wp:term":[{"taxonomy":"product_brand","embeddable":true,"href":"https:\/\/www.abellaires.com\/fr\/wp-json\/wp\/v2\/product_brand?post=14002"},{"taxonomy":"product_cat","embeddable":true,"href":"https:\/\/www.abellaires.com\/fr\/wp-json\/wp\/v2\/product_cat?post=14002"},{"taxonomy":"product_tag","embeddable":true,"href":"https:\/\/www.abellaires.com\/fr\/wp-json\/wp\/v2\/product_tag?post=14002"}],"curies":[{"name":"wp","href":"https:\/\/api.w.org\/{rel}","templated":true}]}}