{"id":16142,"date":"2025-05-27T11:19:36","date_gmt":"2025-05-27T09:19:36","guid":{"rendered":"https:\/\/www.abellaires.com\/?post_type=product&#038;p=16142"},"modified":"2026-01-07T17:03:56","modified_gmt":"2026-01-07T16:03:56","slug":"miel-de-thym","status":"publish","type":"product","link":"https:\/\/www.abellaires.com\/fr\/produit\/miel-de-thym\/","title":{"rendered":"Miel de thym de Catalogne"},"content":{"rendered":"<p>R\u00e9colte de printemps<\/p>\n<p><strong>Ar\u00f4me floral<\/strong>, persistant et incomparable qui rappelle son origine, la fleur de thym.<\/p>\n<p>En bouche, c&rsquo;est un miel doux avec une l\u00e9g\u00e8re touche acide persistante.<\/p>\n<p>C&rsquo;est l&rsquo;un des miels monofloraux les plus appr\u00e9ci\u00e9s pour ses propri\u00e9t\u00e9s m\u00e9dicinales :<\/p>\n<ul>\n<li><strong>antiseptique<\/strong><\/li>\n<li><strong>tr\u00e8s adapt\u00e9 pour la toux, le rhume et les probl\u00e8mes de gorge<\/strong><\/li>\n<li><strong>stimule les fonctions digestives<\/strong><\/li>\n<li><strong>antioxydant<\/strong><\/li>\n<\/ul>\n<p>Ce miel peut durcir avec le temps. Si vous le souhaitez plus liquide, nous recommandons de le r\u00e9chauffer au bain-marie pour lui redonner son \u00e9tat liquide.<\/p>\n<p><strong>R\u00e9compens\u00e9e au Concours Girona Excel\u00b7lent, Label de Qualit\u00e9 Agroalimentaire 2025-2026.<\/strong><\/p>\n","protected":false},"excerpt":{"rendered":"<p>Miel de thym printanier de Catalogne. Floral, antiseptique, digestif et antioxydant. <strong>R\u00e9compens\u00e9e au Concours Girona Excel\u00b7lent, Label de Qualit\u00e9 Agroalimentaire 2025-2026.<\/strong><\/p>\n","protected":false},"featured_media":17599,"template":"","meta":{"inline_featured_image":false},"product_brand":[595],"product_cat":[600,226],"product_tag":[],"class_list":{"0":"post-16142","1":"product","2":"type-product","3":"status-publish","4":"has-post-thumbnail","6":"product_brand-abellaires-empordanesos","7":"product_cat-miel-monofloral","8":"product_cat-miel-naturel","10":"first","11":"instock","12":"shipping-taxable","13":"purchasable","14":"product-type-variable","15":"has-default-attributes"},"booking_location":null,"booking_location_type":null,"booking_duration":null,"booking_buffer":null,"booking_cost":null,"booking_resources":null,"_links":{"self":[{"href":"https:\/\/www.abellaires.com\/fr\/wp-json\/wp\/v2\/product\/16142","targetHints":{"allow":["GET"]}}],"collection":[{"href":"https:\/\/www.abellaires.com\/fr\/wp-json\/wp\/v2\/product"}],"about":[{"href":"https:\/\/www.abellaires.com\/fr\/wp-json\/wp\/v2\/types\/product"}],"wp:featuredmedia":[{"embeddable":true,"href":"https:\/\/www.abellaires.com\/fr\/wp-json\/wp\/v2\/media\/17599"}],"wp:attachment":[{"href":"https:\/\/www.abellaires.com\/fr\/wp-json\/wp\/v2\/media?parent=16142"}],"wp:term":[{"taxonomy":"product_brand","embeddable":true,"href":"https:\/\/www.abellaires.com\/fr\/wp-json\/wp\/v2\/product_brand?post=16142"},{"taxonomy":"product_cat","embeddable":true,"href":"https:\/\/www.abellaires.com\/fr\/wp-json\/wp\/v2\/product_cat?post=16142"},{"taxonomy":"product_tag","embeddable":true,"href":"https:\/\/www.abellaires.com\/fr\/wp-json\/wp\/v2\/product_tag?post=16142"}],"curies":[{"name":"wp","href":"https:\/\/api.w.org\/{rel}","templated":true}]}}