{"id":17436,"date":"2025-08-11T12:38:27","date_gmt":"2025-08-11T10:38:27","guid":{"rendered":"https:\/\/www.abellaires.com\/?post_type=product&#038;p=17436"},"modified":"2026-02-04T09:30:21","modified_gmt":"2026-02-04T08:30:21","slug":"miel-cru-bruyere","status":"publish","type":"product","link":"https:\/\/www.abellaires.com\/fr\/produit\/miel-cru-bruyere\/","title":{"rendered":"Miel cru cr\u00e9meux de bruy\u00e8re du littoral catalan"},"content":{"rendered":"<p><strong data-start=\"140\" data-end=\"174\">Miel cr\u00e9meux du littoral catalan<\/strong>, r\u00e9colt\u00e9 au printemps. Il pr\u00e9sente un <strong>ar\u00f4me floral, intense et tr\u00e8s persistant<\/strong>, avec des notes rappelant le feuillage d\u2019automne. En bouche, il est doux, avec des touches sal\u00e9es et des nuances caram\u00e9lis\u00e9es.<\/p>\n<p>Le miel <strong>qui n&rsquo;est ni chauff\u00e9 ni filtr\u00e9<\/strong> , conserve 100% de ses propri\u00e9t\u00e9s naturelles et peut contenir de petites impuret\u00e9s, signe de sa <strong>puret\u00e9 et de sa qualit\u00e9 artisanale<\/strong> .<\/p>\n<p>Le miel de bruy\u00e8re est particuli\u00e8rement <strong>riche en min\u00e9raux<\/strong> tels que <strong>le fer, le calcium et le magn\u00e9sium<\/strong>, ce qui le rend id\u00e9al pour les personnes ayant besoin d\u2019un regain d\u2019\u00e9nergie ou souffrant de <strong>fatigue chronique ou d\u2019an\u00e9mie<\/strong>. Il contient \u00e9galement des enzymes naturelles, des antioxydants et des compos\u00e9s anti-inflammatoires qui contribuent au <strong>bien-\u00eatre g\u00e9n\u00e9ral<\/strong>.<\/p>\n<p>Selon la tradition populaire, le miel de bruy\u00e8re aide \u00e0 :<\/p>\n<ul>\n<li><strong>Renforcer le syst\u00e8me immunitaire<\/strong><\/li>\n<li><strong>combattre l\u2019an\u00e9mie et la fatigue,<\/strong><\/li>\n<li><strong>Am\u00e9liorer les performances physiques et mentales<\/strong><\/li>\n<li><strong>Soulager les affections urinaires et respiratoires<\/strong><\/li>\n<\/ul>\n<p>Ce miel <strong data-start=\"153\" data-end=\"164\">cr\u00e9meux<\/strong> est id\u00e9al \u00e0 tartiner, ainsi qu\u2019\u00e0 int\u00e9grer dans nos recettes gr\u00e2ce \u00e0 sa texture, qui le rend tr\u00e8s facile \u00e0 manipuler.<\/p>\n<p data-start=\"1456\" data-end=\"1585\"><strong>R\u00e9compens\u00e9<\/strong> au <strong data-start=\"1601\" data-end=\"1677\">Concours Girona Excel\u00b7lent<\/strong> \u2013 Label de Qualit\u00e9 Agroalimentaire 2025-2026.<\/p>\n<p>&nbsp;<\/p>\n<p>&nbsp;<\/p>\n","protected":false},"excerpt":{"rendered":"<ul>\n<li>Label de Qualit\u00e9 2025-2026 Girona Excel\u00b7lent.<\/li>\n<li>Miel cru cr\u00e9meux du littoral catalan.<\/li>\n<li>100% naturel, non chauff\u00e9 ni filtr\u00e9.<\/li>\n<li>Touches sal\u00e9es, nuances caram\u00e9lis\u00e9es.<\/li>\n<li>Texture id\u00e9ale \u00e0 tartiner.<\/li>\n<\/ul>\n","protected":false},"featured_media":17421,"template":"","meta":{"inline_featured_image":false},"product_brand":[595],"product_cat":[553,226],"product_tag":[587],"class_list":{"0":"post-17436","1":"product","2":"type-product","3":"status-publish","4":"has-post-thumbnail","6":"product_brand-abellaires-empordanesos","7":"product_cat-miel-brut","8":"product_cat-miel-naturel","9":"product_tag-miel-brut-cremeux","11":"first","12":"instock","13":"featured","14":"shipping-taxable","15":"purchasable","16":"product-type-variable","17":"has-default-attributes"},"booking_location":null,"booking_location_type":null,"booking_duration":null,"booking_buffer":null,"booking_cost":null,"booking_resources":null,"_links":{"self":[{"href":"https:\/\/www.abellaires.com\/fr\/wp-json\/wp\/v2\/product\/17436","targetHints":{"allow":["GET"]}}],"collection":[{"href":"https:\/\/www.abellaires.com\/fr\/wp-json\/wp\/v2\/product"}],"about":[{"href":"https:\/\/www.abellaires.com\/fr\/wp-json\/wp\/v2\/types\/product"}],"wp:featuredmedia":[{"embeddable":true,"href":"https:\/\/www.abellaires.com\/fr\/wp-json\/wp\/v2\/media\/17421"}],"wp:attachment":[{"href":"https:\/\/www.abellaires.com\/fr\/wp-json\/wp\/v2\/media?parent=17436"}],"wp:term":[{"taxonomy":"product_brand","embeddable":true,"href":"https:\/\/www.abellaires.com\/fr\/wp-json\/wp\/v2\/product_brand?post=17436"},{"taxonomy":"product_cat","embeddable":true,"href":"https:\/\/www.abellaires.com\/fr\/wp-json\/wp\/v2\/product_cat?post=17436"},{"taxonomy":"product_tag","embeddable":true,"href":"https:\/\/www.abellaires.com\/fr\/wp-json\/wp\/v2\/product_tag?post=17436"}],"curies":[{"name":"wp","href":"https:\/\/api.w.org\/{rel}","templated":true}]}}