{"id":17653,"date":"2025-08-27T14:35:38","date_gmt":"2025-08-27T12:35:38","guid":{"rendered":"https:\/\/www.abellaires.com\/?post_type=product&#038;p=17653"},"modified":"2025-08-28T16:10:33","modified_gmt":"2025-08-28T14:10:33","slug":"bougie-100-pure-cire-dabeille-80-g-copia","status":"publish","type":"product","link":"https:\/\/www.abellaires.com\/fr\/produit\/bougie-100-pure-cire-dabeille-80-g-copia\/","title":{"rendered":"Bougie aromatique 100 % cire d\u2019abeille pure (350 g)"},"content":{"rendered":"<p><strong>Bougie aromatique 100 % cire d\u2019abeille pure<\/strong><\/p>\n<p>Fabriqu\u00e9e artisanalement avec la cire de nos abeilles, <strong>100 % naturelle, sans additifs ni r\u00e9sidus<\/strong><\/p>\n<ul>\n<li>Son doux parfum aux notes de miel d\u00e9tend, facilite la respiration et favorise un sommeil profond.<\/li>\n<li>Sa lumi\u00e8re chaude et \u00e9l\u00e9gante cr\u00e9e une ambiance chaleureuse.<\/li>\n<li>L\u2019alternative \u00e9cologique et saine aux bougies \u00e0 la paraffine.<\/li>\n<\/ul>\n","protected":false},"excerpt":{"rendered":"<p>Bougie 100 % cire pure de nos abeilles de l\u2019Empord\u00e0.<\/p>\n","protected":false},"featured_media":17657,"template":"","meta":{"inline_featured_image":false},"product_brand":[],"product_cat":[392],"product_tag":[],"class_list":{"0":"post-17653","1":"product","2":"type-product","3":"status-publish","4":"has-post-thumbnail","6":"product_cat-autres-produits","8":"first","9":"instock","10":"shipping-taxable","11":"purchasable","12":"product-type-simple"},"booking_location":null,"booking_location_type":null,"booking_duration":null,"booking_buffer":null,"booking_cost":null,"booking_resources":null,"_links":{"self":[{"href":"https:\/\/www.abellaires.com\/fr\/wp-json\/wp\/v2\/product\/17653","targetHints":{"allow":["GET"]}}],"collection":[{"href":"https:\/\/www.abellaires.com\/fr\/wp-json\/wp\/v2\/product"}],"about":[{"href":"https:\/\/www.abellaires.com\/fr\/wp-json\/wp\/v2\/types\/product"}],"wp:featuredmedia":[{"embeddable":true,"href":"https:\/\/www.abellaires.com\/fr\/wp-json\/wp\/v2\/media\/17657"}],"wp:attachment":[{"href":"https:\/\/www.abellaires.com\/fr\/wp-json\/wp\/v2\/media?parent=17653"}],"wp:term":[{"taxonomy":"product_brand","embeddable":true,"href":"https:\/\/www.abellaires.com\/fr\/wp-json\/wp\/v2\/product_brand?post=17653"},{"taxonomy":"product_cat","embeddable":true,"href":"https:\/\/www.abellaires.com\/fr\/wp-json\/wp\/v2\/product_cat?post=17653"},{"taxonomy":"product_tag","embeddable":true,"href":"https:\/\/www.abellaires.com\/fr\/wp-json\/wp\/v2\/product_tag?post=17653"}],"curies":[{"name":"wp","href":"https:\/\/api.w.org\/{rel}","templated":true}]}}