{"id":7513,"date":"2023-12-14T07:54:00","date_gmt":"2023-12-14T06:54:00","guid":{"rendered":"http:\/\/dev.abellaires.com\/product\/apicultors-per-un-dia\/"},"modified":"2026-03-23T16:13:16","modified_gmt":"2026-03-23T15:13:16","slug":"apiculteurs-pour-un-jour","status":"publish","type":"product","link":"https:\/\/www.abellaires.com\/fr\/produit\/apiculteurs-pour-un-jour\/","title":{"rendered":"Apiculteurs d&rsquo;un jour"},"content":{"rendered":"<h2 id=\"reserver\"><strong>R\u00e9server<\/strong><\/h2>\n<p class=\"p1\">Si votre r\u00e9servation comprend des adultes et des enfants, achetez d\u2019abord les billets adultes puis effectuez un second achat pour les billets enfants.<\/p>\n<!--\nPlugin Name: Bookly - Responsive WordPress Appointment Booking and Scheduling Plugin\nPlugin URI: https:\/\/www.booking-wp-plugin.com\/?utm_source=bookly_admin&utm_medium=plugins_page&utm_campaign=plugins_page\nVersion: 27.5-->\n<style type=\"text\/css\">\n    :root {\n        --bookly-main-color: #000000 !important;\n        --bookly-color: #000000 !important;\n    }\n\n    <\/style><div class=\"bookly-css-root\">\n    <div id=\"bookly-form-container-69fe180345fd2\" class=\"bookly-form\" data-form_id=\"\" aria-live=\"polite\">\n        <div style=\"text-align: center\"><img class=\"lazyload\" decoding=\"async\" src=\"data:image\/gif;base64,R0lGODlhAQABAAAAACH5BAEKAAEALAAAAAABAAEAAAICTAEAOw==\" data-orig-src=\"https:\/\/www.abellaires.com\/wp-includes\/js\/tinymce\/skins\/lightgray\/img\/loader.gif\" alt=\"Chargement...\"\/><\/div>\n    <\/div>\n<\/div>\n<script type=\"text\/javascript\">\n    (function (win, fn) {\n        var done = false, top = true,\n            doc = win.document,\n            root = doc.documentElement,\n            modern = doc.addEventListener,\n            add = modern ? 'addEventListener' : 'attachEvent',\n            rem = modern ? 'removeEventListener' : 'detachEvent',\n            pre = modern ? '' : 'on',\n            init = function (e) {\n                if (e.type == 'readystatechange') if (doc.readyState != 'complete') return;\n                (e.type == 'load' ? win : doc)[rem](pre + e.type, init, false);\n                if (!done) {\n                    done = true;\n                    fn.call(win, e.type || e);\n                }\n            },\n            poll = function () {\n                try {\n                    root.doScroll('left');\n                } catch (e) {\n                    setTimeout(poll, 50);\n                    return;\n                }\n                init('poll');\n            };\n        if (doc.readyState == 'complete') fn.call(win, 'lazy');\n        else {\n            if (!modern) if (root.doScroll) {\n                try {\n                    top = !win.frameElement;\n                } catch (e) {\n                }\n                if (top) poll();\n            }\n            doc[add](pre + 'DOMContentLoaded', init, false);\n            doc[add](pre + 'readystatechange', init, false);\n            win[add](pre + 'load', init, false);\n        }\n    })(window, function () {\n        window.bookly( {\"form_id\":\"69fe180345fd2\",\"form_data\":{\"skip_service_step\":0,\"hide_service_part1\":0,\"hide_service_part2\":1,\"defaults\":{\"service_id\":4,\"staff_id\":0,\"location_id\":0,\"category_id\":1,\"units\":0,\"date_from\":0,\"time_from\":0,\"time_to\":0}},\"status\":{\"booking\":\"new\"},\"form_token\":null,\"skip_steps\":{\"service_part1\":0,\"service_part2\":1,\"extras\":1,\"time\":0,\"repeat\":1,\"cart\":1},\"errors\":{\"session_error\":\"Erreur Session.\",\"form_id_error\":\"ID Formulaire d'erreur.\",\"cart_item_not_available\":\"Le cr\\u00e9neau horaire s\\u00e9lectionn\\u00e9 n'est plus disponible. Merci d'en choisir un autre.\",\"pay_locally_not_available\":\"Le paiement local n'est pas disponible.\",\"invalid_gateway\":\"Portail invalide.\",\"payment_error\":\"Erreur.\",\"incorrect_username_password\":\"Identifiant ou mot de passe incorrect.\"},\"form_attributes\":{\"hide_categories\":true,\"hide_services\":false,\"hide_staff_members\":true,\"show_number_of_persons\":true,\"hide_service_duration\":true,\"hide_locations\":true,\"hide_quantity\":true,\"hide_date\":true,\"hide_week_days\":true,\"hide_time_range\":true,\"const_category_id\":1},\"use_client_time_zone\":0,\"defaults\":{\"service_id\":4,\"staff_id\":0,\"location_id\":0,\"category_id\":1},\"datepicker_mode\":\"text-accent\",\"facebook\":{\"enabled\":0,\"appId\":\"\"}} );\n    });\n<\/script>\n<h2 data-start=\"43\" data-end=\"77\">Visite Apicole dans l\u2019Empord\u00e0<\/h2>\n<p data-start=\"78\" data-end=\"194\"><strong data-start=\"78\" data-end=\"91\">P\u00e9riode :<\/strong> Printemps et automne<br data-start=\"112\" data-end=\"115\" \/><strong data-start=\"115\" data-end=\"134\">Jour et heure :<\/strong> Samedis \u00e0 9h30<br data-start=\"149\" data-end=\"152\" \/><strong data-start=\"152\" data-end=\"177\">Dur\u00e9e approximative :<\/strong> 2 \u2013 2,5 heures<\/p>\n<p data-start=\"196\" data-end=\"327\">Vivez une <strong>exp\u00e9rience unique<\/strong> avec <em data-start=\"229\" data-end=\"254\"><strong>Abellaires Empordanesos<\/strong><\/em>, o\u00f9 vous d\u00e9couvrirez de premi\u00e8re main le fascinant monde des abeilles.<\/p>\n<p data-start=\"329\" data-end=\"549\">Apr\u00e8s nous \u00eatre \u00e9quip\u00e9s de la tenue d\u2019apiculteur, nous <strong>nous dirigerons vers le rucher<\/strong>\u00a0(\u00e0 seulement 5 minutes en voiture). L\u00e0, nous d\u00e9couvrirons l\u2019environnement naturel et la flore mellif\u00e8re qui nourrit nos abeilles.<\/p>\n<p data-start=\"551\" data-end=\"748\">Nous <strong>ouvrirons la ruche<\/strong> pour observer en direct l\u2019organisation et le travail de chaque abeille, et d\u00e9couvrirons l\u2019importance de l\u2019enfumoir et de la d\u00e9soperculeuse dans le travail de l\u2019apiculteur.<\/p>\n<p data-start=\"750\" data-end=\"935\">L\u2019exp\u00e9rience inclut un moment pour r\u00e9pondre \u00e0 toutes vos questions, une courte visite de notre atelier et, pour finir, une <strong>d\u00e9gustation de trois miels<\/strong> issus de notre propre production.<\/p>\n<p data-start=\"937\" data-end=\"1068\">Nous terminerons la visite \u00e0 la <strong>boutique<\/strong>, o\u00f9 vous pourrez trouver une grande vari\u00e9t\u00e9 de miels et de produits d\u00e9riv\u00e9s de la ruche.<\/p>\n<p data-start=\"1070\" data-end=\"1149\"><strong>Une exp\u00e9rience douce, \u00e9ducative et authentique, id\u00e9ale pour toute la famille.<\/strong><\/p>\n<h3 class=\"fusion-text fusion-text-2\"><strong>Pr\u00e9cautions:<\/strong><\/h3>\n<div class=\"flex-1 overflow-hidden\">\n<div class=\"react-scroll-to-bottom--css-dewln-79elbk h-full\">\n<div class=\"react-scroll-to-bottom--css-dewln-1n7m0yu\">\n<div class=\"flex flex-col text-sm pb-9\">\n<div class=\"w-full text-token-text-primary\" data-testid=\"conversation-turn-91\">\n<div class=\"px-4 py-2 justify-center text-base md:gap-6 m-auto\">\n<div class=\"flex flex-1 text-base mx-auto gap-3 md:px-5 lg:px-1 xl:px-5 md:max-w-3xl lg:max-w-[40rem] xl:max-w-[48rem] group final-completion\">\n<div class=\"relative flex w-full flex-col agent-turn\">\n<div class=\"flex-col gap-1 md:gap-3\">\n<div class=\"flex flex-grow flex-col max-w-full\">\n<div class=\"min-h-[20px] text-message flex flex-col items-start gap-3 whitespace-pre-wrap break-words [.text-message+&amp;]:mt-5 overflow-x-auto\" data-message-author-role=\"assistant\" data-message-id=\"5416720e-1996-444b-aaf6-52f6c6cde289\">\n<div class=\"markdown prose w-full break-words dark:prose-invert light\">\n<ul>\n<li>Activit\u00e9 NON adapt\u00e9e aux personnes \u00e0 mobilit\u00e9 r\u00e9duite ni aux enfants de moins de 5 ans.<\/li>\n<li>Non recommand\u00e9 aux personnes allergiques aux abeilles.<\/li>\n<li>La visite comprend la tenue d&rsquo;apiculteur qui sera restitu\u00e9e \u00e0 la fin de l&rsquo;activit\u00e9, chaque personne doit apporter ses propres chaussures ; Nous recommandons un type de botte qui couvre la cheville.<\/li>\n<\/ul>\n<h3><strong>Informations importantes pour l&rsquo;\u00e9t\u00e9 :<\/strong><\/h3>\n<ul>\n<li>Durant les mois de juillet et ao\u00fbt, cette activit\u00e9 n&rsquo;aura pas lieu aux dates pr\u00e9vues, mais vous avez la possibilit\u00e9 de faire une r\u00e9servation en groupe le jour que vous souhaitez. En raison des temp\u00e9ratures estivales, le rendez-vous sera \u00e0 8h30 dans nos installations de Garriguella.<\/li>\n<\/ul>\n<h3><strong>Annulations:<\/strong><\/h3>\n<ul>\n<li>L&rsquo;annulation de la r\u00e9servation communiqu\u00e9e avant 48 heures de la visite entra\u00eenera une p\u00e9nalit\u00e9 de 10% du montant total.<\/li>\n<li>L&rsquo;annulation de la r\u00e9servation dans les 48 heures pr\u00e9c\u00e9dant le jour de la visite entra\u00eenera la perte du montant total de la r\u00e9servation (vous avez la possibilit\u00e9 de c\u00e9der la r\u00e9servation \u00e0 des tiers, \u00e0 condition de nous pr\u00e9venir au pr\u00e9alable).<\/li>\n<li>Cette activit\u00e9 peut \u00eatre sujette \u00e0 des modifications ou annulations en fonction des pr\u00e9visions m\u00e9t\u00e9orologiques. En cas d&rsquo;annulation, de nouvelles dates seront propos\u00e9es.<\/li>\n<\/ul>\n<\/div>\n<\/div>\n<\/div>\n<div class=\"mt-1 flex justify-start gap-3 empty:hidden\">\n<h2 class=\"text-gray-400 flex self-end lg:self-center items-center justify-center lg:justify-start mt-0 -ml-1 h-7 gap-[2px] visible\">Choses \u00e0 consid\u00e9rer avant votre visite :<\/h2>\n<\/div>\n<div class=\"pr-2 lg:pr-0\">\n<h3><strong><em>Conditions<\/em><\/strong><\/h3>\n<ul>\n<li>La r\u00e9servation n&rsquo;est valable que pour le jour et l&rsquo;heure r\u00e9serv\u00e9s.<\/li>\n<li>Nous vous demandons <strong>d&rsquo;arriver 5 ou 10 minutes avant<\/strong> l&rsquo;heure de d\u00e9part.<\/li>\n<\/ul>\n<h3><strong><em>Que devez-vous apporter ?<\/em><\/strong><\/h3>\n<ul>\n<li><strong>CHAUSSURES ADAPT\u00c9ES<\/strong> : Nous recommandons des bottes \u00e0 talons moyens ou hauts.<\/li>\n<li><strong>Pas de parfums ni d&rsquo;a\u00e9rosols :<\/strong> il est pr\u00e9f\u00e9rable de ne pas les utiliser avant la visite.<\/li>\n<li>Si vous avez les cheveux longs, il est recommand\u00e9 de porter un \u00e9lastique ou similaire pour maintenir vos cheveux attach\u00e9s et ne pas vous d\u00e9ranger une fois que vous avez mis le masque d&rsquo;apiculteur.<\/li>\n<\/ul>\n<h3><strong><em>Que comprend le prix de l&rsquo;exp\u00e9rience ?<\/em><\/strong><\/h3>\n<ul>\n<li>Visite des ruches en campagne (nous mettons \u00e0 votre disposition le mat\u00e9riel apicole)<\/li>\n<li>D\u00e9gustation des miels les plus repr\u00e9sentatifs de notre ferme<\/li>\n<\/ul>\n<h3><strong><em>Qu&rsquo;est-ce qui n&rsquo;est PAS inclus dans le prix ?<\/em><\/strong><\/h3>\n<ul>\n<li>Transfert de notre centre apicole au rucher (vous devez venir avec votre propre v\u00e9hicule)<\/li>\n<li>Chaussures propres<\/li>\n<\/ul>\n<h3><strong><em>Point de rencontre <\/em><\/strong><\/h3>\n<ul>\n<li>Boutique <a href=\"https:\/\/www.abellaires.com\/fr\/contacter\/\">Abellaires Empordanesos<\/a> , situ\u00e9e au c. Saint-S\u00e9bastien, 5 &#8211; 17780 Garriguella (G\u00e9rone)<\/li>\n<\/ul>\n<p>&nbsp;<\/p>\n<\/div>\n<\/div>\n<\/div>\n<\/div>\n<\/div>\n<\/div>\n<\/div>\n<\/div>\n<\/div>\n<\/div>\n","protected":false},"excerpt":{"rendered":"<p>Venez d\u00e9couvrir notre quotidien d\u2019apiculteurs et visitez nos ruchers \u00e0 l\u2019Albera, \u00e0 l\u2019extr\u00e9mit\u00e9 orientale des Pyr\u00e9n\u00e9es. Une exp\u00e9rience unique, parfaite \u00e0 offrir. Visites en catalan et en espagnol.<\/p>\n<p>PRIX ADULTE: 39\u20ac.<\/p>\n<p>PRIX ENFANT (5-14 ans): 21\u20ac.<\/p>\n<p>\ud83d\udc49 <a href=\"#reserver\"><span style=\"text-decoration: underline;\"><strong>R\u00c9SERVER<\/strong><\/span><\/a> ou <a href=\"https:\/\/www.abellaires.com\/fr\/produit\/cadeau-apitourisme\/\"><span style=\"text-decoration: underline;\"><strong>OFFRIR<\/strong><\/span><\/a><\/p>\n","protected":false},"featured_media":5184,"template":"","meta":{"inline_featured_image":false},"product_brand":[],"product_cat":[211,540],"product_tag":[],"class_list":{"0":"post-7513","1":"product","2":"type-product","3":"status-publish","4":"has-post-thumbnail","6":"product_cat-reserva-fr","7":"product_cat-visites-fr","9":"first","10":"instock","11":"virtual","12":"product-type-simple"},"booking_location":null,"booking_location_type":null,"booking_duration":null,"booking_buffer":null,"booking_cost":null,"booking_resources":null,"_links":{"self":[{"href":"https:\/\/www.abellaires.com\/fr\/wp-json\/wp\/v2\/product\/7513","targetHints":{"allow":["GET"]}}],"collection":[{"href":"https:\/\/www.abellaires.com\/fr\/wp-json\/wp\/v2\/product"}],"about":[{"href":"https:\/\/www.abellaires.com\/fr\/wp-json\/wp\/v2\/types\/product"}],"wp:featuredmedia":[{"embeddable":true,"href":"https:\/\/www.abellaires.com\/fr\/wp-json\/wp\/v2\/media\/5184"}],"wp:attachment":[{"href":"https:\/\/www.abellaires.com\/fr\/wp-json\/wp\/v2\/media?parent=7513"}],"wp:term":[{"taxonomy":"product_brand","embeddable":true,"href":"https:\/\/www.abellaires.com\/fr\/wp-json\/wp\/v2\/product_brand?post=7513"},{"taxonomy":"product_cat","embeddable":true,"href":"https:\/\/www.abellaires.com\/fr\/wp-json\/wp\/v2\/product_cat?post=7513"},{"taxonomy":"product_tag","embeddable":true,"href":"https:\/\/www.abellaires.com\/fr\/wp-json\/wp\/v2\/product_tag?post=7513"}],"curies":[{"name":"wp","href":"https:\/\/api.w.org\/{rel}","templated":true}]}}