{"id":8262,"date":"2024-01-16T12:11:59","date_gmt":"2024-01-16T11:11:59","guid":{"rendered":"http:\/\/dev.abellaires.com\/product\/degustation-de-miel\/"},"modified":"2025-04-10T16:38:36","modified_gmt":"2025-04-10T14:38:36","slug":"degustation-de-miel","status":"publish","type":"product","link":"https:\/\/www.abellaires.com\/fr\/produit\/degustation-de-miel\/","title":{"rendered":"D\u00e9gustation de miel"},"content":{"rendered":"<div class=\"fusion-text fusion-text-2\">\n<p>\u00c0 PRENDRE EN COMPTE<\/p>\n<p style=\"text-align: left;\"><strong>Annulations:<\/strong><\/p>\n<ul>\n<li style=\"text-align: left;\">L&rsquo;annulation de la r\u00e9servation communiqu\u00e9e 48 heures avant la visite entra\u00eenera une p\u00e9nalit\u00e9 de 10% du total de celle-ci.<\/li>\n<li style=\"text-align: left;\">L&rsquo;annulation de la r\u00e9servation durant les 48 heures pr\u00e9c\u00e9dant le jour de l&rsquo;exp\u00e9rience entra\u00eenera la perte du montant total de la r\u00e9servation (vous avez l&rsquo;option de c\u00e9der votre r\u00e9servation \u00e0 des tiers, \u00e0 condition de nous en informer pr\u00e9alablement).<\/li>\n<\/ul>\n<\/div>\n","protected":false},"excerpt":{"rendered":"<p>Voulez-vous d\u00e9couvrir le monde des abeilles et d\u00e9guster du miel?<\/p>\n<p>Chez Abellaires Empordanesos, nous vous offrons l&rsquo;opportunit\u00e9 de participer \u00e0 une d\u00e9gustation guid\u00e9e des miels les plus repr\u00e9sentatifs de notre boutique et d&rsquo;apprendre sur le travail des abeilles et leur importance.<\/p>\n","protected":false},"featured_media":10388,"template":"","meta":{"inline_featured_image":false},"product_brand":[],"product_cat":[211,540],"product_tag":[],"class_list":{"0":"post-8262","1":"product","2":"type-product","3":"status-publish","4":"has-post-thumbnail","6":"product_cat-reserva-fr","7":"product_cat-visites-fr","9":"first","10":"instock","11":"virtual","12":"sold-individually","13":"purchasable","14":"product-type-booking"},"booking_location":"","booking_location_type":"","booking_duration":1,"booking_buffer":0,"booking_cost":0,"booking_resources":[],"_links":{"self":[{"href":"https:\/\/www.abellaires.com\/fr\/wp-json\/wp\/v2\/product\/8262","targetHints":{"allow":["GET"]}}],"collection":[{"href":"https:\/\/www.abellaires.com\/fr\/wp-json\/wp\/v2\/product"}],"about":[{"href":"https:\/\/www.abellaires.com\/fr\/wp-json\/wp\/v2\/types\/product"}],"wp:featuredmedia":[{"embeddable":true,"href":"https:\/\/www.abellaires.com\/fr\/wp-json\/wp\/v2\/media\/10388"}],"wp:attachment":[{"href":"https:\/\/www.abellaires.com\/fr\/wp-json\/wp\/v2\/media?parent=8262"}],"wp:term":[{"taxonomy":"product_brand","embeddable":true,"href":"https:\/\/www.abellaires.com\/fr\/wp-json\/wp\/v2\/product_brand?post=8262"},{"taxonomy":"product_cat","embeddable":true,"href":"https:\/\/www.abellaires.com\/fr\/wp-json\/wp\/v2\/product_cat?post=8262"},{"taxonomy":"product_tag","embeddable":true,"href":"https:\/\/www.abellaires.com\/fr\/wp-json\/wp\/v2\/product_tag?post=8262"}],"curies":[{"name":"wp","href":"https:\/\/api.w.org\/{rel}","templated":true}]}}